{"id":3830,"date":"2023-10-28T17:59:20","date_gmt":"2023-10-28T17:59:20","guid":{"rendered":"https:\/\/yournordichome.com\/product\/pingo-basket-w-lid-nature-water-hyacinth\/"},"modified":"2025-09-20T08:49:53","modified_gmt":"2025-09-20T08:49:53","slug":"pingo-kos-s-vikem-nature-vodni-hyacint","status":"publish","type":"product","link":"https:\/\/yournordichome.com\/cs\/product\/pingo-basket-w-lid-nature-water-hyacinth\/","title":{"rendered":"Ko\u0161\u00edk Pingo s v\u00edkem, P\u0159\u00edroda, Vodn\u00ed hyacint"},"content":{"rendered":"<p><strong>Pingo Basket<\/strong> s v\u00edkem od Bloomingville MINI m\u00e1 p\u0159ehled o v\u0161ech hra\u010dk\u00e1ch! Ko\u0161\u00edk ve tvaru pt\u00e1\u010dka m\u00e1 v\u00edko, kter\u00e9 lze snadno odejmout, tak\u017ee mal\u00e9 ru\u010di\u010dky mohou snadno br\u00e1t ply\u0161\u00e1ky a hra\u010dky.<\/p>\n<p>Rozm\u011bry v\u00fdrobku: D44xV47x\u016038 cm<br \/>\nBarva: p\u0159\u00edrodn\u00ed<br \/>\nSlo\u017een\u00ed: Slo\u017een\u00ed: vodn\u00ed hyacint, \u017eelezo<\/p>","protected":false},"excerpt":{"rendered":"<p>Ko\u0161\u00edk Pingo s v\u00edkem z vodn\u00edho hyacintu, kter\u00fd je ide\u00e1ln\u00ed pro skladov\u00e1n\u00ed a z\u00e1rove\u0148 je z\u00e1bavn\u00fdm kamar\u00e1dem na hran\u00ed.<\/p>","protected":false},"featured_media":3811,"comment_status":"closed","ping_status":"closed","template":"","meta":{"_acf_changed":false,"_kad_post_transparent":"default","_kad_post_title":"","_kad_post_layout":"default","_kad_post_sidebar_id":"","_kad_post_content_style":"default","_kad_post_vertical_padding":"default","_kad_post_feature":"","_kad_post_feature_position":"","_kad_post_header":false,"_kad_post_footer":false,"_kad_post_classname":""},"pwb-brand":[17],"product_brand":[],"product_cat":[77,47],"product_tag":[148,398,397,34,396],"gyarto":[],"class_list":{"0":"post-3830","1":"product","2":"type-product","3":"status-publish","4":"has-post-thumbnail","6":"pwb-brand-bloomingville","7":"product_cat-childrens-furniture","8":"product_cat-kids","9":"product_tag-kids-room-storage","10":"product_tag-nordic-design","11":"product_tag-nordic-home","12":"product_tag-nordic-interior-design","13":"product_tag-nordic-style","14":"pa_colour-nature","15":"pa_material-water-hyacinth","17":"first","18":"outofstock","19":"taxable","20":"shipping-taxable","21":"purchasable","22":"product-type-simple","23":"entry","24":"content-bg","25":"loop-entry"},"acf":[],"brands":[{"id":17,"name":"Bloomingville","slug":"bloomingville"}],"_links":{"self":[{"href":"https:\/\/yournordichome.com\/cs\/wp-json\/wp\/v2\/product\/3830","targetHints":{"allow":["GET"]}}],"collection":[{"href":"https:\/\/yournordichome.com\/cs\/wp-json\/wp\/v2\/product"}],"about":[{"href":"https:\/\/yournordichome.com\/cs\/wp-json\/wp\/v2\/types\/product"}],"replies":[{"embeddable":true,"href":"https:\/\/yournordichome.com\/cs\/wp-json\/wp\/v2\/comments?post=3830"}],"wp:featuredmedia":[{"embeddable":true,"href":"https:\/\/yournordichome.com\/cs\/wp-json\/wp\/v2\/media\/3811"}],"wp:attachment":[{"href":"https:\/\/yournordichome.com\/cs\/wp-json\/wp\/v2\/media?parent=3830"}],"wp:term":[{"taxonomy":"pwb-brand","embeddable":true,"href":"https:\/\/yournordichome.com\/cs\/wp-json\/wp\/v2\/pwb-brand?post=3830"},{"taxonomy":"product_brand","embeddable":true,"href":"https:\/\/yournordichome.com\/cs\/wp-json\/wp\/v2\/product_brand?post=3830"},{"taxonomy":"product_cat","embeddable":true,"href":"https:\/\/yournordichome.com\/cs\/wp-json\/wp\/v2\/product_cat?post=3830"},{"taxonomy":"product_tag","embeddable":true,"href":"https:\/\/yournordichome.com\/cs\/wp-json\/wp\/v2\/product_tag?post=3830"},{"taxonomy":"gyarto","embeddable":true,"href":"https:\/\/yournordichome.com\/cs\/wp-json\/wp\/v2\/gyarto?post=3830"}],"curies":[{"name":"wp","href":"https:\/\/api.w.org\/{rel}","templated":true}]}}