{"id":3828,"date":"2023-10-28T17:59:20","date_gmt":"2023-10-28T17:59:20","guid":{"rendered":"https:\/\/yournordichome.com\/product\/round-rug-blue-cotton\/"},"modified":"2025-12-01T00:19:06","modified_gmt":"2025-12-01T00:19:06","slug":"kulaty-koberec-modra-bavlna","status":"publish","type":"product","link":"https:\/\/yournordichome.com\/cs\/product\/round-rug-blue-cotton\/","title":{"rendered":"Kulat\u00fd koberec, modr\u00fd, bavlna"},"content":{"rendered":"<p><strong>Kulat\u00fd koberec<\/strong> by Bloomingville MINI je bavln\u011bn\u00fd koberec se zaoblen\u00fdmi tvary a roztomilou hlavou lva. Koberec je v\u0161\u00edvan\u00fd a \u00fatuln\u00fd s mal\u00fdmi t\u0159\u00e1sn\u011bmi po obvodu. D\u00edky bavln\u011bn\u00e9mu materi\u00e1lu je koberec odoln\u00fd - ide\u00e1ln\u00ed do d\u011btsk\u00e9ho pokoje.<\/p>\n<p>Rozm\u011bry v\u00fdrobku: D\u00e9lka: D130 cm<br \/>\nBarva: modr\u00e1<br \/>\nSlo\u017een\u00ed: 100% Bavlna<br \/>\nB\u011blen\u00ed: Ne<br \/>\nBarevn\u00e1 \u00faprava: Barven\u00e1 p\u0159\u00edze<br \/>\nChemick\u00e9 \u010di\u0161t\u011bn\u00ed: Ne<br \/>\n\u017dehlen\u00ed: \u017d\u00e1dn\u00e9<br \/>\nPovrchov\u00e1 \u00faprava v\u00fdrobku: Tkan\u00fd<br \/>\nDal\u0161\u00ed specifikace: Tufted<\/p>","protected":false},"excerpt":{"rendered":"<p>Kulat\u00fd koberec z bavlny s kr\u00e1snou hlavou lva.<\/p>","protected":false},"featured_media":3816,"comment_status":"closed","ping_status":"closed","template":"","meta":{"_acf_changed":false,"_kad_post_transparent":"default","_kad_post_title":"","_kad_post_layout":"default","_kad_post_sidebar_id":"","_kad_post_content_style":"default","_kad_post_vertical_padding":"default","_kad_post_feature":"","_kad_post_feature_position":"","_kad_post_header":false,"_kad_post_footer":false,"_kad_post_classname":""},"pwb-brand":[17],"product_brand":[],"product_cat":[88,65],"product_tag":[82,79,1109,398,397,34,396,80],"gyarto":[],"class_list":{"0":"post-3828","1":"product","2":"type-product","3":"status-publish","4":"has-post-thumbnail","6":"pwb-brand-bloomingville","7":"product_cat-rug","8":"product_cat-rugs-and-textiles","9":"product_tag-carpet","10":"product_tag-cotton-rug","11":"product_tag-last-item-in-stock","12":"product_tag-nordic-design","13":"product_tag-nordic-home","14":"product_tag-nordic-interior-design","15":"product_tag-nordic-style","16":"product_tag-nordic-style-rug","17":"pa_colour-multi","18":"pa_material-cotton","20":"first","21":"instock","22":"taxable","23":"shipping-taxable","24":"purchasable","25":"product-type-simple","26":"entry","27":"content-bg","28":"loop-entry"},"acf":[],"brands":[{"id":17,"name":"Bloomingville","slug":"bloomingville"}],"_links":{"self":[{"href":"https:\/\/yournordichome.com\/cs\/wp-json\/wp\/v2\/product\/3828","targetHints":{"allow":["GET"]}}],"collection":[{"href":"https:\/\/yournordichome.com\/cs\/wp-json\/wp\/v2\/product"}],"about":[{"href":"https:\/\/yournordichome.com\/cs\/wp-json\/wp\/v2\/types\/product"}],"replies":[{"embeddable":true,"href":"https:\/\/yournordichome.com\/cs\/wp-json\/wp\/v2\/comments?post=3828"}],"wp:featuredmedia":[{"embeddable":true,"href":"https:\/\/yournordichome.com\/cs\/wp-json\/wp\/v2\/media\/3816"}],"wp:attachment":[{"href":"https:\/\/yournordichome.com\/cs\/wp-json\/wp\/v2\/media?parent=3828"}],"wp:term":[{"taxonomy":"pwb-brand","embeddable":true,"href":"https:\/\/yournordichome.com\/cs\/wp-json\/wp\/v2\/pwb-brand?post=3828"},{"taxonomy":"product_brand","embeddable":true,"href":"https:\/\/yournordichome.com\/cs\/wp-json\/wp\/v2\/product_brand?post=3828"},{"taxonomy":"product_cat","embeddable":true,"href":"https:\/\/yournordichome.com\/cs\/wp-json\/wp\/v2\/product_cat?post=3828"},{"taxonomy":"product_tag","embeddable":true,"href":"https:\/\/yournordichome.com\/cs\/wp-json\/wp\/v2\/product_tag?post=3828"},{"taxonomy":"gyarto","embeddable":true,"href":"https:\/\/yournordichome.com\/cs\/wp-json\/wp\/v2\/gyarto?post=3828"}],"curies":[{"name":"wp","href":"https:\/\/api.w.org\/{rel}","templated":true}]}}