{"id":3766,"date":"2023-10-28T12:05:52","date_gmt":"2023-10-28T12:05:52","guid":{"rendered":"https:\/\/yournordichome.com\/product\/runner-rug-purple-wool\/"},"modified":"2025-07-30T17:08:38","modified_gmt":"2025-07-30T17:08:38","slug":"bezec-koberec-fialova-vlna","status":"publish","type":"product","link":"https:\/\/yournordichome.com\/cs\/product\/runner-rug-purple-wool\/","title":{"rendered":"B\u011bhoun Koberec Fialov\u00e1 vlna"},"content":{"rendered":"<p><strong>Koberec Runner<\/strong> Bloomingville je jedine\u010dn\u00fd koberec s grafick\u00fdm vzorem minc\u00ed z bavlny a vlny ve fialov\u00fdch t\u00f3nech. Dod\u00e1 m\u00edstnosti teplo a osobit\u00fd v\u00fdraz a m\u016f\u017eete ho stylizovat do jak\u00e9koli m\u00edstnosti.<\/p>\n<p>Rozm\u011bry v\u00fdrobku: D245x\u016075 cm<br \/>\nBarva: Fialov\u00e1<br \/>\nSlo\u017een\u00ed: 79% vlna, 19% polyester, 2% ostatn\u00ed vl\u00e1kna.<br \/>\nB\u011blen\u00ed: Ne<br \/>\nBarevn\u00e1 \u00faprava: Barven\u00e1 p\u0159\u00edze<br \/>\nChemick\u00e9 \u010di\u0161t\u011bn\u00ed: \u010cist\u011bte na m\u00edst\u011b<br \/>\nSu\u0161en\u00ed: Ne<br \/>\n\u017dehlen\u00ed: \u017d\u00e1dn\u00e9<br \/>\nPovrchov\u00e1 \u00faprava v\u00fdrobku: Tkan\u00fd<\/p>","protected":false},"excerpt":{"rendered":"<p>B\u011bhounov\u00fd koberec s jedine\u010dn\u00fdm designem s grafick\u00fdm tkan\u00fdm vzorem minc\u00ed z bavlny a vlny ve fialov\u00fdch t\u00f3nech.<\/p>","protected":false},"featured_media":3748,"comment_status":"closed","ping_status":"closed","template":"","meta":{"_acf_changed":false,"_kad_post_transparent":"default","_kad_post_title":"","_kad_post_layout":"default","_kad_post_sidebar_id":"","_kad_post_content_style":"default","_kad_post_vertical_padding":"default","_kad_post_feature":"","_kad_post_feature_position":"","_kad_post_header":false,"_kad_post_footer":false,"_kad_post_classname":""},"pwb-brand":[17],"product_brand":[],"product_cat":[88,65],"product_tag":[82,79,398,397,34,396,80],"gyarto":[],"class_list":{"0":"post-3766","1":"product","2":"type-product","3":"status-publish","4":"has-post-thumbnail","6":"pwb-brand-bloomingville","7":"product_cat-rug","8":"product_cat-rugs-and-textiles","9":"product_tag-carpet","10":"product_tag-cotton-rug","11":"product_tag-nordic-design","12":"product_tag-nordic-home","13":"product_tag-nordic-interior-design","14":"product_tag-nordic-style","15":"product_tag-nordic-style-rug","16":"pa_colour-multi","17":"pa_colour-purple","18":"pa_material-wool","20":"first","21":"instock","22":"taxable","23":"shipping-taxable","24":"purchasable","25":"product-type-simple","26":"entry","27":"content-bg","28":"loop-entry"},"acf":[],"brands":[{"id":17,"name":"Bloomingville","slug":"bloomingville"}],"_links":{"self":[{"href":"https:\/\/yournordichome.com\/cs\/wp-json\/wp\/v2\/product\/3766","targetHints":{"allow":["GET"]}}],"collection":[{"href":"https:\/\/yournordichome.com\/cs\/wp-json\/wp\/v2\/product"}],"about":[{"href":"https:\/\/yournordichome.com\/cs\/wp-json\/wp\/v2\/types\/product"}],"replies":[{"embeddable":true,"href":"https:\/\/yournordichome.com\/cs\/wp-json\/wp\/v2\/comments?post=3766"}],"wp:featuredmedia":[{"embeddable":true,"href":"https:\/\/yournordichome.com\/cs\/wp-json\/wp\/v2\/media\/3748"}],"wp:attachment":[{"href":"https:\/\/yournordichome.com\/cs\/wp-json\/wp\/v2\/media?parent=3766"}],"wp:term":[{"taxonomy":"pwb-brand","embeddable":true,"href":"https:\/\/yournordichome.com\/cs\/wp-json\/wp\/v2\/pwb-brand?post=3766"},{"taxonomy":"product_brand","embeddable":true,"href":"https:\/\/yournordichome.com\/cs\/wp-json\/wp\/v2\/product_brand?post=3766"},{"taxonomy":"product_cat","embeddable":true,"href":"https:\/\/yournordichome.com\/cs\/wp-json\/wp\/v2\/product_cat?post=3766"},{"taxonomy":"product_tag","embeddable":true,"href":"https:\/\/yournordichome.com\/cs\/wp-json\/wp\/v2\/product_tag?post=3766"},{"taxonomy":"gyarto","embeddable":true,"href":"https:\/\/yournordichome.com\/cs\/wp-json\/wp\/v2\/gyarto?post=3766"}],"curies":[{"name":"wp","href":"https:\/\/api.w.org\/{rel}","templated":true}]}}