{"id":3762,"date":"2023-10-28T12:05:52","date_gmt":"2023-10-28T12:05:52","guid":{"rendered":"https:\/\/yournordichome.com\/product\/rug-black-cotton-120-x-180-cm\/"},"modified":"2025-07-30T17:08:12","modified_gmt":"2025-07-30T17:08:12","slug":"koberec-cerny-bavlneny-120-x-180-cm","status":"publish","type":"product","link":"https:\/\/yournordichome.com\/cs\/product\/rug-black-cotton-120-x-180-cm\/","title":{"rendered":"Koberec \u010dern\u00fd bavln\u011bn\u00fd 120 x 180 cm"},"content":{"rendered":"<p><strong>Koberec<\/strong> Bloomingville je kr\u00e1sn\u00fd obd\u00e9ln\u00edkov\u00fd koberec s geometrick\u00fdm vzorem v \u010dern\u00e9 barv\u011b. Koberec je vyroben z bavlny. Elegantn\u00ed estetika koberce vnese na dom\u00e1c\u00ed podlahu teplo.<\/p>\n<p>Rozm\u011bry v\u00fdrobku: Rozm\u011bry: D180x\u0160120 cm<br \/>\nBarva: \u010dern\u00e1<br \/>\nSlo\u017een\u00ed: 55% bavlna, 24% polyester, 21% visk\u00f3za.<br \/>\nB\u011blen\u00ed: Ne<br \/>\nChemick\u00e9 \u010di\u0161t\u011bn\u00ed: Ne<br \/>\nSu\u0161en\u00ed: Ploch\u00e9 su\u0161en\u00ed<br \/>\n\u017dehlen\u00ed: Ne<br \/>\nPovrchov\u00e1 \u00faprava v\u00fdrobku: Tkan\u00fd<\/p>","protected":false},"excerpt":{"rendered":"<p>Koberec z bavlny s geometrick\u00fdm vzorem v \u010dern\u00e9 barv\u011b.<\/p>","protected":false},"featured_media":3742,"comment_status":"closed","ping_status":"closed","template":"","meta":{"_acf_changed":false,"_kad_post_transparent":"default","_kad_post_title":"","_kad_post_layout":"default","_kad_post_sidebar_id":"","_kad_post_content_style":"default","_kad_post_vertical_padding":"default","_kad_post_feature":"","_kad_post_feature_position":"","_kad_post_header":false,"_kad_post_footer":false,"_kad_post_classname":""},"pwb-brand":[17],"product_brand":[],"product_cat":[88,65],"product_tag":[82,79,398,397,34,396,80],"gyarto":[],"class_list":{"0":"post-3762","1":"product","2":"type-product","3":"status-publish","4":"has-post-thumbnail","6":"pwb-brand-bloomingville","7":"product_cat-rug","8":"product_cat-rugs-and-textiles","9":"product_tag-carpet","10":"product_tag-cotton-rug","11":"product_tag-nordic-design","12":"product_tag-nordic-home","13":"product_tag-nordic-interior-design","14":"product_tag-nordic-style","15":"product_tag-nordic-style-rug","16":"pa_colour-black","17":"pa_material-cotton","19":"first","20":"instock","21":"taxable","22":"shipping-taxable","23":"purchasable","24":"product-type-simple","25":"entry","26":"content-bg","27":"loop-entry"},"acf":[],"brands":[{"id":17,"name":"Bloomingville","slug":"bloomingville"}],"_links":{"self":[{"href":"https:\/\/yournordichome.com\/cs\/wp-json\/wp\/v2\/product\/3762","targetHints":{"allow":["GET"]}}],"collection":[{"href":"https:\/\/yournordichome.com\/cs\/wp-json\/wp\/v2\/product"}],"about":[{"href":"https:\/\/yournordichome.com\/cs\/wp-json\/wp\/v2\/types\/product"}],"replies":[{"embeddable":true,"href":"https:\/\/yournordichome.com\/cs\/wp-json\/wp\/v2\/comments?post=3762"}],"wp:featuredmedia":[{"embeddable":true,"href":"https:\/\/yournordichome.com\/cs\/wp-json\/wp\/v2\/media\/3742"}],"wp:attachment":[{"href":"https:\/\/yournordichome.com\/cs\/wp-json\/wp\/v2\/media?parent=3762"}],"wp:term":[{"taxonomy":"pwb-brand","embeddable":true,"href":"https:\/\/yournordichome.com\/cs\/wp-json\/wp\/v2\/pwb-brand?post=3762"},{"taxonomy":"product_brand","embeddable":true,"href":"https:\/\/yournordichome.com\/cs\/wp-json\/wp\/v2\/product_brand?post=3762"},{"taxonomy":"product_cat","embeddable":true,"href":"https:\/\/yournordichome.com\/cs\/wp-json\/wp\/v2\/product_cat?post=3762"},{"taxonomy":"product_tag","embeddable":true,"href":"https:\/\/yournordichome.com\/cs\/wp-json\/wp\/v2\/product_tag?post=3762"},{"taxonomy":"gyarto","embeddable":true,"href":"https:\/\/yournordichome.com\/cs\/wp-json\/wp\/v2\/gyarto?post=3762"}],"curies":[{"name":"wp","href":"https:\/\/api.w.org\/{rel}","templated":true}]}}