{"id":3761,"date":"2023-10-28T12:05:52","date_gmt":"2023-10-28T12:05:52","guid":{"rendered":"https:\/\/yournordichome.com\/product\/dog-basket-brown-cotton\/"},"modified":"2025-07-30T17:08:27","modified_gmt":"2025-07-30T17:08:27","slug":"kosik-pro-psa-hneda-bavlna","status":"publish","type":"product","link":"https:\/\/yournordichome.com\/cs\/product\/dog-basket-brown-cotton\/","title":{"rendered":"Ko\u0161\u00edk pro psy, hn\u011bd\u00fd, bavlna"},"content":{"rendered":"<p><strong>Ko\u0161\u00edk pro psy<\/strong> Bloomingville je vyroben z bavlny v hn\u011bdav\u00fdch odst\u00ednech. Pol\u0161t\u00e1\u0159ek zdob\u00ed \u00fatuln\u00fd kv\u011btinov\u00fd vzor, d\u00edky kter\u00e9mu se hod\u00ed do ka\u017ed\u00e9 dom\u00e1cnosti a v\u00e1\u0161 pes na n\u011bm bude cht\u00edt le\u017eet cel\u00fd den.<\/p>\n<p>Rozm\u011bry v\u00fdrobku: D60xH15 cm<br \/>\nBarva: hn\u011bd\u00e1<br \/>\nSlo\u017een\u00ed: 100% Bavlna, v\u00fdpl\u0148: Slo\u017een\u00ed: 100% Polyester<br \/>\nZip: Plastov\u00fd<br \/>\nB\u011blen\u00ed: Ne<br \/>\nBarevn\u00e9 proveden\u00ed: Tisk<br \/>\nChemick\u00e9 \u010di\u0161t\u011bn\u00ed: Ne<br \/>\nSu\u0161ic\u00ed buben: N\u00edzk\u00e1<br \/>\n\u017dehlen\u00ed: St\u0159edn\u00ed<br \/>\nPovrchov\u00e1 \u00faprava v\u00fdrobku: Tkan\u00fd<br \/>\nPokyny k pran\u00ed: Pran\u00ed v pra\u010dce na 40 stup\u0148\u016f<\/p>","protected":false},"excerpt":{"rendered":"<p>Ko\u0161\u00edk pro psy z bavlny v hn\u011bd\u00fdch odst\u00ednech. \u00datuln\u00e9 m\u00edsto pro va\u0161eho dom\u00e1c\u00edho mazl\u00ed\u010dka, kr\u00e1sn\u00e1 dekorace do dom\u00e1cnosti.<\/p>","protected":false},"featured_media":3723,"comment_status":"closed","ping_status":"closed","template":"","meta":{"_acf_changed":false,"_kad_post_transparent":"default","_kad_post_title":"","_kad_post_layout":"default","_kad_post_sidebar_id":"","_kad_post_content_style":"default","_kad_post_vertical_padding":"default","_kad_post_feature":"","_kad_post_feature_position":"","_kad_post_header":false,"_kad_post_footer":false,"_kad_post_classname":""},"pwb-brand":[17],"product_brand":[],"product_cat":[94,108],"product_tag":[398,397,34,396],"gyarto":[],"class_list":{"0":"post-3761","1":"product","2":"type-product","3":"status-publish","4":"has-post-thumbnail","6":"pwb-brand-bloomingville","7":"product_cat-furniture","8":"product_cat-home-accesories-furniture","9":"product_tag-nordic-design","10":"product_tag-nordic-home","11":"product_tag-nordic-interior-design","12":"product_tag-nordic-style","13":"pa_colour-multi","14":"pa_material-cotton","16":"first","17":"instock","18":"taxable","19":"shipping-taxable","20":"purchasable","21":"product-type-simple","22":"entry","23":"content-bg","24":"loop-entry"},"acf":[],"brands":[{"id":17,"name":"Bloomingville","slug":"bloomingville"}],"_links":{"self":[{"href":"https:\/\/yournordichome.com\/cs\/wp-json\/wp\/v2\/product\/3761","targetHints":{"allow":["GET"]}}],"collection":[{"href":"https:\/\/yournordichome.com\/cs\/wp-json\/wp\/v2\/product"}],"about":[{"href":"https:\/\/yournordichome.com\/cs\/wp-json\/wp\/v2\/types\/product"}],"replies":[{"embeddable":true,"href":"https:\/\/yournordichome.com\/cs\/wp-json\/wp\/v2\/comments?post=3761"}],"wp:featuredmedia":[{"embeddable":true,"href":"https:\/\/yournordichome.com\/cs\/wp-json\/wp\/v2\/media\/3723"}],"wp:attachment":[{"href":"https:\/\/yournordichome.com\/cs\/wp-json\/wp\/v2\/media?parent=3761"}],"wp:term":[{"taxonomy":"pwb-brand","embeddable":true,"href":"https:\/\/yournordichome.com\/cs\/wp-json\/wp\/v2\/pwb-brand?post=3761"},{"taxonomy":"product_brand","embeddable":true,"href":"https:\/\/yournordichome.com\/cs\/wp-json\/wp\/v2\/product_brand?post=3761"},{"taxonomy":"product_cat","embeddable":true,"href":"https:\/\/yournordichome.com\/cs\/wp-json\/wp\/v2\/product_cat?post=3761"},{"taxonomy":"product_tag","embeddable":true,"href":"https:\/\/yournordichome.com\/cs\/wp-json\/wp\/v2\/product_tag?post=3761"},{"taxonomy":"gyarto","embeddable":true,"href":"https:\/\/yournordichome.com\/cs\/wp-json\/wp\/v2\/gyarto?post=3761"}],"curies":[{"name":"wp","href":"https:\/\/api.w.org\/{rel}","templated":true}]}}