{"id":3694,"date":"2023-10-28T10:18:08","date_gmt":"2023-10-28T10:18:08","guid":{"rendered":"https:\/\/yournordichome.com\/product\/balloon-shelf-nature-seagrass\/"},"modified":"2026-04-15T07:09:04","modified_gmt":"2026-04-15T07:09:04","slug":"balon-self-priroda-morska-trava","status":"publish","type":"product","link":"https:\/\/yournordichome.com\/cs\/product\/balloon-shelf-nature-seagrass\/","title":{"rendered":"Bal\u00f3nov\u00e1 police, P\u0159\u00edroda, Mo\u0159sk\u00e1 tr\u00e1va"},"content":{"rendered":"<p><strong>Bal\u00f3nov\u00e1 police<\/strong> by Bloomingville MINI je vyroben z mo\u0159sk\u00e9 tr\u00e1vy, kter\u00e1 dod\u00e1v\u00e1 m\u00edstnosti tepl\u00fd a p\u0159irozen\u00fd vzhled. Police m\u00e1 tvar horkovzdu\u0161n\u00e9ho balonu a je ide\u00e1ln\u00ed pro ukl\u00e1d\u00e1n\u00ed obl\u00edben\u00fdch d\u011btsk\u00fdch drobnost\u00ed a hra\u010dek. Vzhledem k pou\u017eit\u00fdm materi\u00e1l\u016fm se mohou vyskytnout odchylky.<\/p>\n<p>Rozm\u011bry v\u00fdrobku: D59xV105x\u016013 cm<br \/>\nBarva: p\u0159\u00edrodn\u00ed<br \/>\nSlo\u017een\u00ed: Materi\u00e1l: mo\u0159sk\u00e1 tr\u00e1va, \u017eelezo<br \/>\nMaxim\u00e1ln\u00ed nosnost: 5 kg na polici<br \/>\nPokyny pro p\u00e9\u010di: Ot\u0159ete vlhk\u00fdm had\u0159\u00edkem.<br \/>\nMohou se vyskytnout odchylky zp\u016fsoben\u00e9 materi\u00e1ly<\/p>","protected":false},"excerpt":{"rendered":"<p>N\u00e1st\u011bnn\u00e1 police ve tvaru balonu z mo\u0159sk\u00e9 tr\u00e1vy v p\u0159\u00edrodn\u00ed barv\u011b do d\u011btsk\u00e9ho pokoje.<\/p>","protected":false},"featured_media":3623,"comment_status":"closed","ping_status":"closed","template":"","meta":{"_acf_changed":false,"_kad_post_transparent":"default","_kad_post_title":"","_kad_post_layout":"default","_kad_post_sidebar_id":"","_kad_post_content_style":"default","_kad_post_vertical_padding":"default","_kad_post_feature":"","_kad_post_feature_position":"","_kad_post_header":false,"_kad_post_footer":false,"_kad_post_classname":""},"pwb-brand":[17],"product_brand":[],"product_cat":[77,47],"product_tag":[398,397,34,396],"gyarto":[],"class_list":{"0":"post-3694","1":"product","2":"type-product","3":"status-publish","4":"has-post-thumbnail","6":"pwb-brand-bloomingville","7":"product_cat-childrens-furniture","8":"product_cat-kids","9":"product_tag-nordic-design","10":"product_tag-nordic-home","11":"product_tag-nordic-interior-design","12":"product_tag-nordic-style","13":"pa_colour-nature","14":"pa_material-seagrass","16":"first","17":"instock","18":"taxable","19":"shipping-taxable","20":"purchasable","21":"product-type-simple","22":"entry","23":"content-bg","24":"loop-entry"},"acf":[],"brands":[{"id":17,"name":"Bloomingville","slug":"bloomingville"}],"_links":{"self":[{"href":"https:\/\/yournordichome.com\/cs\/wp-json\/wp\/v2\/product\/3694","targetHints":{"allow":["GET"]}}],"collection":[{"href":"https:\/\/yournordichome.com\/cs\/wp-json\/wp\/v2\/product"}],"about":[{"href":"https:\/\/yournordichome.com\/cs\/wp-json\/wp\/v2\/types\/product"}],"replies":[{"embeddable":true,"href":"https:\/\/yournordichome.com\/cs\/wp-json\/wp\/v2\/comments?post=3694"}],"wp:featuredmedia":[{"embeddable":true,"href":"https:\/\/yournordichome.com\/cs\/wp-json\/wp\/v2\/media\/3623"}],"wp:attachment":[{"href":"https:\/\/yournordichome.com\/cs\/wp-json\/wp\/v2\/media?parent=3694"}],"wp:term":[{"taxonomy":"pwb-brand","embeddable":true,"href":"https:\/\/yournordichome.com\/cs\/wp-json\/wp\/v2\/pwb-brand?post=3694"},{"taxonomy":"product_brand","embeddable":true,"href":"https:\/\/yournordichome.com\/cs\/wp-json\/wp\/v2\/product_brand?post=3694"},{"taxonomy":"product_cat","embeddable":true,"href":"https:\/\/yournordichome.com\/cs\/wp-json\/wp\/v2\/product_cat?post=3694"},{"taxonomy":"product_tag","embeddable":true,"href":"https:\/\/yournordichome.com\/cs\/wp-json\/wp\/v2\/product_tag?post=3694"},{"taxonomy":"gyarto","embeddable":true,"href":"https:\/\/yournordichome.com\/cs\/wp-json\/wp\/v2\/gyarto?post=3694"}],"curies":[{"name":"wp","href":"https:\/\/api.w.org\/{rel}","templated":true}]}}