{"id":3692,"date":"2023-10-28T10:18:08","date_gmt":"2023-10-28T10:18:08","guid":{"rendered":"https:\/\/yournordichome.com\/product\/rug-brown-cotton-140-x-200-cm\/"},"modified":"2025-07-31T13:08:02","modified_gmt":"2025-07-31T13:08:02","slug":"koberec-hnedy-bavlneny-140-x-200-cm","status":"publish","type":"product","link":"https:\/\/yournordichome.com\/cs\/product\/rug-brown-cotton-140-x-200-cm\/","title":{"rendered":"Koberec hn\u011bd\u00fd bavlna 140 x 200 cm"},"content":{"rendered":"<p><strong>Koberec<\/strong> Bloomingville z bavlny s kr\u00e1sn\u00fdm v\u0161\u00edvan\u00fdm grafick\u00fdm vzorem. V m\u00edstnosti vytvo\u0159\u00ed \u00fatulnou atmosf\u00e9ru.<\/p>\n<p>Rozm\u011bry v\u00fdrobku: Rozm\u011bry: D200x\u0160140 cm<br \/>\nBarva: hn\u011bd\u00e1<br \/>\nSlo\u017een\u00ed: 100% Bavlna<br \/>\nB\u011blen\u00ed: Ne<br \/>\nBarevn\u00e1 \u00faprava: Barven\u00e1 p\u0159\u00edze<br \/>\nChemick\u00e9 \u010di\u0161t\u011bn\u00ed: Ne<br \/>\n\u017dehlen\u00ed: \u017d\u00e1dn\u00e9<br \/>\nPovrchov\u00e1 \u00faprava v\u00fdrobku: Tufted<\/p>","protected":false},"excerpt":{"rendered":"<p>Koberec z bavlny s v\u0161\u00edvan\u00fdm vzorem v kr\u00e1sn\u00e9 kombinaci modr\u00e9 a zemit\u00e9 barvy.<\/p>","protected":false},"featured_media":3657,"comment_status":"closed","ping_status":"closed","template":"","meta":{"_acf_changed":false,"_kad_post_transparent":"default","_kad_post_title":"","_kad_post_layout":"default","_kad_post_sidebar_id":"","_kad_post_content_style":"default","_kad_post_vertical_padding":"default","_kad_post_feature":"","_kad_post_feature_position":"","_kad_post_header":false,"_kad_post_footer":false,"_kad_post_classname":""},"pwb-brand":[17],"product_brand":[],"product_cat":[88,65],"product_tag":[82,79,398,397,34,396,80],"gyarto":[],"class_list":{"0":"post-3692","1":"product","2":"type-product","3":"status-publish","4":"has-post-thumbnail","6":"pwb-brand-bloomingville","7":"product_cat-rug","8":"product_cat-rugs-and-textiles","9":"product_tag-carpet","10":"product_tag-cotton-rug","11":"product_tag-nordic-design","12":"product_tag-nordic-home","13":"product_tag-nordic-interior-design","14":"product_tag-nordic-style","15":"product_tag-nordic-style-rug","16":"pa_colour-brown","17":"pa_material-cotton","19":"first","20":"instock","21":"taxable","22":"shipping-taxable","23":"purchasable","24":"product-type-simple","25":"entry","26":"content-bg","27":"loop-entry"},"acf":[],"brands":[{"id":17,"name":"Bloomingville","slug":"bloomingville"}],"_links":{"self":[{"href":"https:\/\/yournordichome.com\/cs\/wp-json\/wp\/v2\/product\/3692","targetHints":{"allow":["GET"]}}],"collection":[{"href":"https:\/\/yournordichome.com\/cs\/wp-json\/wp\/v2\/product"}],"about":[{"href":"https:\/\/yournordichome.com\/cs\/wp-json\/wp\/v2\/types\/product"}],"replies":[{"embeddable":true,"href":"https:\/\/yournordichome.com\/cs\/wp-json\/wp\/v2\/comments?post=3692"}],"wp:featuredmedia":[{"embeddable":true,"href":"https:\/\/yournordichome.com\/cs\/wp-json\/wp\/v2\/media\/3657"}],"wp:attachment":[{"href":"https:\/\/yournordichome.com\/cs\/wp-json\/wp\/v2\/media?parent=3692"}],"wp:term":[{"taxonomy":"pwb-brand","embeddable":true,"href":"https:\/\/yournordichome.com\/cs\/wp-json\/wp\/v2\/pwb-brand?post=3692"},{"taxonomy":"product_brand","embeddable":true,"href":"https:\/\/yournordichome.com\/cs\/wp-json\/wp\/v2\/product_brand?post=3692"},{"taxonomy":"product_cat","embeddable":true,"href":"https:\/\/yournordichome.com\/cs\/wp-json\/wp\/v2\/product_cat?post=3692"},{"taxonomy":"product_tag","embeddable":true,"href":"https:\/\/yournordichome.com\/cs\/wp-json\/wp\/v2\/product_tag?post=3692"},{"taxonomy":"gyarto","embeddable":true,"href":"https:\/\/yournordichome.com\/cs\/wp-json\/wp\/v2\/gyarto?post=3692"}],"curies":[{"name":"wp","href":"https:\/\/api.w.org\/{rel}","templated":true}]}}