{"id":3689,"date":"2023-10-28T10:18:08","date_gmt":"2023-10-28T10:18:08","guid":{"rendered":"https:\/\/yournordichome.com\/product\/runner-rug-blue-jute-75-x-245-cm\/"},"modified":"2025-07-31T13:10:36","modified_gmt":"2025-07-31T13:10:36","slug":"behoun-koberec-modra-juta-75-x-245-cm","status":"publish","type":"product","link":"https:\/\/yournordichome.com\/cs\/product\/runner-rug-blue-jute-75-x-245-cm\/","title":{"rendered":"B\u011bhoun Koberec Modr\u00e1 Juta 75 x 245 cm"},"content":{"rendered":"<p><strong>Koberec Runner<\/strong> Bloomingville z juty v p\u0159\u00edrodn\u00ed barv\u011b a modr\u00e9m vzoru. Koberec m\u00e1 na obou konc\u00edch ozdobn\u00e9 t\u0159\u00e1sn\u011b. Pou\u017eijte jej jako dekora\u010dn\u00ed koberec, kter\u00fd dod\u00e1 m\u00edstnosti h\u0159ejivou atmosf\u00e9ru.<\/p>\n<p>Rozm\u011bry v\u00fdrobku: D245x\u016075 cm<br \/>\nBarva: modr\u00e1<br \/>\nSlo\u017een\u00ed: 57% Juta, 28% Vlna, 14% Bavlna, 1% Ostatn\u00ed vl\u00e1kna.<br \/>\nB\u011blen\u00ed: Ne<br \/>\nBarevn\u00e1 \u00faprava: Barven\u00e1 p\u0159\u00edze<br \/>\nChemick\u00e9 \u010di\u0161t\u011bn\u00ed: \u010cist\u011bte na m\u00edst\u011b<br \/>\nN\u00e1pl\u0148: \u017d\u00e1dn\u00e9<br \/>\n\u017dehlen\u00ed: \u017d\u00e1dn\u00e9<br \/>\nPovrchov\u00e1 \u00faprava v\u00fdrobku: Tkan\u00fd<\/p>","protected":false},"excerpt":{"rendered":"<p>B\u011bhounov\u00fd koberec z juty v p\u0159\u00edrodn\u00ed barv\u011b s kr\u00e1sn\u011b tkan\u00fdm modr\u00fdm vzorem.<\/p>","protected":false},"featured_media":3649,"comment_status":"closed","ping_status":"closed","template":"","meta":{"_acf_changed":false,"_kad_post_transparent":"default","_kad_post_title":"","_kad_post_layout":"default","_kad_post_sidebar_id":"","_kad_post_content_style":"default","_kad_post_vertical_padding":"default","_kad_post_feature":"","_kad_post_feature_position":"","_kad_post_header":false,"_kad_post_footer":false,"_kad_post_classname":""},"pwb-brand":[17],"product_brand":[],"product_cat":[88,65],"product_tag":[82,112,398,397,34,396,80,262],"gyarto":[],"class_list":{"0":"post-3689","1":"product","2":"type-product","3":"status-publish","4":"has-post-thumbnail","6":"pwb-brand-bloomingville","7":"product_cat-rug","8":"product_cat-rugs-and-textiles","9":"product_tag-carpet","10":"product_tag-jute-rug","11":"product_tag-nordic-design","12":"product_tag-nordic-home","13":"product_tag-nordic-interior-design","14":"product_tag-nordic-style","15":"product_tag-nordic-style-rug","16":"product_tag-runner-rug","17":"pa_colour-blue","18":"pa_colour-nature","19":"pa_material-jute","21":"first","22":"instock","23":"taxable","24":"shipping-taxable","25":"purchasable","26":"product-type-simple","27":"entry","28":"content-bg","29":"loop-entry"},"acf":[],"brands":[{"id":17,"name":"Bloomingville","slug":"bloomingville"}],"_links":{"self":[{"href":"https:\/\/yournordichome.com\/cs\/wp-json\/wp\/v2\/product\/3689","targetHints":{"allow":["GET"]}}],"collection":[{"href":"https:\/\/yournordichome.com\/cs\/wp-json\/wp\/v2\/product"}],"about":[{"href":"https:\/\/yournordichome.com\/cs\/wp-json\/wp\/v2\/types\/product"}],"replies":[{"embeddable":true,"href":"https:\/\/yournordichome.com\/cs\/wp-json\/wp\/v2\/comments?post=3689"}],"wp:featuredmedia":[{"embeddable":true,"href":"https:\/\/yournordichome.com\/cs\/wp-json\/wp\/v2\/media\/3649"}],"wp:attachment":[{"href":"https:\/\/yournordichome.com\/cs\/wp-json\/wp\/v2\/media?parent=3689"}],"wp:term":[{"taxonomy":"pwb-brand","embeddable":true,"href":"https:\/\/yournordichome.com\/cs\/wp-json\/wp\/v2\/pwb-brand?post=3689"},{"taxonomy":"product_brand","embeddable":true,"href":"https:\/\/yournordichome.com\/cs\/wp-json\/wp\/v2\/product_brand?post=3689"},{"taxonomy":"product_cat","embeddable":true,"href":"https:\/\/yournordichome.com\/cs\/wp-json\/wp\/v2\/product_cat?post=3689"},{"taxonomy":"product_tag","embeddable":true,"href":"https:\/\/yournordichome.com\/cs\/wp-json\/wp\/v2\/product_tag?post=3689"},{"taxonomy":"gyarto","embeddable":true,"href":"https:\/\/yournordichome.com\/cs\/wp-json\/wp\/v2\/gyarto?post=3689"}],"curies":[{"name":"wp","href":"https:\/\/api.w.org\/{rel}","templated":true}]}}