{"id":3531,"date":"2023-10-23T14:35:20","date_gmt":"2023-10-23T14:35:20","guid":{"rendered":"https:\/\/yournordichome.com\/product\/daybed-black-bamboo\/"},"modified":"2025-07-31T13:12:07","modified_gmt":"2025-07-31T13:12:07","slug":"denni-luzko-z-cerneho-bambusu","status":"publish","type":"product","link":"https:\/\/yournordichome.com\/cs\/product\/daybed-black-bamboo\/","title":{"rendered":"Denn\u00ed postel, \u010dern\u00e1, bambus"},"content":{"rendered":"<p><strong>Denn\u00ed l\u016f\u017eko<\/strong> Bloomingville z bambusu se sed\u00e1kem z \u010dern\u00e9ho polyesteru, kter\u00fd je na lavici ru\u010dn\u011b vetk\u00e1n. Pou\u017eijte ji na balkon\u011b, mal\u00e9 terase nebo na zahrad\u011b. Doporu\u010dujeme ji um\u00edstit do kryt\u00e9ho prostoru.<\/p>\n<p>Rozm\u011bry v\u00fdrobku: D\u00e9lka: 190xV40x\u016070 cm<br \/>\nBarva: \u010dern\u00e1<br \/>\nSlo\u017een\u00ed: Bambus<br \/>\nMaxim\u00e1ln\u00ed nosnost: 120 kg<br \/>\nVenkovn\u00ed pou\u017eit\u00ed: Ano<br \/>\nMohou se vyskytnout odchylky zp\u016fsoben\u00e9 materi\u00e1lem.<br \/>\nPokyny pro p\u00e9\u010di: P\u0159i vystaven\u00ed vlhku bambus absorbuje prach a ne\u010distoty a jeho barva \u010dasem ze\u0161edne. Doporu\u010dujeme jej um\u00edstit do kryt\u00e9ho prostoru. \u010cist\u011bte vlhk\u00fdm had\u0159\u00edkem a pot\u00edrejte testovan\u00fdm olejem furiture.<\/p>","protected":false},"excerpt":{"rendered":"<p>Leh\u00e1tko z bambusu s organick\u00fdm, \u00fatuln\u00fdm a dom\u00e1ck\u00fdm vzhledem.<\/p>","protected":false},"featured_media":3474,"comment_status":"closed","ping_status":"closed","template":"","meta":{"_acf_changed":false,"_kad_post_transparent":"default","_kad_post_title":"","_kad_post_layout":"default","_kad_post_sidebar_id":"","_kad_post_content_style":"default","_kad_post_vertical_padding":"default","_kad_post_feature":"","_kad_post_feature_position":"","_kad_post_header":false,"_kad_post_footer":false,"_kad_post_classname":""},"pwb-brand":[17],"product_brand":[],"product_cat":[94,174],"product_tag":[160,34,33],"gyarto":[],"class_list":{"0":"post-3531","1":"product","2":"type-product","3":"status-publish","4":"has-post-thumbnail","6":"pwb-brand-bloomingville","7":"product_cat-furniture","8":"product_cat-garden-furniture","9":"product_tag-bamboo-furniture","10":"product_tag-nordic-interior-design","11":"product_tag-outdoor-furniture","12":"pa_colour-black","13":"pa_material-bamboo","15":"first","16":"instock","17":"taxable","18":"shipping-taxable","19":"purchasable","20":"product-type-simple","21":"entry","22":"content-bg","23":"loop-entry"},"acf":[],"brands":[{"id":17,"name":"Bloomingville","slug":"bloomingville"}],"_links":{"self":[{"href":"https:\/\/yournordichome.com\/cs\/wp-json\/wp\/v2\/product\/3531","targetHints":{"allow":["GET"]}}],"collection":[{"href":"https:\/\/yournordichome.com\/cs\/wp-json\/wp\/v2\/product"}],"about":[{"href":"https:\/\/yournordichome.com\/cs\/wp-json\/wp\/v2\/types\/product"}],"replies":[{"embeddable":true,"href":"https:\/\/yournordichome.com\/cs\/wp-json\/wp\/v2\/comments?post=3531"}],"wp:featuredmedia":[{"embeddable":true,"href":"https:\/\/yournordichome.com\/cs\/wp-json\/wp\/v2\/media\/3474"}],"wp:attachment":[{"href":"https:\/\/yournordichome.com\/cs\/wp-json\/wp\/v2\/media?parent=3531"}],"wp:term":[{"taxonomy":"pwb-brand","embeddable":true,"href":"https:\/\/yournordichome.com\/cs\/wp-json\/wp\/v2\/pwb-brand?post=3531"},{"taxonomy":"product_brand","embeddable":true,"href":"https:\/\/yournordichome.com\/cs\/wp-json\/wp\/v2\/product_brand?post=3531"},{"taxonomy":"product_cat","embeddable":true,"href":"https:\/\/yournordichome.com\/cs\/wp-json\/wp\/v2\/product_cat?post=3531"},{"taxonomy":"product_tag","embeddable":true,"href":"https:\/\/yournordichome.com\/cs\/wp-json\/wp\/v2\/product_tag?post=3531"},{"taxonomy":"gyarto","embeddable":true,"href":"https:\/\/yournordichome.com\/cs\/wp-json\/wp\/v2\/gyarto?post=3531"}],"curies":[{"name":"wp","href":"https:\/\/api.w.org\/{rel}","templated":true}]}}