{"id":3529,"date":"2023-10-23T14:35:20","date_gmt":"2023-10-23T14:35:20","guid":{"rendered":"https:\/\/yournordichome.com\/product\/rug-nature-cotton\/"},"modified":"2025-07-31T13:11:55","modified_gmt":"2025-07-31T13:11:55","slug":"koberec-priroda-bavlna","status":"publish","type":"product","link":"https:\/\/yournordichome.com\/cs\/product\/rug-nature-cotton\/","title":{"rendered":"Koberec, P\u0159\u00edroda, Bavlna"},"content":{"rendered":"<p><strong>Koberec<\/strong> Bloomingville v tepl\u00fdch barv\u00e1ch, kter\u00e9 vnesou do va\u0161eho domova \u00fatulnou atmosf\u00e9ru.<br \/>\nKoberec m\u00e1 obd\u00e9ln\u00edkov\u00fd tvar a skv\u011ble se hod\u00ed do ob\u00fdvac\u00edho pokoje - budete m\u00edt chu\u0165 chodit cel\u00fd den bos\u00ed!<\/p>\n<p>Rozm\u011bry v\u00fdrobku: Rozm\u011bry: L210x\u0160150 cm<br \/>\nBarva: p\u0159\u00edrodn\u00ed<br \/>\nSlo\u017een\u00ed: 100% Bavlna<br \/>\nBarevn\u00e1 \u00faprava: Barven\u00e1 p\u0159\u00edze<br \/>\nChemick\u00e9 \u010di\u0161t\u011bn\u00ed: \u010cist\u011bte na m\u00edst\u011b<br \/>\nPovrchov\u00e1 \u00faprava v\u00fdrobku: Tkan\u00fd<br \/>\nDal\u0161\u00ed specifikace: V\u0161\u00edvan\u00e9 detaily<\/p>","protected":false},"excerpt":{"rendered":"<p>Koberec ru\u010dn\u011b tkan\u00fd z bavlny v p\u0159\u00edrodn\u00ed barv\u011b, kter\u00fd m\u00e1 kr\u00e1sn\u00fd v\u0161\u00edvan\u00fd vzor vyroben\u00fd v r\u016fzn\u00fdch d\u00e9lk\u00e1ch.<\/p>","protected":false},"featured_media":3486,"comment_status":"closed","ping_status":"closed","template":"","meta":{"_acf_changed":false,"_kad_post_transparent":"default","_kad_post_title":"","_kad_post_layout":"default","_kad_post_sidebar_id":"","_kad_post_content_style":"default","_kad_post_vertical_padding":"default","_kad_post_feature":"","_kad_post_feature_position":"","_kad_post_header":false,"_kad_post_footer":false,"_kad_post_classname":""},"pwb-brand":[17],"product_brand":[],"product_cat":[88,65],"product_tag":[82,79,398,397,34,396,80],"gyarto":[],"class_list":{"0":"post-3529","1":"product","2":"type-product","3":"status-publish","4":"has-post-thumbnail","6":"pwb-brand-bloomingville","7":"product_cat-rug","8":"product_cat-rugs-and-textiles","9":"product_tag-carpet","10":"product_tag-cotton-rug","11":"product_tag-nordic-design","12":"product_tag-nordic-home","13":"product_tag-nordic-interior-design","14":"product_tag-nordic-style","15":"product_tag-nordic-style-rug","16":"pa_colour-nature","17":"pa_material-cotton","19":"first","20":"instock","21":"taxable","22":"shipping-taxable","23":"purchasable","24":"product-type-simple","25":"entry","26":"content-bg","27":"loop-entry"},"acf":[],"brands":[{"id":17,"name":"Bloomingville","slug":"bloomingville"}],"_links":{"self":[{"href":"https:\/\/yournordichome.com\/cs\/wp-json\/wp\/v2\/product\/3529","targetHints":{"allow":["GET"]}}],"collection":[{"href":"https:\/\/yournordichome.com\/cs\/wp-json\/wp\/v2\/product"}],"about":[{"href":"https:\/\/yournordichome.com\/cs\/wp-json\/wp\/v2\/types\/product"}],"replies":[{"embeddable":true,"href":"https:\/\/yournordichome.com\/cs\/wp-json\/wp\/v2\/comments?post=3529"}],"wp:featuredmedia":[{"embeddable":true,"href":"https:\/\/yournordichome.com\/cs\/wp-json\/wp\/v2\/media\/3486"}],"wp:attachment":[{"href":"https:\/\/yournordichome.com\/cs\/wp-json\/wp\/v2\/media?parent=3529"}],"wp:term":[{"taxonomy":"pwb-brand","embeddable":true,"href":"https:\/\/yournordichome.com\/cs\/wp-json\/wp\/v2\/pwb-brand?post=3529"},{"taxonomy":"product_brand","embeddable":true,"href":"https:\/\/yournordichome.com\/cs\/wp-json\/wp\/v2\/product_brand?post=3529"},{"taxonomy":"product_cat","embeddable":true,"href":"https:\/\/yournordichome.com\/cs\/wp-json\/wp\/v2\/product_cat?post=3529"},{"taxonomy":"product_tag","embeddable":true,"href":"https:\/\/yournordichome.com\/cs\/wp-json\/wp\/v2\/product_tag?post=3529"},{"taxonomy":"gyarto","embeddable":true,"href":"https:\/\/yournordichome.com\/cs\/wp-json\/wp\/v2\/gyarto?post=3529"}],"curies":[{"name":"wp","href":"https:\/\/api.w.org\/{rel}","templated":true}]}}