{"id":3428,"date":"2023-10-22T10:11:27","date_gmt":"2023-10-22T10:11:27","guid":{"rendered":"https:\/\/yournordichome.com\/product\/mug-brown-stoneware\/"},"modified":"2025-07-31T13:18:40","modified_gmt":"2025-07-31T13:18:40","slug":"hrnek-hneda-kamenina","status":"publish","type":"product","link":"https:\/\/yournordichome.com\/cs\/product\/mug-brown-stoneware\/","title":{"rendered":"Hrnek, hn\u011bd\u00fd, kamenina"},"content":{"rendered":"<p><strong>Hrnek<\/strong> od Bloomingville's Creative Collection s n\u00e1dhern\u00fdm hn\u011bd\u00fdm kruhov\u00fdm vzorem. Okouzluj\u00edc\u00ed \u0161\u00e1lek dod\u00e1 va\u0161emu prost\u00edr\u00e1n\u00ed a kuchy\u0148sk\u00e9 v\u00fdzdob\u011b osobn\u00ed n\u00e1dech. Ka\u017ed\u00fd kus je jedine\u010dn\u00fd, proto\u017ee je ru\u010dn\u011b zdoben\u00fd.<\/p>\n<p>Rozm\u011bry v\u00fdrobku: D11xH9 cm<br \/>\nObsah: 420 ml<br \/>\nBarva: hn\u011bd\u00e1<br \/>\nSlo\u017een\u00ed: Kamenina<br \/>\nLze m\u00fdt v my\u010dce n\u00e1dob\u00ed: Ano<br \/>\nSchv\u00e1len\u00e9 potraviny: Ano<br \/>\nVhodn\u00e9 do mikrovlnn\u00e9 trouby: Ano<br \/>\nVhodn\u00e9 do trouby: Ano<br \/>\nKa\u017ed\u00fd kus je jedine\u010dn\u00fd, proto\u017ee je ru\u010dn\u011b zdoben\u00fd.<\/p>","protected":false},"excerpt":{"rendered":"<p>Hrnek s ru\u010dn\u011b malovan\u00fdm hn\u011bd\u00fdm vzorem z kameniny.<\/p>","protected":false},"featured_media":3421,"comment_status":"closed","ping_status":"closed","template":"","meta":{"_acf_changed":false,"_kad_post_transparent":"default","_kad_post_title":"","_kad_post_layout":"default","_kad_post_sidebar_id":"","_kad_post_content_style":"default","_kad_post_vertical_padding":"default","_kad_post_feature":"","_kad_post_feature_position":"","_kad_post_header":false,"_kad_post_footer":false,"_kad_post_classname":""},"pwb-brand":[17],"product_brand":[],"product_cat":[36,53],"product_tag":[459,334,351,293],"gyarto":[],"class_list":{"0":"post-3428","1":"product","2":"type-product","3":"status-publish","4":"has-post-thumbnail","6":"pwb-brand-bloomingville","7":"product_cat-kitchen-and-dining","8":"product_cat-tableware","9":"product_tag-mug","10":"product_tag-new-arrivals","11":"product_tag-nordic-kitchen","12":"product_tag-nordic-tableware","13":"pa_colour-brown","14":"pa_material-stoneware","16":"first","17":"instock","18":"taxable","19":"shipping-taxable","20":"purchasable","21":"product-type-simple","22":"entry","23":"content-bg","24":"loop-entry"},"acf":[],"brands":[{"id":17,"name":"Bloomingville","slug":"bloomingville"}],"_links":{"self":[{"href":"https:\/\/yournordichome.com\/cs\/wp-json\/wp\/v2\/product\/3428","targetHints":{"allow":["GET"]}}],"collection":[{"href":"https:\/\/yournordichome.com\/cs\/wp-json\/wp\/v2\/product"}],"about":[{"href":"https:\/\/yournordichome.com\/cs\/wp-json\/wp\/v2\/types\/product"}],"replies":[{"embeddable":true,"href":"https:\/\/yournordichome.com\/cs\/wp-json\/wp\/v2\/comments?post=3428"}],"wp:featuredmedia":[{"embeddable":true,"href":"https:\/\/yournordichome.com\/cs\/wp-json\/wp\/v2\/media\/3421"}],"wp:attachment":[{"href":"https:\/\/yournordichome.com\/cs\/wp-json\/wp\/v2\/media?parent=3428"}],"wp:term":[{"taxonomy":"pwb-brand","embeddable":true,"href":"https:\/\/yournordichome.com\/cs\/wp-json\/wp\/v2\/pwb-brand?post=3428"},{"taxonomy":"product_brand","embeddable":true,"href":"https:\/\/yournordichome.com\/cs\/wp-json\/wp\/v2\/product_brand?post=3428"},{"taxonomy":"product_cat","embeddable":true,"href":"https:\/\/yournordichome.com\/cs\/wp-json\/wp\/v2\/product_cat?post=3428"},{"taxonomy":"product_tag","embeddable":true,"href":"https:\/\/yournordichome.com\/cs\/wp-json\/wp\/v2\/product_tag?post=3428"},{"taxonomy":"gyarto","embeddable":true,"href":"https:\/\/yournordichome.com\/cs\/wp-json\/wp\/v2\/gyarto?post=3428"}],"curies":[{"name":"wp","href":"https:\/\/api.w.org\/{rel}","templated":true}]}}