{"id":3427,"date":"2023-10-22T10:11:27","date_gmt":"2023-10-22T10:11:27","guid":{"rendered":"https:\/\/yournordichome.com\/product\/mug-blue-stoneware\/"},"modified":"2025-07-31T13:18:54","modified_gmt":"2025-07-31T13:18:54","slug":"hrnek-modra-kamenina","status":"publish","type":"product","link":"https:\/\/yournordichome.com\/cs\/product\/mug-blue-stoneware\/","title":{"rendered":"Hrnek, modr\u00fd, kamenina"},"content":{"rendered":"<p><strong>Hrnek<\/strong> Bloomingville s um\u011bleck\u00fdm a \u00fatuln\u00fdm v\u00fdrazem, kter\u00fd dod\u00e1 va\u0161\u00ed k\u00e1v\u011b nebo \u010daji dal\u0161\u00ed kouzlo. Ka\u017ed\u00fd hrnek je jedine\u010dn\u00fd, proto\u017ee ka\u017ed\u00fd tah \u0161t\u011btcem dod\u00e1v\u00e1 designu osobn\u00ed n\u00e1dech a vytv\u00e1\u0159\u00ed variace.<\/p>\n<p>Rozm\u011bry v\u00fdrobku: D14,5xH11 cm<br \/>\nObsah: Obsahuje: 515 ml<br \/>\nBarva: modr\u00e1, oran\u017eov\u00e1<br \/>\nSlo\u017een\u00ed: Kamenina<br \/>\nLze m\u00fdt v my\u010dce n\u00e1dob\u00ed: Ano<br \/>\nSchv\u00e1len\u00e9 potraviny: Ano<br \/>\nVhodn\u00e9 do mikrovlnn\u00e9 trouby: Ano<br \/>\nVhodn\u00e9 do trouby: Ano<br \/>\nKa\u017ed\u00fd kus je jedine\u010dn\u00fd, proto\u017ee je ru\u010dn\u011b zdoben\u00fd.<\/p>","protected":false},"excerpt":{"rendered":"<p>Hrnek s ru\u010dn\u011b malovan\u00fdm vzorem v kr\u00e1sn\u00fdch odst\u00ednech oran\u017eov\u00e9 a tmav\u011b modr\u00e9 barvy z kameniny.<\/p>","protected":false},"featured_media":3419,"comment_status":"closed","ping_status":"closed","template":"","meta":{"_acf_changed":false,"_kad_post_transparent":"default","_kad_post_title":"","_kad_post_layout":"default","_kad_post_sidebar_id":"","_kad_post_content_style":"default","_kad_post_vertical_padding":"default","_kad_post_feature":"","_kad_post_feature_position":"","_kad_post_header":false,"_kad_post_footer":false,"_kad_post_classname":""},"pwb-brand":[17],"product_brand":[],"product_cat":[36,53],"product_tag":[459,334,351,293],"gyarto":[],"class_list":{"0":"post-3427","1":"product","2":"type-product","3":"status-publish","4":"has-post-thumbnail","6":"pwb-brand-bloomingville","7":"product_cat-kitchen-and-dining","8":"product_cat-tableware","9":"product_tag-mug","10":"product_tag-new-arrivals","11":"product_tag-nordic-kitchen","12":"product_tag-nordic-tableware","13":"pa_colour-blue","14":"pa_material-stoneware","16":"first","17":"instock","18":"taxable","19":"shipping-taxable","20":"purchasable","21":"product-type-simple","22":"entry","23":"content-bg","24":"loop-entry"},"acf":[],"brands":[{"id":17,"name":"Bloomingville","slug":"bloomingville"}],"_links":{"self":[{"href":"https:\/\/yournordichome.com\/cs\/wp-json\/wp\/v2\/product\/3427","targetHints":{"allow":["GET"]}}],"collection":[{"href":"https:\/\/yournordichome.com\/cs\/wp-json\/wp\/v2\/product"}],"about":[{"href":"https:\/\/yournordichome.com\/cs\/wp-json\/wp\/v2\/types\/product"}],"replies":[{"embeddable":true,"href":"https:\/\/yournordichome.com\/cs\/wp-json\/wp\/v2\/comments?post=3427"}],"wp:featuredmedia":[{"embeddable":true,"href":"https:\/\/yournordichome.com\/cs\/wp-json\/wp\/v2\/media\/3419"}],"wp:attachment":[{"href":"https:\/\/yournordichome.com\/cs\/wp-json\/wp\/v2\/media?parent=3427"}],"wp:term":[{"taxonomy":"pwb-brand","embeddable":true,"href":"https:\/\/yournordichome.com\/cs\/wp-json\/wp\/v2\/pwb-brand?post=3427"},{"taxonomy":"product_brand","embeddable":true,"href":"https:\/\/yournordichome.com\/cs\/wp-json\/wp\/v2\/product_brand?post=3427"},{"taxonomy":"product_cat","embeddable":true,"href":"https:\/\/yournordichome.com\/cs\/wp-json\/wp\/v2\/product_cat?post=3427"},{"taxonomy":"product_tag","embeddable":true,"href":"https:\/\/yournordichome.com\/cs\/wp-json\/wp\/v2\/product_tag?post=3427"},{"taxonomy":"gyarto","embeddable":true,"href":"https:\/\/yournordichome.com\/cs\/wp-json\/wp\/v2\/gyarto?post=3427"}],"curies":[{"name":"wp","href":"https:\/\/api.w.org\/{rel}","templated":true}]}}