{"id":3362,"date":"2023-10-18T17:04:48","date_gmt":"2023-10-18T17:04:48","guid":{"rendered":"https:\/\/yournordichome.com\/product\/floor-lamp-white-stoneware\/"},"modified":"2025-09-04T15:22:57","modified_gmt":"2025-09-04T15:22:57","slug":"stojaci-lampa-bila-kamenina","status":"publish","type":"product","link":"https:\/\/yournordichome.com\/cs\/product\/floor-lamp-white-stoneware\/","title":{"rendered":"Stojac\u00ed lampa, b\u00edl\u00e1, kamenina"},"content":{"rendered":"<p><strong>Stojac\u00ed lampa<\/strong> od spole\u010dnosti Bloomingville, kter\u00e1 je dokonal\u00fdm vylep\u0161en\u00edm pro v\u00e1\u0161 domov. Nechte stojac\u00ed lampu rozz\u00e1\u0159it tmav\u00e9 kouty va\u0161eho domova a vytvo\u0159it \u00fatulnou atmosf\u00e9ru v ka\u017ed\u00e9 m\u00edstnosti.<\/p>\n<p>Rozm\u011bry v\u00fdrobku: D28xH113 cm<br \/>\nBarva: b\u00edl\u00e1<br \/>\nSlo\u017een\u00ed: Terakota, len, polystyren, \u017eelezo<br \/>\nSchv\u00e1leno CE: Ano<br \/>\nEnergetick\u00e1 t\u0159\u00edda \u017e\u00e1rovky: V\u0161echny<br \/>\n\u017d\u00e1rovka je sou\u010d\u00e1st\u00ed dod\u00e1vky: Ne<br \/>\nTvar \u017e\u00e1rovky: Oby\u010dejn\u00e1<br \/>\nVelikost \u017e\u00e1rovky: E27<br \/>\nTyp \u017e\u00e1rovky: LED nebo \u00fasporn\u00e1 (CFL)<br \/>\nP\u0159\u00edkon \u017e\u00e1rovky: LED: 6W \/ CFL: 9W<br \/>\nBarva \u0161\u0148\u016fry: \u010dir\u00e1<br \/>\nD\u00e9lka \u0161\u0148\u016fry: 200 cm<br \/>\nMateri\u00e1l \u0161\u0148\u016fry: Materi\u00e1l: plast<br \/>\nNo\u017en\u00ed sp\u00edna\u010d na kabelu.<br \/>\nVenkovn\u00ed pou\u017eit\u00ed: Ne<\/p>","protected":false},"excerpt":{"rendered":"<p>Stojac\u00ed lampa s kameninov\u00fdm podstavcem se sv\u011btlou a matnou glazurou a jednoduch\u00fdm l\u00e1tkov\u00fdm st\u00ednidlem.<\/p>","protected":false},"featured_media":3358,"comment_status":"closed","ping_status":"closed","template":"","meta":{"_acf_changed":false,"_kad_post_transparent":"default","_kad_post_title":"","_kad_post_layout":"default","_kad_post_sidebar_id":"","_kad_post_content_style":"default","_kad_post_vertical_padding":"default","_kad_post_feature":"","_kad_post_feature_position":"","_kad_post_header":false,"_kad_post_footer":false,"_kad_post_classname":""},"pwb-brand":[17],"product_brand":[],"product_cat":[176,72],"product_tag":[334,398,397,34,396],"gyarto":[],"class_list":{"0":"post-3362","1":"product","2":"type-product","3":"status-publish","4":"has-post-thumbnail","6":"pwb-brand-bloomingville","7":"product_cat-floor-lamp","8":"product_cat-lamp","9":"product_tag-new-arrivals","10":"product_tag-nordic-design","11":"product_tag-nordic-home","12":"product_tag-nordic-interior-design","13":"product_tag-nordic-style","14":"pa_colour-white","15":"pa_material-stoneware","17":"first","18":"instock","19":"taxable","20":"shipping-taxable","21":"purchasable","22":"product-type-simple","23":"entry","24":"content-bg","25":"loop-entry"},"acf":[],"brands":[{"id":17,"name":"Bloomingville","slug":"bloomingville"}],"_links":{"self":[{"href":"https:\/\/yournordichome.com\/cs\/wp-json\/wp\/v2\/product\/3362","targetHints":{"allow":["GET"]}}],"collection":[{"href":"https:\/\/yournordichome.com\/cs\/wp-json\/wp\/v2\/product"}],"about":[{"href":"https:\/\/yournordichome.com\/cs\/wp-json\/wp\/v2\/types\/product"}],"replies":[{"embeddable":true,"href":"https:\/\/yournordichome.com\/cs\/wp-json\/wp\/v2\/comments?post=3362"}],"wp:featuredmedia":[{"embeddable":true,"href":"https:\/\/yournordichome.com\/cs\/wp-json\/wp\/v2\/media\/3358"}],"wp:attachment":[{"href":"https:\/\/yournordichome.com\/cs\/wp-json\/wp\/v2\/media?parent=3362"}],"wp:term":[{"taxonomy":"pwb-brand","embeddable":true,"href":"https:\/\/yournordichome.com\/cs\/wp-json\/wp\/v2\/pwb-brand?post=3362"},{"taxonomy":"product_brand","embeddable":true,"href":"https:\/\/yournordichome.com\/cs\/wp-json\/wp\/v2\/product_brand?post=3362"},{"taxonomy":"product_cat","embeddable":true,"href":"https:\/\/yournordichome.com\/cs\/wp-json\/wp\/v2\/product_cat?post=3362"},{"taxonomy":"product_tag","embeddable":true,"href":"https:\/\/yournordichome.com\/cs\/wp-json\/wp\/v2\/product_tag?post=3362"},{"taxonomy":"gyarto","embeddable":true,"href":"https:\/\/yournordichome.com\/cs\/wp-json\/wp\/v2\/gyarto?post=3362"}],"curies":[{"name":"wp","href":"https:\/\/api.w.org\/{rel}","templated":true}]}}