{"id":3245,"date":"2023-09-29T11:30:15","date_gmt":"2023-09-29T11:30:15","guid":{"rendered":"https:\/\/yournordichome.com\/product\/tealight-holder-w-pattern\/"},"modified":"2025-07-31T13:46:09","modified_gmt":"2025-07-31T13:46:09","slug":"drzak-na-cajove-svicky-se-vzorem","status":"publish","type":"product","link":"https:\/\/yournordichome.com\/cs\/product\/tealight-holder-w-pattern\/","title":{"rendered":"Dr\u017e\u00e1k na \u010dajov\u00e9 sv\u00ed\u010dky se vzorem"},"content":{"rendered":"<p>Stoj\u00e1nek na \u010dajovou sv\u00ed\u010dku ve tvaru borovice. \u00datuln\u00fd zdroj sv\u011btla na poli\u010dce, komod\u011b nebo j\u00eddeln\u00edm stole. Je vyroben z kovu v bronzov\u00e9 barv\u011b a jeho vzor vytv\u00e1\u0159\u00ed na st\u011bn\u011b \u00fatulnou z\u00e1\u0159i.<\/p>\n<p>Rozm\u011bry v\u00fdrobku: V16,5 \/ D10 \/ \u01605,5 cm<br \/>\nSlo\u017een\u00ed: Kov<br \/>\nBarva: staro\u017eitn\u00e1 mosaz<\/p>","protected":false},"excerpt":{"rendered":"<p>Stoj\u00e1nek na \u010dajovou sv\u00ed\u010dku ve tvaru borovice z kovu, v bronzov\u00e9 barv\u011b a s ozdobn\u00fdm vzorem.<\/p>","protected":false},"featured_media":3233,"comment_status":"closed","ping_status":"closed","template":"","meta":{"_acf_changed":false,"_kad_post_transparent":"default","_kad_post_title":"","_kad_post_layout":"default","_kad_post_sidebar_id":"","_kad_post_content_style":"default","_kad_post_vertical_padding":"default","_kad_post_feature":"","_kad_post_feature_position":"","_kad_post_header":false,"_kad_post_footer":false,"_kad_post_classname":""},"pwb-brand":[19],"product_brand":[],"product_cat":[123,23],"product_tag":[450,334,452,398,397,454],"gyarto":[],"class_list":{"0":"post-3245","1":"product","2":"type-product","3":"status-publish","4":"has-post-thumbnail","6":"pwb-brand-chic-antique","7":"product_cat-decorative-accessories","8":"product_cat-home-decor","9":"product_tag-home-decoration","10":"product_tag-new-arrivals","11":"product_tag-nordic-decoration","12":"product_tag-nordic-design","13":"product_tag-nordic-home","14":"product_tag-tealight-holder","15":"pa_colour-antique-brass","16":"pa_material-metal","18":"first","19":"instock","20":"taxable","21":"shipping-taxable","22":"purchasable","23":"product-type-simple","24":"entry","25":"content-bg","26":"loop-entry"},"acf":[],"brands":[{"id":19,"name":"Chic Antique","slug":"elegantni-starozitnosti"}],"_links":{"self":[{"href":"https:\/\/yournordichome.com\/cs\/wp-json\/wp\/v2\/product\/3245","targetHints":{"allow":["GET"]}}],"collection":[{"href":"https:\/\/yournordichome.com\/cs\/wp-json\/wp\/v2\/product"}],"about":[{"href":"https:\/\/yournordichome.com\/cs\/wp-json\/wp\/v2\/types\/product"}],"replies":[{"embeddable":true,"href":"https:\/\/yournordichome.com\/cs\/wp-json\/wp\/v2\/comments?post=3245"}],"wp:featuredmedia":[{"embeddable":true,"href":"https:\/\/yournordichome.com\/cs\/wp-json\/wp\/v2\/media\/3233"}],"wp:attachment":[{"href":"https:\/\/yournordichome.com\/cs\/wp-json\/wp\/v2\/media?parent=3245"}],"wp:term":[{"taxonomy":"pwb-brand","embeddable":true,"href":"https:\/\/yournordichome.com\/cs\/wp-json\/wp\/v2\/pwb-brand?post=3245"},{"taxonomy":"product_brand","embeddable":true,"href":"https:\/\/yournordichome.com\/cs\/wp-json\/wp\/v2\/product_brand?post=3245"},{"taxonomy":"product_cat","embeddable":true,"href":"https:\/\/yournordichome.com\/cs\/wp-json\/wp\/v2\/product_cat?post=3245"},{"taxonomy":"product_tag","embeddable":true,"href":"https:\/\/yournordichome.com\/cs\/wp-json\/wp\/v2\/product_tag?post=3245"},{"taxonomy":"gyarto","embeddable":true,"href":"https:\/\/yournordichome.com\/cs\/wp-json\/wp\/v2\/gyarto?post=3245"}],"curies":[{"name":"wp","href":"https:\/\/api.w.org\/{rel}","templated":true}]}}