{"id":2957,"date":"2023-08-16T15:23:26","date_gmt":"2023-08-16T15:23:26","guid":{"rendered":"https:\/\/yournordichome.com\/product\/sidetable-black-metal\/"},"modified":"2025-07-31T13:49:02","modified_gmt":"2025-07-31T13:49:02","slug":"sidetable-black-metal","status":"publish","type":"product","link":"https:\/\/yournordichome.com\/cs\/product\/sidetable-black-metal\/","title":{"rendered":"Bo\u010dn\u00ed stolek - \u010dern\u00fd - kov"},"content":{"rendered":"<p>Odkl\u00e1dac\u00ed stolek v \u010dern\u00e9 barv\u011b s kulatou deskou z kovu. Prostor pod stolkem je ide\u00e1ln\u00ed pro odkl\u00e1d\u00e1n\u00ed \u010dasopis\u016f, knih nebo p\u0159ehoz\u016f, tak\u017ee je multifunk\u010dn\u00edm a stylov\u00fdm dopl\u0148kem ka\u017ed\u00e9 dom\u00e1cnosti.<\/p>\n<p>Rozm\u011bry v\u00fdrobku: D43xH38 cm<br \/>\nBarva: \u010dern\u00e1<br \/>\nSlo\u017een\u00ed: Kov<br \/>\nPokyny pro p\u00e9\u010di: Ot\u0159ete vlhk\u00fdm had\u0159\u00edkem.<br \/>\nMaxim\u00e1ln\u00ed nosnost: 10 kg<br \/>\nPovrchov\u00e1 \u00faprava v\u00fdrobku: Povrchov\u00e1 \u00faprava: pr\u00e1\u0161kov\u00e1 barva<\/p>","protected":false},"excerpt":{"rendered":"<p>Bo\u010dn\u00ed stolek v modern\u00edm a jednoduch\u00e9m designu v kr\u00e1sn\u00e9 \u010dern\u00e9 barv\u011b z kovu s kulatou deskou.<\/p>","protected":false},"featured_media":2901,"comment_status":"closed","ping_status":"closed","template":"","meta":{"_acf_changed":false,"_kad_post_transparent":"default","_kad_post_title":"","_kad_post_layout":"default","_kad_post_sidebar_id":"","_kad_post_content_style":"default","_kad_post_vertical_padding":"default","_kad_post_feature":"","_kad_post_feature_position":"","_kad_post_header":false,"_kad_post_footer":false,"_kad_post_classname":""},"pwb-brand":[17],"product_brand":[],"product_cat":[341,157],"product_tag":[398,397,34,396],"gyarto":[],"class_list":{"0":"post-2957","1":"product","2":"type-product","3":"status-publish","4":"has-post-thumbnail","6":"pwb-brand-bloomingville","7":"product_cat-side-table","8":"product_cat-table","9":"product_tag-nordic-design","10":"product_tag-nordic-home","11":"product_tag-nordic-interior-design","12":"product_tag-nordic-style","13":"pa_colour-black","14":"pa_material-metal","16":"first","17":"instock","18":"taxable","19":"shipping-taxable","20":"purchasable","21":"product-type-simple","22":"entry","23":"content-bg","24":"loop-entry"},"acf":[],"brands":[{"id":17,"name":"Bloomingville","slug":"bloomingville"}],"_links":{"self":[{"href":"https:\/\/yournordichome.com\/cs\/wp-json\/wp\/v2\/product\/2957","targetHints":{"allow":["GET"]}}],"collection":[{"href":"https:\/\/yournordichome.com\/cs\/wp-json\/wp\/v2\/product"}],"about":[{"href":"https:\/\/yournordichome.com\/cs\/wp-json\/wp\/v2\/types\/product"}],"replies":[{"embeddable":true,"href":"https:\/\/yournordichome.com\/cs\/wp-json\/wp\/v2\/comments?post=2957"}],"wp:featuredmedia":[{"embeddable":true,"href":"https:\/\/yournordichome.com\/cs\/wp-json\/wp\/v2\/media\/2901"}],"wp:attachment":[{"href":"https:\/\/yournordichome.com\/cs\/wp-json\/wp\/v2\/media?parent=2957"}],"wp:term":[{"taxonomy":"pwb-brand","embeddable":true,"href":"https:\/\/yournordichome.com\/cs\/wp-json\/wp\/v2\/pwb-brand?post=2957"},{"taxonomy":"product_brand","embeddable":true,"href":"https:\/\/yournordichome.com\/cs\/wp-json\/wp\/v2\/product_brand?post=2957"},{"taxonomy":"product_cat","embeddable":true,"href":"https:\/\/yournordichome.com\/cs\/wp-json\/wp\/v2\/product_cat?post=2957"},{"taxonomy":"product_tag","embeddable":true,"href":"https:\/\/yournordichome.com\/cs\/wp-json\/wp\/v2\/product_tag?post=2957"},{"taxonomy":"gyarto","embeddable":true,"href":"https:\/\/yournordichome.com\/cs\/wp-json\/wp\/v2\/gyarto?post=2957"}],"curies":[{"name":"wp","href":"https:\/\/api.w.org\/{rel}","templated":true}]}}