{"id":2944,"date":"2023-08-16T15:23:19","date_gmt":"2023-08-16T15:23:19","guid":{"rendered":"https:\/\/yournordichome.com\/product\/jute-rug-nature-black-pattern-70x140-cm\/"},"modified":"2024-04-06T10:33:42","modified_gmt":"2024-04-06T10:33:42","slug":"jutovy-koberec-prirodni-cerny-vzor-70x140-cm","status":"publish","type":"product","link":"https:\/\/yournordichome.com\/cs\/product\/jute-rug-nature-black-pattern-70x140-cm\/","title":{"rendered":"Jutov\u00fd koberec p\u0159\u00edrodn\u00ed \u010dern\u00fd vzor 70\u00d7140 cm"},"content":{"rendered":"<p>Jutov\u00fd koberec v p\u0159\u00edrodn\u00ed barv\u011b s \u010dern\u00fdm vzorem. Je ide\u00e1ln\u00ed pro um\u00edst\u011bn\u00ed do vstupn\u00ed haly nebo vedle postele, jeho jednoduch\u00fd, ale stylov\u00fd design dod\u00e1 ka\u017ed\u00e9mu prostoru h\u0159ejivou a \u00fatulnou atmosf\u00e9ru.<\/p>\n<p>Rozm\u011bry v\u00fdrobku: Rozm\u011bry: L140x\u016070 cm<br \/>\nSlo\u017een\u00ed: 100% Juta<br \/>\nB\u011blen\u00ed: Ne<br \/>\nBarevn\u00e1 \u00faprava: Barven\u00e1 p\u0159\u00edze<br \/>\nChemick\u00e9 \u010di\u0161t\u011bn\u00ed: Ne<br \/>\nPokyny pro pran\u00ed: Pouze bodov\u00e9 \u010di\u0161t\u011bn\u00ed<\/p>","protected":false},"excerpt":{"rendered":"<p>Koberec z juty s poutav\u00fdm \u010dern\u00fdm klikat\u00fdm vzorem.<\/p>","protected":false},"featured_media":2817,"comment_status":"closed","ping_status":"closed","template":"","meta":{"_acf_changed":false,"_kad_post_transparent":"","_kad_post_title":"","_kad_post_layout":"","_kad_post_sidebar_id":"","_kad_post_content_style":"","_kad_post_vertical_padding":"","_kad_post_feature":"","_kad_post_feature_position":"","_kad_post_header":false,"_kad_post_footer":false,"_kad_post_classname":""},"pwb-brand":[17],"product_brand":[],"product_cat":[88,65],"product_tag":[112,398,397,34,396],"gyarto":[],"class_list":{"0":"post-2944","1":"product","2":"type-product","3":"status-publish","4":"has-post-thumbnail","6":"pwb-brand-bloomingville","7":"product_cat-rug","8":"product_cat-rugs-and-textiles","9":"product_tag-jute-rug","10":"product_tag-nordic-design","11":"product_tag-nordic-home","12":"product_tag-nordic-interior-design","13":"product_tag-nordic-style","14":"pa_colour-black","15":"pa_colour-nature","16":"pa_material-jute","18":"first","19":"outofstock","20":"taxable","21":"shipping-taxable","22":"purchasable","23":"product-type-simple","24":"entry","25":"content-bg","26":"loop-entry"},"acf":[],"brands":[{"id":17,"name":"Bloomingville","slug":"bloomingville"}],"_links":{"self":[{"href":"https:\/\/yournordichome.com\/cs\/wp-json\/wp\/v2\/product\/2944","targetHints":{"allow":["GET"]}}],"collection":[{"href":"https:\/\/yournordichome.com\/cs\/wp-json\/wp\/v2\/product"}],"about":[{"href":"https:\/\/yournordichome.com\/cs\/wp-json\/wp\/v2\/types\/product"}],"replies":[{"embeddable":true,"href":"https:\/\/yournordichome.com\/cs\/wp-json\/wp\/v2\/comments?post=2944"}],"wp:featuredmedia":[{"embeddable":true,"href":"https:\/\/yournordichome.com\/cs\/wp-json\/wp\/v2\/media\/2817"}],"wp:attachment":[{"href":"https:\/\/yournordichome.com\/cs\/wp-json\/wp\/v2\/media?parent=2944"}],"wp:term":[{"taxonomy":"pwb-brand","embeddable":true,"href":"https:\/\/yournordichome.com\/cs\/wp-json\/wp\/v2\/pwb-brand?post=2944"},{"taxonomy":"product_brand","embeddable":true,"href":"https:\/\/yournordichome.com\/cs\/wp-json\/wp\/v2\/product_brand?post=2944"},{"taxonomy":"product_cat","embeddable":true,"href":"https:\/\/yournordichome.com\/cs\/wp-json\/wp\/v2\/product_cat?post=2944"},{"taxonomy":"product_tag","embeddable":true,"href":"https:\/\/yournordichome.com\/cs\/wp-json\/wp\/v2\/product_tag?post=2944"},{"taxonomy":"gyarto","embeddable":true,"href":"https:\/\/yournordichome.com\/cs\/wp-json\/wp\/v2\/gyarto?post=2944"}],"curies":[{"name":"wp","href":"https:\/\/api.w.org\/{rel}","templated":true}]}}