{"id":2942,"date":"2023-08-16T15:23:19","date_gmt":"2023-08-16T15:23:19","guid":{"rendered":"https:\/\/yournordichome.com\/product\/wall-shelf-unit-mango-wood\/"},"modified":"2025-07-31T13:49:52","modified_gmt":"2025-07-31T13:49:52","slug":"nastenna-policova-jednotka-z-mangoveho-dreva","status":"publish","type":"product","link":"https:\/\/yournordichome.com\/cs\/product\/wall-shelf-unit-mango-wood\/","title":{"rendered":"N\u00e1st\u011bnn\u00e1 policov\u00e1 jednotka z mangov\u00e9ho d\u0159eva"},"content":{"rendered":"<p>N\u00e1st\u011bnn\u00e1 policov\u00e1 sk\u0159\u00ed\u0148ka z mangov\u00e9ho d\u0159eva v kr\u00e1sn\u00e9m rafinovan\u00e9m designu.<\/p>\n<p>Rozm\u011bry v\u00fdrobku: D96,5xH110,5x\u016028 cm<br \/>\nVzd\u00e1lenost mezi policemi: 27,5 cm, 96 cm<br \/>\nBarva: p\u0159\u00edrodn\u00ed<br \/>\nSlo\u017een\u00ed: D\u0159evo manga<br \/>\nPokyny pro p\u00e9\u010di: Ot\u0159ete vlhk\u00fdm had\u0159\u00edkem.<br \/>\nMaxim\u00e1ln\u00ed nosnost: 20 kg na polici<\/p>","protected":false},"excerpt":{"rendered":"<p>N\u00e1st\u011bnn\u00e1 policov\u00e1 sk\u0159\u00ed\u0148ka z mangov\u00e9ho d\u0159eva v p\u0159\u00edrodn\u00ed barv\u011b. M\u016f\u017eete na ni um\u00edstit knihy a ozdoby v ob\u00fdvac\u00edm pokoji nebo lo\u017enici.<\/p>","protected":false},"featured_media":2851,"comment_status":"closed","ping_status":"closed","template":"","meta":{"_acf_changed":false,"_kad_post_transparent":"default","_kad_post_title":"","_kad_post_layout":"default","_kad_post_sidebar_id":"","_kad_post_content_style":"default","_kad_post_vertical_padding":"default","_kad_post_feature":"","_kad_post_feature_position":"","_kad_post_header":false,"_kad_post_footer":false,"_kad_post_classname":""},"pwb-brand":[17],"product_brand":[],"product_cat":[94,167],"product_tag":[398,397,34,396],"gyarto":[],"class_list":{"0":"post-2942","1":"product","2":"type-product","3":"status-publish","4":"has-post-thumbnail","6":"pwb-brand-bloomingville","7":"product_cat-furniture","8":"product_cat-wall-shelf","9":"product_tag-nordic-design","10":"product_tag-nordic-home","11":"product_tag-nordic-interior-design","12":"product_tag-nordic-style","13":"pa_colour-nature","14":"pa_material-mango-wood","16":"first","17":"instock","18":"taxable","19":"shipping-taxable","20":"purchasable","21":"product-type-simple","22":"entry","23":"content-bg","24":"loop-entry"},"acf":[],"brands":[{"id":17,"name":"Bloomingville","slug":"bloomingville"}],"_links":{"self":[{"href":"https:\/\/yournordichome.com\/cs\/wp-json\/wp\/v2\/product\/2942","targetHints":{"allow":["GET"]}}],"collection":[{"href":"https:\/\/yournordichome.com\/cs\/wp-json\/wp\/v2\/product"}],"about":[{"href":"https:\/\/yournordichome.com\/cs\/wp-json\/wp\/v2\/types\/product"}],"replies":[{"embeddable":true,"href":"https:\/\/yournordichome.com\/cs\/wp-json\/wp\/v2\/comments?post=2942"}],"wp:featuredmedia":[{"embeddable":true,"href":"https:\/\/yournordichome.com\/cs\/wp-json\/wp\/v2\/media\/2851"}],"wp:attachment":[{"href":"https:\/\/yournordichome.com\/cs\/wp-json\/wp\/v2\/media?parent=2942"}],"wp:term":[{"taxonomy":"pwb-brand","embeddable":true,"href":"https:\/\/yournordichome.com\/cs\/wp-json\/wp\/v2\/pwb-brand?post=2942"},{"taxonomy":"product_brand","embeddable":true,"href":"https:\/\/yournordichome.com\/cs\/wp-json\/wp\/v2\/product_brand?post=2942"},{"taxonomy":"product_cat","embeddable":true,"href":"https:\/\/yournordichome.com\/cs\/wp-json\/wp\/v2\/product_cat?post=2942"},{"taxonomy":"product_tag","embeddable":true,"href":"https:\/\/yournordichome.com\/cs\/wp-json\/wp\/v2\/product_tag?post=2942"},{"taxonomy":"gyarto","embeddable":true,"href":"https:\/\/yournordichome.com\/cs\/wp-json\/wp\/v2\/gyarto?post=2942"}],"curies":[{"name":"wp","href":"https:\/\/api.w.org\/{rel}","templated":true}]}}