{"id":2754,"date":"2023-06-18T14:55:39","date_gmt":"2023-06-18T14:55:39","guid":{"rendered":"https:\/\/yournordichome.com\/product\/canvas-wall-art-cherry-tree-blossom\/"},"modified":"2025-07-31T14:06:21","modified_gmt":"2025-07-31T14:06:21","slug":"platno-nastenne-umeni-tresnovy-kvet","status":"publish","type":"product","link":"https:\/\/yournordichome.com\/cs\/product\/canvas-wall-art-cherry-tree-blossom\/","title":{"rendered":"Pl\u00e1tno na ze\u010f - t\u0159e\u0161\u0148ov\u00fd kv\u011bt"},"content":{"rendered":"<p>N\u00e1st\u011bnn\u00e9 pl\u00e1tno s motivy t\u0159e\u0161\u0148ov\u00fdch kv\u011bt\u016f v borovicov\u00e9 plak\u00e1tov\u00e9 li\u0161t\u011b. Bohat\u00fd motiv kv\u011btin vytv\u00e1\u0159\u00ed p\u016fsobiv\u00fd efekt.<\/p>\n<p>Velikost: H147\/L65\/W2 cm<br \/>\nMateri\u00e1l: Materi\u00e1l: pl\u00e1tno, jedlov\u00e9 d\u0159evo<\/p>","protected":false},"excerpt":{"rendered":"<p>Vyzdobte si domov kr\u00e1sn\u00fdm velk\u00fdm n\u00e1st\u011bnn\u00fdm pl\u00e1tnem s motivy t\u0159e\u0161\u0148ov\u00fdch kv\u011bt\u016f v kr\u00e1sn\u00e9m jemn\u00e9m odst\u00ednu. Pl\u00e1tno se dod\u00e1v\u00e1 p\u0159ipevn\u011bn\u00e9 k borovicov\u00e9 li\u0161t\u011b, kterou m\u016f\u017eete p\u0159ipevnit na ze\u010f.<\/p>","protected":false},"featured_media":2662,"comment_status":"closed","ping_status":"closed","template":"","meta":{"_acf_changed":false,"_kad_post_transparent":"default","_kad_post_title":"","_kad_post_layout":"default","_kad_post_sidebar_id":"","_kad_post_content_style":"default","_kad_post_vertical_padding":"default","_kad_post_feature":"","_kad_post_feature_position":"","_kad_post_header":false,"_kad_post_footer":false,"_kad_post_classname":""},"pwb-brand":[19],"product_brand":[],"product_cat":[23,355],"product_tag":[26,34],"gyarto":[],"class_list":{"0":"post-2754","1":"product","2":"type-product","3":"status-publish","4":"has-post-thumbnail","6":"pwb-brand-chic-antique","7":"product_cat-home-decor","8":"product_cat-poster","9":"product_tag-nordic-home-decor","10":"product_tag-nordic-interior-design","11":"pa_colour-multi","12":"pa_material-linen","14":"first","15":"instock","16":"taxable","17":"shipping-taxable","18":"purchasable","19":"product-type-simple","20":"entry","21":"content-bg","22":"loop-entry"},"acf":[],"brands":[{"id":19,"name":"Chic Antique","slug":"elegantni-starozitnosti"}],"_links":{"self":[{"href":"https:\/\/yournordichome.com\/cs\/wp-json\/wp\/v2\/product\/2754","targetHints":{"allow":["GET"]}}],"collection":[{"href":"https:\/\/yournordichome.com\/cs\/wp-json\/wp\/v2\/product"}],"about":[{"href":"https:\/\/yournordichome.com\/cs\/wp-json\/wp\/v2\/types\/product"}],"replies":[{"embeddable":true,"href":"https:\/\/yournordichome.com\/cs\/wp-json\/wp\/v2\/comments?post=2754"}],"wp:featuredmedia":[{"embeddable":true,"href":"https:\/\/yournordichome.com\/cs\/wp-json\/wp\/v2\/media\/2662"}],"wp:attachment":[{"href":"https:\/\/yournordichome.com\/cs\/wp-json\/wp\/v2\/media?parent=2754"}],"wp:term":[{"taxonomy":"pwb-brand","embeddable":true,"href":"https:\/\/yournordichome.com\/cs\/wp-json\/wp\/v2\/pwb-brand?post=2754"},{"taxonomy":"product_brand","embeddable":true,"href":"https:\/\/yournordichome.com\/cs\/wp-json\/wp\/v2\/product_brand?post=2754"},{"taxonomy":"product_cat","embeddable":true,"href":"https:\/\/yournordichome.com\/cs\/wp-json\/wp\/v2\/product_cat?post=2754"},{"taxonomy":"product_tag","embeddable":true,"href":"https:\/\/yournordichome.com\/cs\/wp-json\/wp\/v2\/product_tag?post=2754"},{"taxonomy":"gyarto","embeddable":true,"href":"https:\/\/yournordichome.com\/cs\/wp-json\/wp\/v2\/gyarto?post=2754"}],"curies":[{"name":"wp","href":"https:\/\/api.w.org\/{rel}","templated":true}]}}