{"id":2753,"date":"2023-06-18T14:55:39","date_gmt":"2023-06-18T14:55:39","guid":{"rendered":"https:\/\/yournordichome.com\/product\/rose-cotton-blanket-130-x-170-cm\/"},"modified":"2025-07-31T14:06:50","modified_gmt":"2025-07-31T14:06:50","slug":"ruzova-bavlnena-prikryvka-130-x-170-cm","status":"publish","type":"product","link":"https:\/\/yournordichome.com\/cs\/product\/rose-cotton-blanket-130-x-170-cm\/","title":{"rendered":"Bavln\u011bn\u00e1 deka Rose 130 x 170 cm"},"content":{"rendered":"<p>Bavln\u011bn\u00e1 deka Rose s jemn\u00fdm odst\u00ednem, kter\u00fd se hod\u00ed do dom\u00e1cnost\u00ed v seversk\u00e9m stylu.<\/p>\n<p>Rozlo\u017ete ji na okraj pohovky a vezm\u011bte si ji s sebou na terasu. Dekorativn\u00ed a m\u011bkk\u00fd, p\u0159\u00edjemn\u00fd na dotek.<\/p>\n<p>Rozm\u011bry v\u00fdrobku: Rozm\u011bry: D170x\u0160130 cm<br \/>\nBarva: medov\u011b zlat\u00e1<br \/>\nSlo\u017een\u00ed: slo\u017een\u00ed: bavlna, visk\u00f3za<br \/>\nPokyny pro pran\u00ed: Pr\u00e1t v pra\u010dce na 30 stup\u0148\u016f<\/p>","protected":false},"excerpt":{"rendered":"<p>Bavln\u011bn\u00e1 deka Rose v pastelov\u00e9 barv\u011b s jemn\u00fdm vzorem.<\/p>","protected":false},"featured_media":2699,"comment_status":"closed","ping_status":"closed","template":"","meta":{"_acf_changed":false,"_kad_post_transparent":"default","_kad_post_title":"","_kad_post_layout":"default","_kad_post_sidebar_id":"","_kad_post_content_style":"default","_kad_post_vertical_padding":"default","_kad_post_feature":"","_kad_post_feature_position":"","_kad_post_header":false,"_kad_post_footer":false,"_kad_post_classname":""},"pwb-brand":[19],"product_brand":[],"product_cat":[66,65],"product_tag":[67,34,376],"gyarto":[],"class_list":{"0":"post-2753","1":"product","2":"type-product","3":"status-publish","4":"has-post-thumbnail","6":"pwb-brand-chic-antique","7":"product_cat-blanket","8":"product_cat-rugs-and-textiles","9":"product_tag-cotton-blanket","10":"product_tag-nordic-interior-design","11":"product_tag-throw","12":"pa_colour-rose","13":"pa_material-cotton","15":"first","16":"instock","17":"taxable","18":"shipping-taxable","19":"purchasable","20":"product-type-simple","21":"entry","22":"content-bg","23":"loop-entry"},"acf":[],"brands":[{"id":19,"name":"Chic Antique","slug":"elegantni-starozitnosti"}],"_links":{"self":[{"href":"https:\/\/yournordichome.com\/cs\/wp-json\/wp\/v2\/product\/2753","targetHints":{"allow":["GET"]}}],"collection":[{"href":"https:\/\/yournordichome.com\/cs\/wp-json\/wp\/v2\/product"}],"about":[{"href":"https:\/\/yournordichome.com\/cs\/wp-json\/wp\/v2\/types\/product"}],"replies":[{"embeddable":true,"href":"https:\/\/yournordichome.com\/cs\/wp-json\/wp\/v2\/comments?post=2753"}],"wp:featuredmedia":[{"embeddable":true,"href":"https:\/\/yournordichome.com\/cs\/wp-json\/wp\/v2\/media\/2699"}],"wp:attachment":[{"href":"https:\/\/yournordichome.com\/cs\/wp-json\/wp\/v2\/media?parent=2753"}],"wp:term":[{"taxonomy":"pwb-brand","embeddable":true,"href":"https:\/\/yournordichome.com\/cs\/wp-json\/wp\/v2\/pwb-brand?post=2753"},{"taxonomy":"product_brand","embeddable":true,"href":"https:\/\/yournordichome.com\/cs\/wp-json\/wp\/v2\/product_brand?post=2753"},{"taxonomy":"product_cat","embeddable":true,"href":"https:\/\/yournordichome.com\/cs\/wp-json\/wp\/v2\/product_cat?post=2753"},{"taxonomy":"product_tag","embeddable":true,"href":"https:\/\/yournordichome.com\/cs\/wp-json\/wp\/v2\/product_tag?post=2753"},{"taxonomy":"gyarto","embeddable":true,"href":"https:\/\/yournordichome.com\/cs\/wp-json\/wp\/v2\/gyarto?post=2753"}],"curies":[{"name":"wp","href":"https:\/\/api.w.org\/{rel}","templated":true}]}}