{"id":2732,"date":"2023-06-18T14:55:30","date_gmt":"2023-06-18T14:55:30","guid":{"rendered":"https:\/\/yournordichome.com\/product\/abstract-face-vase\/"},"modified":"2025-07-31T14:12:44","modified_gmt":"2025-07-31T14:12:44","slug":"vaza-s-abstraktnim-oblicejem","status":"publish","type":"product","link":"https:\/\/yournordichome.com\/cs\/product\/abstract-face-vase\/","title":{"rendered":"V\u00e1za s abstraktn\u00edm obli\u010dejem"},"content":{"rendered":"<p>V\u00e1za s abstraktn\u00edm obli\u010dejem z kr\u00e1sn\u00e9 b\u00edl\u00e9 kameniny s \u010dern\u00fdm vzorem. Vypad\u00e1 jako pl\u00e1tno, co\u017e zaru\u010duje um\u011bleck\u00fd dojem v jak\u00e9koli m\u00edstnosti, kam ji um\u00edst\u00edte.<\/p>\n<p>Rozm\u011bry v\u00fdrobku: D10xH15,5 cm<br \/>\nBarva: b\u00edl\u00e1<br \/>\nMateri\u00e1l: Kamenina<\/p>","protected":false},"excerpt":{"rendered":"<p>V\u00e1za z kameniny v b\u00edl\u00e9 barv\u011b s origin\u00e1ln\u00ed \u010dernou kubistickou konturou na povrchu.<\/p>","protected":false},"featured_media":2646,"comment_status":"closed","ping_status":"closed","template":"","meta":{"_acf_changed":false,"_kad_post_transparent":"default","_kad_post_title":"","_kad_post_layout":"default","_kad_post_sidebar_id":"","_kad_post_content_style":"default","_kad_post_vertical_padding":"default","_kad_post_feature":"","_kad_post_feature_position":"","_kad_post_header":false,"_kad_post_footer":false,"_kad_post_classname":""},"pwb-brand":[17],"product_brand":[],"product_cat":[23,357],"product_tag":[26],"gyarto":[],"class_list":{"0":"post-2732","1":"product","2":"type-product","3":"status-publish","4":"has-post-thumbnail","6":"pwb-brand-bloomingville","7":"product_cat-home-decor","8":"product_cat-vase","9":"product_tag-nordic-home-decor","10":"pa_colour-white","11":"pa_material-stoneware","13":"first","14":"instock","15":"taxable","16":"shipping-taxable","17":"purchasable","18":"product-type-simple","19":"entry","20":"content-bg","21":"loop-entry"},"acf":[],"brands":[{"id":17,"name":"Bloomingville","slug":"bloomingville"}],"_links":{"self":[{"href":"https:\/\/yournordichome.com\/cs\/wp-json\/wp\/v2\/product\/2732","targetHints":{"allow":["GET"]}}],"collection":[{"href":"https:\/\/yournordichome.com\/cs\/wp-json\/wp\/v2\/product"}],"about":[{"href":"https:\/\/yournordichome.com\/cs\/wp-json\/wp\/v2\/types\/product"}],"replies":[{"embeddable":true,"href":"https:\/\/yournordichome.com\/cs\/wp-json\/wp\/v2\/comments?post=2732"}],"wp:featuredmedia":[{"embeddable":true,"href":"https:\/\/yournordichome.com\/cs\/wp-json\/wp\/v2\/media\/2646"}],"wp:attachment":[{"href":"https:\/\/yournordichome.com\/cs\/wp-json\/wp\/v2\/media?parent=2732"}],"wp:term":[{"taxonomy":"pwb-brand","embeddable":true,"href":"https:\/\/yournordichome.com\/cs\/wp-json\/wp\/v2\/pwb-brand?post=2732"},{"taxonomy":"product_brand","embeddable":true,"href":"https:\/\/yournordichome.com\/cs\/wp-json\/wp\/v2\/product_brand?post=2732"},{"taxonomy":"product_cat","embeddable":true,"href":"https:\/\/yournordichome.com\/cs\/wp-json\/wp\/v2\/product_cat?post=2732"},{"taxonomy":"product_tag","embeddable":true,"href":"https:\/\/yournordichome.com\/cs\/wp-json\/wp\/v2\/product_tag?post=2732"},{"taxonomy":"gyarto","embeddable":true,"href":"https:\/\/yournordichome.com\/cs\/wp-json\/wp\/v2\/gyarto?post=2732"}],"curies":[{"name":"wp","href":"https:\/\/api.w.org\/{rel}","templated":true}]}}