{"id":2730,"date":"2023-06-18T14:55:30","date_gmt":"2023-06-18T14:55:30","guid":{"rendered":"https:\/\/yournordichome.com\/product\/clock-rustic-reclaimed-wood\/"},"modified":"2025-07-31T14:11:34","modified_gmt":"2025-07-31T14:11:34","slug":"hodiny-z-rustikalniho-regenerovaneho-dreva","status":"publish","type":"product","link":"https:\/\/yournordichome.com\/cs\/product\/clock-rustic-reclaimed-wood\/","title":{"rendered":"Hodiny - rustik\u00e1ln\u00ed - regenerovan\u00e9 d\u0159evo"},"content":{"rendered":"<p>Hodiny s rustik\u00e1ln\u00edm designem z regenerovan\u00e9ho d\u0159eva. Hodiny jsou z\u00e1bavn\u00e9, neot\u0159el\u00e9 a p\u0159itahuj\u00ed pozornost. Ukazuj\u00ed bezpodm\u00edne\u010dn\u011b dobr\u00fd vkus a progresivn\u00ed enviroment\u00e1ln\u00ed pov\u011bdom\u00ed.<\/p>\n<p>Rozm\u011bry v\u00fdrobku: D30xV2,5x\u016030 cm<br \/>\nBarva: hn\u011bd\u00e1<br \/>\nSlo\u017een\u00ed: Recyklovan\u00e9 d\u0159evo, sklo, MDF<br \/>\nVelikost a barva se m\u016f\u017ee li\u0161it, proto\u017ee je vyrobena z opakovan\u011b pou\u017eit\u00e9ho materi\u00e1lu.<\/p>","protected":false},"excerpt":{"rendered":"<p>N\u00e1st\u011bnn\u00e9 hodiny, kter\u00e9 jsou kr\u00e1sn\u00fdm kusem rustik\u00e1ln\u00edho d\u0159eva. Ka\u017ed\u00fd kus bude m\u00edt svou vlastn\u00ed strukturu, pocit a p\u0159\u00edb\u011bh, co\u017e je kr\u00e1sa tohoto v\u00fdrobku.<\/p>","protected":false},"featured_media":2668,"comment_status":"closed","ping_status":"closed","template":"","meta":{"_acf_changed":false,"_kad_post_transparent":"default","_kad_post_title":"","_kad_post_layout":"default","_kad_post_sidebar_id":"","_kad_post_content_style":"default","_kad_post_vertical_padding":"default","_kad_post_feature":"","_kad_post_feature_position":"","_kad_post_header":false,"_kad_post_footer":false,"_kad_post_classname":""},"pwb-brand":[17],"product_brand":[],"product_cat":[123,23],"product_tag":[1058,318],"gyarto":[],"class_list":{"0":"post-2730","1":"product","2":"type-product","3":"status-publish","4":"has-post-thumbnail","6":"pwb-brand-bloomingville","7":"product_cat-decorative-accessories","8":"product_cat-home-decor","9":"product_tag-new-year-sale","10":"product_tag-reclaimed-wood-furniture","11":"pa_colour-brown","12":"pa_material-reclaimed-wood","14":"first","15":"instock","16":"taxable","17":"shipping-taxable","18":"purchasable","19":"product-type-simple","20":"entry","21":"content-bg","22":"loop-entry"},"acf":[],"brands":[{"id":17,"name":"Bloomingville","slug":"bloomingville"}],"_links":{"self":[{"href":"https:\/\/yournordichome.com\/cs\/wp-json\/wp\/v2\/product\/2730","targetHints":{"allow":["GET"]}}],"collection":[{"href":"https:\/\/yournordichome.com\/cs\/wp-json\/wp\/v2\/product"}],"about":[{"href":"https:\/\/yournordichome.com\/cs\/wp-json\/wp\/v2\/types\/product"}],"replies":[{"embeddable":true,"href":"https:\/\/yournordichome.com\/cs\/wp-json\/wp\/v2\/comments?post=2730"}],"wp:featuredmedia":[{"embeddable":true,"href":"https:\/\/yournordichome.com\/cs\/wp-json\/wp\/v2\/media\/2668"}],"wp:attachment":[{"href":"https:\/\/yournordichome.com\/cs\/wp-json\/wp\/v2\/media?parent=2730"}],"wp:term":[{"taxonomy":"pwb-brand","embeddable":true,"href":"https:\/\/yournordichome.com\/cs\/wp-json\/wp\/v2\/pwb-brand?post=2730"},{"taxonomy":"product_brand","embeddable":true,"href":"https:\/\/yournordichome.com\/cs\/wp-json\/wp\/v2\/product_brand?post=2730"},{"taxonomy":"product_cat","embeddable":true,"href":"https:\/\/yournordichome.com\/cs\/wp-json\/wp\/v2\/product_cat?post=2730"},{"taxonomy":"product_tag","embeddable":true,"href":"https:\/\/yournordichome.com\/cs\/wp-json\/wp\/v2\/product_tag?post=2730"},{"taxonomy":"gyarto","embeddable":true,"href":"https:\/\/yournordichome.com\/cs\/wp-json\/wp\/v2\/gyarto?post=2730"}],"curies":[{"name":"wp","href":"https:\/\/api.w.org\/{rel}","templated":true}]}}