{"id":2629,"date":"2023-06-18T10:06:03","date_gmt":"2023-06-18T10:06:03","guid":{"rendered":"https:\/\/yournordichome.com\/product\/coffee-table-nature-2\/"},"modified":"2025-07-31T14:30:06","modified_gmt":"2025-07-31T14:30:06","slug":"konferencni-stolek-nature-2","status":"publish","type":"product","link":"https:\/\/yournordichome.com\/cs\/product\/coffee-table-nature-2\/","title":{"rendered":"P\u0159\u00edroda na konferen\u010dn\u00edm stolku"},"content":{"rendered":"<p>Konferen\u010dn\u00ed stolek s p\u0159\u00edrodn\u00edm designem z kau\u010dukov\u00e9ho d\u0159eva. Vytvo\u0159te vzru\u0161uj\u00edc\u00ed kombinaci s jeho dvojic\u00ed v tmav\u011b hn\u011bd\u00e9 barv\u011b, kter\u00e1 se k sob\u011b dokonale hod\u00ed.<\/p>\n<p>Rozm\u011bry v\u00fdrobku: D65xV40x\u016044 cm<br \/>\nBarva: p\u0159\u00edrodn\u00ed<br \/>\nSlo\u017een\u00ed: D\u0159evo kau\u010dukovn\u00edku<br \/>\nPokyny pro p\u00e9\u010di: V p\u0159\u00edpad\u011b pot\u0159eby se doporu\u010duje olej na d\u0159evo nebo vosk.<br \/>\nMaxim\u00e1ln\u00ed nosnost: 20 kg<br \/>\nVenkovn\u00ed pou\u017eit\u00ed: Ne<\/p>","protected":false},"excerpt":{"rendered":"<p>Konferen\u010dn\u00ed stolek z kau\u010dukov\u00e9ho d\u0159eva s hladk\u00fdm povrchem v klidn\u00e9m organick\u00e9m tvaru, kter\u00fd ozdob\u00ed ob\u00fdvac\u00ed pokoj.<\/p>","protected":false},"featured_media":2568,"comment_status":"closed","ping_status":"closed","template":"","meta":{"_acf_changed":false,"_kad_post_transparent":"default","_kad_post_title":"","_kad_post_layout":"default","_kad_post_sidebar_id":"","_kad_post_content_style":"default","_kad_post_vertical_padding":"default","_kad_post_feature":"","_kad_post_feature_position":"","_kad_post_header":false,"_kad_post_footer":false,"_kad_post_classname":""},"pwb-brand":[17],"product_brand":[],"product_cat":[158,157],"product_tag":[34],"gyarto":[],"class_list":{"0":"post-2629","1":"product","2":"type-product","3":"status-publish","4":"has-post-thumbnail","6":"pwb-brand-bloomingville","7":"product_cat-coffee-table","8":"product_cat-table","9":"product_tag-nordic-interior-design","10":"pa_colour-nature","11":"pa_material-rubberwood","13":"first","14":"instock","15":"taxable","16":"shipping-taxable","17":"purchasable","18":"product-type-simple","19":"entry","20":"content-bg","21":"loop-entry"},"acf":[],"brands":[{"id":17,"name":"Bloomingville","slug":"bloomingville"}],"_links":{"self":[{"href":"https:\/\/yournordichome.com\/cs\/wp-json\/wp\/v2\/product\/2629","targetHints":{"allow":["GET"]}}],"collection":[{"href":"https:\/\/yournordichome.com\/cs\/wp-json\/wp\/v2\/product"}],"about":[{"href":"https:\/\/yournordichome.com\/cs\/wp-json\/wp\/v2\/types\/product"}],"replies":[{"embeddable":true,"href":"https:\/\/yournordichome.com\/cs\/wp-json\/wp\/v2\/comments?post=2629"}],"wp:featuredmedia":[{"embeddable":true,"href":"https:\/\/yournordichome.com\/cs\/wp-json\/wp\/v2\/media\/2568"}],"wp:attachment":[{"href":"https:\/\/yournordichome.com\/cs\/wp-json\/wp\/v2\/media?parent=2629"}],"wp:term":[{"taxonomy":"pwb-brand","embeddable":true,"href":"https:\/\/yournordichome.com\/cs\/wp-json\/wp\/v2\/pwb-brand?post=2629"},{"taxonomy":"product_brand","embeddable":true,"href":"https:\/\/yournordichome.com\/cs\/wp-json\/wp\/v2\/product_brand?post=2629"},{"taxonomy":"product_cat","embeddable":true,"href":"https:\/\/yournordichome.com\/cs\/wp-json\/wp\/v2\/product_cat?post=2629"},{"taxonomy":"product_tag","embeddable":true,"href":"https:\/\/yournordichome.com\/cs\/wp-json\/wp\/v2\/product_tag?post=2629"},{"taxonomy":"gyarto","embeddable":true,"href":"https:\/\/yournordichome.com\/cs\/wp-json\/wp\/v2\/gyarto?post=2629"}],"curies":[{"name":"wp","href":"https:\/\/api.w.org\/{rel}","templated":true}]}}