{"id":2626,"date":"2023-06-18T10:06:03","date_gmt":"2023-06-18T10:06:03","guid":{"rendered":"https:\/\/yournordichome.com\/product\/floor-lamp-stoneware-nature\/"},"modified":"2025-07-31T14:28:18","modified_gmt":"2025-07-31T14:28:18","slug":"stojaci-lampa-kamenina-priroda","status":"publish","type":"product","link":"https:\/\/yournordichome.com\/cs\/product\/floor-lamp-stoneware-nature\/","title":{"rendered":"Stojac\u00ed lampa - kamenina - p\u0159\u00edroda"},"content":{"rendered":"<p>Stojac\u00ed lampa z kameniny s p\u0159\u00edrodn\u00edm designem pro v\u00e1\u0161 seversk\u00fd domov.<\/p>\n<p>Rozm\u011bry v\u00fdrobku: D24xH110 cm<br \/>\nVelikost odst\u00ednu: \u00df24xH65 cm<br \/>\nBarva: p\u0159\u00edrodn\u00ed<br \/>\nMateri\u00e1l: Kamenina<br \/>\nVelikost \u017e\u00e1rovky: E27<br \/>\nTyp \u017e\u00e1rovky: LED nebo \u00fasporn\u00e1 (CFL)<br \/>\nP\u0159\u00edkon \u017e\u00e1rovky max: \u017d\u00e1rovka: 40W \/ LED: 6W \/ CFL: 9W<br \/>\n\u017d\u00e1rovka nen\u00ed sou\u010d\u00e1st\u00ed dod\u00e1vky.<br \/>\nPokyny pro p\u00e9\u010di: Ot\u0159ete vlhk\u00fdm had\u0159\u00edkem.<br \/>\nBarva \u0161\u0148\u016fry: \u010dir\u00e1<br \/>\nD\u00e9lka \u0161\u0148\u016fry: 250 cm<br \/>\nMateri\u00e1l \u0161\u0148\u016fry: Materi\u00e1l: plast<br \/>\nVenkovn\u00ed pou\u017eit\u00ed: Ne<br \/>\nP\u0159ep\u00edna\u010d: Na \u0161\u0148\u016f\u0159e<\/p>","protected":false},"excerpt":{"rendered":"<p>Stojac\u00ed lampa s kameninov\u00fdm podstavcem s kr\u00e1sn\u011b strukturovan\u00fdm vzorem a st\u00ednidlem z bavlny. Nechte stojac\u00ed lampu rozz\u00e1\u0159it tmav\u00e1 z\u00e1kout\u00ed domova a navodit \u00fatulnou atmosf\u00e9ru.<\/p>","protected":false},"featured_media":2583,"comment_status":"closed","ping_status":"closed","template":"","meta":{"_acf_changed":false,"_kad_post_transparent":"default","_kad_post_title":"","_kad_post_layout":"default","_kad_post_sidebar_id":"","_kad_post_content_style":"default","_kad_post_vertical_padding":"default","_kad_post_feature":"","_kad_post_feature_position":"","_kad_post_header":false,"_kad_post_footer":false,"_kad_post_classname":""},"pwb-brand":[17],"product_brand":[],"product_cat":[176,72],"product_tag":[285,34,117],"gyarto":[],"class_list":{"0":"post-2626","1":"product","2":"type-product","3":"status-publish","4":"has-post-thumbnail","6":"pwb-brand-bloomingville","7":"product_cat-floor-lamp","8":"product_cat-lamp","9":"product_tag-minimalist-furniture","10":"product_tag-nordic-interior-design","11":"product_tag-nordic-lamp","12":"pa_colour-nature","13":"pa_material-stoneware","15":"first","16":"instock","17":"taxable","18":"shipping-taxable","19":"purchasable","20":"product-type-simple","21":"entry","22":"content-bg","23":"loop-entry"},"acf":[],"brands":[{"id":17,"name":"Bloomingville","slug":"bloomingville"}],"_links":{"self":[{"href":"https:\/\/yournordichome.com\/cs\/wp-json\/wp\/v2\/product\/2626","targetHints":{"allow":["GET"]}}],"collection":[{"href":"https:\/\/yournordichome.com\/cs\/wp-json\/wp\/v2\/product"}],"about":[{"href":"https:\/\/yournordichome.com\/cs\/wp-json\/wp\/v2\/types\/product"}],"replies":[{"embeddable":true,"href":"https:\/\/yournordichome.com\/cs\/wp-json\/wp\/v2\/comments?post=2626"}],"wp:featuredmedia":[{"embeddable":true,"href":"https:\/\/yournordichome.com\/cs\/wp-json\/wp\/v2\/media\/2583"}],"wp:attachment":[{"href":"https:\/\/yournordichome.com\/cs\/wp-json\/wp\/v2\/media?parent=2626"}],"wp:term":[{"taxonomy":"pwb-brand","embeddable":true,"href":"https:\/\/yournordichome.com\/cs\/wp-json\/wp\/v2\/pwb-brand?post=2626"},{"taxonomy":"product_brand","embeddable":true,"href":"https:\/\/yournordichome.com\/cs\/wp-json\/wp\/v2\/product_brand?post=2626"},{"taxonomy":"product_cat","embeddable":true,"href":"https:\/\/yournordichome.com\/cs\/wp-json\/wp\/v2\/product_cat?post=2626"},{"taxonomy":"product_tag","embeddable":true,"href":"https:\/\/yournordichome.com\/cs\/wp-json\/wp\/v2\/product_tag?post=2626"},{"taxonomy":"gyarto","embeddable":true,"href":"https:\/\/yournordichome.com\/cs\/wp-json\/wp\/v2\/gyarto?post=2626"}],"curies":[{"name":"wp","href":"https:\/\/api.w.org\/{rel}","templated":true}]}}