{"id":2622,"date":"2023-06-18T10:06:03","date_gmt":"2023-06-18T10:06:03","guid":{"rendered":"https:\/\/yournordichome.com\/product\/brown-pedestal-mango\/"},"modified":"2025-11-07T10:52:28","modified_gmt":"2025-11-07T10:52:28","slug":"hnedy-podstavec-mango","status":"publish","type":"product","link":"https:\/\/yournordichome.com\/cs\/product\/brown-pedestal-mango\/","title":{"rendered":"Hn\u011bd\u00fd podstavec mango"},"content":{"rendered":"<p>Podstavec z mangov\u00e9ho d\u0159eva v p\u0159\u00edrodn\u00edch barv\u00e1ch a \u010dern\u011b lakovan\u00fdch nohou v kr\u00e1sn\u011b propracovan\u00e9m designu. Prost\u011b ide\u00e1ln\u00ed do v\u0161ech m\u00edstnost\u00ed. Ka\u017ed\u00fd se bude li\u0161it a bude jedine\u010dn\u00fd d\u00edky p\u0159\u00edrodn\u00edmu materi\u00e1lu.<\/p>\n<p>Rozm\u011bry v\u00fdrobku: D\u00e9lka 45,5xH30,5x\u016020,5 cm<br \/>\nBarva: hn\u011bd\u00e1<br \/>\nSlo\u017een\u00ed: D\u0159evo manga<\/p>","protected":false},"excerpt":{"rendered":"<p>Podstavec z mangov\u00e9ho d\u0159eva s \u010dern\u011b lakovan\u00fdmi nohami. Pou\u017eijte ho jako mal\u00fd stole\u010dek pro rostlinu nebo jako odkl\u00e1dac\u00ed stolek - rozhodn\u011bte se sami!<\/p>","protected":false},"featured_media":2561,"comment_status":"closed","ping_status":"closed","template":"","meta":{"_acf_changed":false,"_kad_post_transparent":"default","_kad_post_title":"","_kad_post_layout":"default","_kad_post_sidebar_id":"","_kad_post_content_style":"default","_kad_post_vertical_padding":"default","_kad_post_feature":"","_kad_post_feature_position":"","_kad_post_header":false,"_kad_post_footer":false,"_kad_post_classname":""},"pwb-brand":[17],"product_brand":[],"product_cat":[152,233],"product_tag":[205,34],"gyarto":[],"class_list":{"0":"post-2622","1":"product","2":"type-product","3":"status-publish","4":"has-post-thumbnail","6":"pwb-brand-bloomingville","7":"product_cat-chair","8":"product_cat-stool","9":"product_tag-mango-wood-furniture","10":"product_tag-nordic-interior-design","11":"pa_colour-brown","12":"pa_material-mango-wood","14":"first","15":"outofstock","16":"taxable","17":"shipping-taxable","18":"purchasable","19":"product-type-simple","20":"entry","21":"content-bg","22":"loop-entry"},"acf":[],"brands":[{"id":17,"name":"Bloomingville","slug":"bloomingville"}],"_links":{"self":[{"href":"https:\/\/yournordichome.com\/cs\/wp-json\/wp\/v2\/product\/2622","targetHints":{"allow":["GET"]}}],"collection":[{"href":"https:\/\/yournordichome.com\/cs\/wp-json\/wp\/v2\/product"}],"about":[{"href":"https:\/\/yournordichome.com\/cs\/wp-json\/wp\/v2\/types\/product"}],"replies":[{"embeddable":true,"href":"https:\/\/yournordichome.com\/cs\/wp-json\/wp\/v2\/comments?post=2622"}],"wp:featuredmedia":[{"embeddable":true,"href":"https:\/\/yournordichome.com\/cs\/wp-json\/wp\/v2\/media\/2561"}],"wp:attachment":[{"href":"https:\/\/yournordichome.com\/cs\/wp-json\/wp\/v2\/media?parent=2622"}],"wp:term":[{"taxonomy":"pwb-brand","embeddable":true,"href":"https:\/\/yournordichome.com\/cs\/wp-json\/wp\/v2\/pwb-brand?post=2622"},{"taxonomy":"product_brand","embeddable":true,"href":"https:\/\/yournordichome.com\/cs\/wp-json\/wp\/v2\/product_brand?post=2622"},{"taxonomy":"product_cat","embeddable":true,"href":"https:\/\/yournordichome.com\/cs\/wp-json\/wp\/v2\/product_cat?post=2622"},{"taxonomy":"product_tag","embeddable":true,"href":"https:\/\/yournordichome.com\/cs\/wp-json\/wp\/v2\/product_tag?post=2622"},{"taxonomy":"gyarto","embeddable":true,"href":"https:\/\/yournordichome.com\/cs\/wp-json\/wp\/v2\/gyarto?post=2622"}],"curies":[{"name":"wp","href":"https:\/\/api.w.org\/{rel}","templated":true}]}}