{"id":2509,"date":"2023-06-16T15:22:19","date_gmt":"2023-06-16T15:22:19","guid":{"rendered":"https:\/\/yournordichome.com\/product\/pixy-elfie-in-matchbox\/"},"modified":"2023-12-12T13:18:05","modified_gmt":"2023-12-12T13:18:05","slug":"pixy-elfie-v-krabicce-od-sirek","status":"publish","type":"product","link":"https:\/\/yournordichome.com\/cs\/product\/pixy-elfie-in-matchbox\/","title":{"rendered":"Pixy Elfie v krabi\u010dce od sirek"},"content":{"rendered":"<p>Pixy Elfie v krabi\u010dce od sirek Maileg s kr\u00e1snou \u010dervenou \u010depic\u00ed. Kdykoli si r\u00e1da vyleze ze sv\u00e9 krabi\u010dky od sirek, aby si hr\u00e1la. D\u011bti si ji obl\u00edb\u00ed zejm\u00e9na proto, \u017ee o\u017eivuje poh\u00e1dkov\u00fd sv\u011bt, kolem kter\u00e9ho lze snadno vystav\u011bt fantazijn\u00ed p\u0159\u00edb\u011bh.<\/p>\n<p>Pe\u010dliv\u011b zpracovan\u00e1, kr\u00e1sn\u00e1 hra\u010dka od d\u00e1nsk\u00e9ho v\u00fdrobce Maileg obsahuje ve\u0161ker\u00e9 p\u0159\u00edslu\u0161enstv\u00ed, kter\u00e9 m\u016f\u017eete p\u0159i h\u0159e pot\u0159ebovat, ale st\u00e1le ponech\u00e1v\u00e1 prostor pro d\u011btskou fantazii.<\/p>\n<p>V\u00fd\u0161ka: 14 cm<br \/>\nMateri\u00e1l: Bavlna<br \/>\nN\u00e1pl\u0148: Recyklovan\u00fd polyester<br \/>\nUmyjte se: 30\u00b0C<\/p>","protected":false},"excerpt":{"rendered":"<p>Okouzluj\u00edc\u00ed sk\u0159\u00edtek, kter\u00fd \u017eije v pohodln\u011b vystlan\u00e9 krabi\u010dce od sirek. Jej\u00ed kr\u00e1sn\u00e1 \u010derven\u00e1 \u010depi\u010dka ji zah\u0159eje i v tom nejchladn\u011bj\u0161\u00edm po\u010das\u00ed a ve sv\u00e9 p\u016fvabn\u00e9 suk\u00fdnce se s radost\u00ed zapoj\u00ed do hry. Kdo by necht\u011bl m\u00edt mezi sv\u00fdmi kamar\u00e1dy opravdov\u00e9ho sk\u0159\u00edtka?<\/p>","protected":false},"featured_media":2492,"comment_status":"closed","ping_status":"closed","template":"","meta":{"_acf_changed":false,"_kad_post_transparent":"","_kad_post_title":"","_kad_post_layout":"","_kad_post_sidebar_id":"","_kad_post_content_style":"","_kad_post_vertical_padding":"","_kad_post_feature":"","_kad_post_feature_position":"","_kad_post_header":false,"_kad_post_footer":false,"_kad_post_classname":""},"pwb-brand":[18],"product_brand":[],"product_cat":[47,48],"product_tag":[],"gyarto":[],"class_list":{"0":"post-2509","1":"product","2":"type-product","3":"status-publish","4":"has-post-thumbnail","6":"pwb-brand-maileg","7":"product_cat-kids","8":"product_cat-toy","9":"pa_colour-multi","10":"pa_material-cotton","12":"first","13":"outofstock","14":"taxable","15":"shipping-taxable","16":"purchasable","17":"product-type-simple","18":"entry","19":"content-bg","20":"loop-entry"},"acf":[],"brands":[{"id":18,"name":"Maileg","slug":"maileg"}],"_links":{"self":[{"href":"https:\/\/yournordichome.com\/cs\/wp-json\/wp\/v2\/product\/2509","targetHints":{"allow":["GET"]}}],"collection":[{"href":"https:\/\/yournordichome.com\/cs\/wp-json\/wp\/v2\/product"}],"about":[{"href":"https:\/\/yournordichome.com\/cs\/wp-json\/wp\/v2\/types\/product"}],"replies":[{"embeddable":true,"href":"https:\/\/yournordichome.com\/cs\/wp-json\/wp\/v2\/comments?post=2509"}],"wp:featuredmedia":[{"embeddable":true,"href":"https:\/\/yournordichome.com\/cs\/wp-json\/wp\/v2\/media\/2492"}],"wp:attachment":[{"href":"https:\/\/yournordichome.com\/cs\/wp-json\/wp\/v2\/media?parent=2509"}],"wp:term":[{"taxonomy":"pwb-brand","embeddable":true,"href":"https:\/\/yournordichome.com\/cs\/wp-json\/wp\/v2\/pwb-brand?post=2509"},{"taxonomy":"product_brand","embeddable":true,"href":"https:\/\/yournordichome.com\/cs\/wp-json\/wp\/v2\/product_brand?post=2509"},{"taxonomy":"product_cat","embeddable":true,"href":"https:\/\/yournordichome.com\/cs\/wp-json\/wp\/v2\/product_cat?post=2509"},{"taxonomy":"product_tag","embeddable":true,"href":"https:\/\/yournordichome.com\/cs\/wp-json\/wp\/v2\/product_tag?post=2509"},{"taxonomy":"gyarto","embeddable":true,"href":"https:\/\/yournordichome.com\/cs\/wp-json\/wp\/v2\/gyarto?post=2509"}],"curies":[{"name":"wp","href":"https:\/\/api.w.org\/{rel}","templated":true}]}}