{"id":2331,"date":"2023-06-14T17:27:16","date_gmt":"2023-06-14T17:27:16","guid":{"rendered":"https:\/\/yournordichome.com\/product\/candlestick-with-face\/"},"modified":"2025-07-31T14:43:09","modified_gmt":"2025-07-31T14:43:09","slug":"svicen-s-oblicejem","status":"publish","type":"product","link":"https:\/\/yournordichome.com\/cs\/product\/candlestick-with-face\/","title":{"rendered":"Sv\u00edcen s obli\u010dejem"},"content":{"rendered":"<p>Sv\u00edcen se vzorem obli\u010deje z kr\u00e1sn\u00e9 zelen\u00e9 kameniny. Sv\u00edcen bude n\u00e1dhernou dekorac\u00ed va\u0161eho domova.<\/p>\n<p>Rozm\u011bry v\u00fdrobku: D8,5xH9 cm<br \/>\nSlo\u017een\u00ed: Kamenina<br \/>\nPr\u016fm\u011br sv\u00ed\u010dky: 2,2 cm<br \/>\nVzhledem k povaze glazury a ru\u010dn\u00ed v\u00fdrob\u011b se mohou vyskytnout barevn\u00e9 odchylky.<\/p>","protected":false},"excerpt":{"rendered":"<p>Sv\u00edcen se vzorem obli\u010deje, ru\u010dn\u011b vyroben\u00fd z kameniny.<\/p>","protected":false},"featured_media":2286,"comment_status":"closed","ping_status":"closed","template":"","meta":{"_acf_changed":false,"_kad_post_transparent":"default","_kad_post_title":"","_kad_post_layout":"default","_kad_post_sidebar_id":"","_kad_post_content_style":"default","_kad_post_vertical_padding":"default","_kad_post_feature":"","_kad_post_feature_position":"","_kad_post_header":false,"_kad_post_footer":false,"_kad_post_classname":""},"pwb-brand":[17],"product_brand":[],"product_cat":[23,357],"product_tag":[346,26,34],"gyarto":[],"class_list":{"0":"post-2331","1":"product","2":"type-product","3":"status-publish","4":"has-post-thumbnail","6":"pwb-brand-bloomingville","7":"product_cat-home-decor","8":"product_cat-vase","9":"product_tag-candle-holder","10":"product_tag-nordic-home-decor","11":"product_tag-nordic-interior-design","12":"pa_colour-green","13":"pa_material-stoneware","15":"first","16":"instock","17":"taxable","18":"shipping-taxable","19":"purchasable","20":"product-type-simple","21":"entry","22":"content-bg","23":"loop-entry"},"acf":[],"brands":[{"id":17,"name":"Bloomingville","slug":"bloomingville"}],"_links":{"self":[{"href":"https:\/\/yournordichome.com\/cs\/wp-json\/wp\/v2\/product\/2331","targetHints":{"allow":["GET"]}}],"collection":[{"href":"https:\/\/yournordichome.com\/cs\/wp-json\/wp\/v2\/product"}],"about":[{"href":"https:\/\/yournordichome.com\/cs\/wp-json\/wp\/v2\/types\/product"}],"replies":[{"embeddable":true,"href":"https:\/\/yournordichome.com\/cs\/wp-json\/wp\/v2\/comments?post=2331"}],"wp:featuredmedia":[{"embeddable":true,"href":"https:\/\/yournordichome.com\/cs\/wp-json\/wp\/v2\/media\/2286"}],"wp:attachment":[{"href":"https:\/\/yournordichome.com\/cs\/wp-json\/wp\/v2\/media?parent=2331"}],"wp:term":[{"taxonomy":"pwb-brand","embeddable":true,"href":"https:\/\/yournordichome.com\/cs\/wp-json\/wp\/v2\/pwb-brand?post=2331"},{"taxonomy":"product_brand","embeddable":true,"href":"https:\/\/yournordichome.com\/cs\/wp-json\/wp\/v2\/product_brand?post=2331"},{"taxonomy":"product_cat","embeddable":true,"href":"https:\/\/yournordichome.com\/cs\/wp-json\/wp\/v2\/product_cat?post=2331"},{"taxonomy":"product_tag","embeddable":true,"href":"https:\/\/yournordichome.com\/cs\/wp-json\/wp\/v2\/product_tag?post=2331"},{"taxonomy":"gyarto","embeddable":true,"href":"https:\/\/yournordichome.com\/cs\/wp-json\/wp\/v2\/gyarto?post=2331"}],"curies":[{"name":"wp","href":"https:\/\/api.w.org\/{rel}","templated":true}]}}