{"id":2327,"date":"2023-06-14T17:27:16","date_gmt":"2023-06-14T17:27:16","guid":{"rendered":"https:\/\/yournordichome.com\/product\/poster-clip\/"},"modified":"2025-07-31T14:46:32","modified_gmt":"2025-07-31T14:46:32","slug":"plakatovy-klip","status":"publish","type":"product","link":"https:\/\/yournordichome.com\/cs\/product\/poster-clip\/","title":{"rendered":"Plak\u00e1tov\u00fd klip"},"content":{"rendered":"<p>Plak\u00e1tov\u00fd klip z jedlov\u00e9ho d\u0159eva s h\u00e1\u010dkem z \u010dern\u00e9ho \u017eeleza.<\/p>\n<p>Rozm\u011bry v\u00fdrobku: D\u00e9lka: 19xV8x\u01602 cm<br \/>\nBarva: p\u0159\u00edrodn\u00ed<br \/>\nSlo\u017een\u00ed: Jedlov\u00e9 d\u0159evo, \u017eelezo<\/p>","protected":false},"excerpt":{"rendered":"<p>Plak\u00e1tov\u00e1 li\u0161ta z borovicov\u00e9ho d\u0159eva v p\u0159\u00edrodn\u00ed barv\u011b s \u010dern\u00fdm kovov\u00fdm h\u00e1\u010dkem. Pou\u017eijte tento klip na plak\u00e1ty - snadn\u00fd zp\u016fsob, jak je dekorativn\u011b zav\u011bsit na ze\u010f.<\/p>","protected":false},"featured_media":2307,"comment_status":"closed","ping_status":"closed","template":"","meta":{"_acf_changed":false,"_kad_post_transparent":"default","_kad_post_title":"","_kad_post_layout":"default","_kad_post_sidebar_id":"","_kad_post_content_style":"default","_kad_post_vertical_padding":"default","_kad_post_feature":"","_kad_post_feature_position":"","_kad_post_header":false,"_kad_post_footer":false,"_kad_post_classname":""},"pwb-brand":[17],"product_brand":[],"product_cat":[123,23],"product_tag":[26],"gyarto":[],"class_list":{"0":"post-2327","1":"product","2":"type-product","3":"status-publish","4":"has-post-thumbnail","6":"pwb-brand-bloomingville","7":"product_cat-decorative-accessories","8":"product_cat-home-decor","9":"product_tag-nordic-home-decor","10":"pa_colour-nature","11":"pa_material-pine-wood","13":"first","14":"instock","15":"taxable","16":"shipping-taxable","17":"purchasable","18":"product-type-simple","19":"entry","20":"content-bg","21":"loop-entry"},"acf":[],"brands":[{"id":17,"name":"Bloomingville","slug":"bloomingville"}],"_links":{"self":[{"href":"https:\/\/yournordichome.com\/cs\/wp-json\/wp\/v2\/product\/2327","targetHints":{"allow":["GET"]}}],"collection":[{"href":"https:\/\/yournordichome.com\/cs\/wp-json\/wp\/v2\/product"}],"about":[{"href":"https:\/\/yournordichome.com\/cs\/wp-json\/wp\/v2\/types\/product"}],"replies":[{"embeddable":true,"href":"https:\/\/yournordichome.com\/cs\/wp-json\/wp\/v2\/comments?post=2327"}],"wp:featuredmedia":[{"embeddable":true,"href":"https:\/\/yournordichome.com\/cs\/wp-json\/wp\/v2\/media\/2307"}],"wp:attachment":[{"href":"https:\/\/yournordichome.com\/cs\/wp-json\/wp\/v2\/media?parent=2327"}],"wp:term":[{"taxonomy":"pwb-brand","embeddable":true,"href":"https:\/\/yournordichome.com\/cs\/wp-json\/wp\/v2\/pwb-brand?post=2327"},{"taxonomy":"product_brand","embeddable":true,"href":"https:\/\/yournordichome.com\/cs\/wp-json\/wp\/v2\/product_brand?post=2327"},{"taxonomy":"product_cat","embeddable":true,"href":"https:\/\/yournordichome.com\/cs\/wp-json\/wp\/v2\/product_cat?post=2327"},{"taxonomy":"product_tag","embeddable":true,"href":"https:\/\/yournordichome.com\/cs\/wp-json\/wp\/v2\/product_tag?post=2327"},{"taxonomy":"gyarto","embeddable":true,"href":"https:\/\/yournordichome.com\/cs\/wp-json\/wp\/v2\/gyarto?post=2327"}],"curies":[{"name":"wp","href":"https:\/\/api.w.org\/{rel}","templated":true}]}}