{"id":2326,"date":"2023-06-14T17:27:16","date_gmt":"2023-06-14T17:27:16","guid":{"rendered":"https:\/\/yournordichome.com\/product\/black-white-vase\/"},"modified":"2025-07-31T14:47:16","modified_gmt":"2025-07-31T14:47:16","slug":"cerna-bila-vaza","status":"publish","type":"product","link":"https:\/\/yournordichome.com\/cs\/product\/black-white-vase\/","title":{"rendered":"\u010cernob\u00edl\u00e1 v\u00e1za"},"content":{"rendered":"<p>\u010cernob\u00edl\u00e1 v\u00e1za z kameniny. Tato v\u00e1za ve tvaru d\u017eb\u00e1nu p\u0159isp\u011bje k \u00fatuln\u00e9mu dojmu v ka\u017ed\u00e9 m\u00edstnosti, kde je um\u00edst\u011bna. T\u00e9m\u011b\u0159 jako p\u0159i v\u00fdjime\u010dn\u00fdch p\u0159\u00edle\u017eitostech a oslav\u00e1ch, kdy dostanete tolik kv\u011btin, \u017ee v\u00e1m dojdou v\u00e1zy a za\u010dnete d\u017eb\u00e1ny pou\u017e\u00edvat i jako v\u00e1zy. \u010cern\u00e1 kamenina a kontrastn\u00ed b\u00edl\u00e9 linie v\u0161ak zajist\u00ed, \u017ee nebude pochyb o tom, \u017ee se jedn\u00e1 o v\u00e1zu, a to kr\u00e1snou, ne jen o to, co jste m\u011bli ve sk\u0159\u00edni.<\/p>\n<p>Rozm\u011bry v\u00fdrobku: D7,5xV17x\u016011 cm<br \/>\nBarva: \u010dern\u00e1<br \/>\nSlo\u017een\u00ed: Kamenina<\/p>","protected":false},"excerpt":{"rendered":"<p>\u010cernob\u00edl\u00e1 v\u00e1za z kameniny s klasick\u00fdm seversk\u00fdm designem. Vypad\u00e1 kr\u00e1sn\u011b v jednobarevn\u00fdch i barevn\u00fdch dom\u00e1cnostech.<\/p>","protected":false},"featured_media":2277,"comment_status":"closed","ping_status":"closed","template":"","meta":{"_acf_changed":false,"_kad_post_transparent":"default","_kad_post_title":"","_kad_post_layout":"default","_kad_post_sidebar_id":"","_kad_post_content_style":"default","_kad_post_vertical_padding":"default","_kad_post_feature":"","_kad_post_feature_position":"","_kad_post_header":false,"_kad_post_footer":false,"_kad_post_classname":""},"pwb-brand":[17],"product_brand":[],"product_cat":[23,357],"product_tag":[26],"gyarto":[],"class_list":{"0":"post-2326","1":"product","2":"type-product","3":"status-publish","4":"has-post-thumbnail","6":"pwb-brand-bloomingville","7":"product_cat-home-decor","8":"product_cat-vase","9":"product_tag-nordic-home-decor","10":"pa_colour-black","11":"pa_material-stoneware","13":"first","14":"instock","15":"taxable","16":"shipping-taxable","17":"purchasable","18":"product-type-simple","19":"entry","20":"content-bg","21":"loop-entry"},"acf":[],"brands":[{"id":17,"name":"Bloomingville","slug":"bloomingville"}],"_links":{"self":[{"href":"https:\/\/yournordichome.com\/cs\/wp-json\/wp\/v2\/product\/2326","targetHints":{"allow":["GET"]}}],"collection":[{"href":"https:\/\/yournordichome.com\/cs\/wp-json\/wp\/v2\/product"}],"about":[{"href":"https:\/\/yournordichome.com\/cs\/wp-json\/wp\/v2\/types\/product"}],"replies":[{"embeddable":true,"href":"https:\/\/yournordichome.com\/cs\/wp-json\/wp\/v2\/comments?post=2326"}],"wp:featuredmedia":[{"embeddable":true,"href":"https:\/\/yournordichome.com\/cs\/wp-json\/wp\/v2\/media\/2277"}],"wp:attachment":[{"href":"https:\/\/yournordichome.com\/cs\/wp-json\/wp\/v2\/media?parent=2326"}],"wp:term":[{"taxonomy":"pwb-brand","embeddable":true,"href":"https:\/\/yournordichome.com\/cs\/wp-json\/wp\/v2\/pwb-brand?post=2326"},{"taxonomy":"product_brand","embeddable":true,"href":"https:\/\/yournordichome.com\/cs\/wp-json\/wp\/v2\/product_brand?post=2326"},{"taxonomy":"product_cat","embeddable":true,"href":"https:\/\/yournordichome.com\/cs\/wp-json\/wp\/v2\/product_cat?post=2326"},{"taxonomy":"product_tag","embeddable":true,"href":"https:\/\/yournordichome.com\/cs\/wp-json\/wp\/v2\/product_tag?post=2326"},{"taxonomy":"gyarto","embeddable":true,"href":"https:\/\/yournordichome.com\/cs\/wp-json\/wp\/v2\/gyarto?post=2326"}],"curies":[{"name":"wp","href":"https:\/\/api.w.org\/{rel}","templated":true}]}}