{"id":2318,"date":"2023-06-14T17:27:16","date_gmt":"2023-06-14T17:27:16","guid":{"rendered":"https:\/\/yournordichome.com\/product\/botanical-poster-2\/"},"modified":"2025-07-31T14:39:31","modified_gmt":"2025-07-31T14:39:31","slug":"botanicky-plakat-2","status":"publish","type":"product","link":"https:\/\/yournordichome.com\/cs\/product\/botanical-poster-2\/","title":{"rendered":"Botanick\u00fd plak\u00e1t #2"},"content":{"rendered":"<p>Botanick\u00fd plak\u00e1t z pap\u00edru. Um\u00edst\u011bte jej do obl\u00edben\u00e9ho r\u00e1me\u010dku nebo jej p\u0159ipevn\u011bte na ze\u010f pomoc\u00ed klipov\u00e9ho dr\u017e\u00e1ku na plak\u00e1ty.<\/p>\n<p>Velikost: 35 x 25,5 cm<br \/>\nMateri\u00e1l: pap\u00edr<\/p>","protected":false},"excerpt":{"rendered":"<p>Botanick\u00fd plak\u00e1t na pap\u00ed\u0159e s jemn\u00fdmi barvami a kr\u00e1sn\u00fdm designem. Sm\u00edchejte botanick\u00e9 a kv\u011btinov\u00e9 plak\u00e1ty a z\u00edskejte prost\u0159ed\u00ed, kter\u00e9 jste si v\u017edy p\u0159\u00e1li.<\/p>","protected":false},"featured_media":2283,"comment_status":"closed","ping_status":"closed","template":"","meta":{"_acf_changed":false,"_kad_post_transparent":"default","_kad_post_title":"","_kad_post_layout":"default","_kad_post_sidebar_id":"","_kad_post_content_style":"default","_kad_post_vertical_padding":"default","_kad_post_feature":"","_kad_post_feature_position":"","_kad_post_header":false,"_kad_post_footer":false,"_kad_post_classname":""},"pwb-brand":[17],"product_brand":[],"product_cat":[23,355],"product_tag":[26],"gyarto":[],"class_list":{"0":"post-2318","1":"product","2":"type-product","3":"status-publish","4":"has-post-thumbnail","6":"pwb-brand-bloomingville","7":"product_cat-home-decor","8":"product_cat-poster","9":"product_tag-nordic-home-decor","10":"pa_colour-multi","11":"pa_material-paper","13":"first","14":"instock","15":"taxable","16":"shipping-taxable","17":"purchasable","18":"product-type-simple","19":"entry","20":"content-bg","21":"loop-entry"},"acf":[],"brands":[{"id":17,"name":"Bloomingville","slug":"bloomingville"}],"_links":{"self":[{"href":"https:\/\/yournordichome.com\/cs\/wp-json\/wp\/v2\/product\/2318","targetHints":{"allow":["GET"]}}],"collection":[{"href":"https:\/\/yournordichome.com\/cs\/wp-json\/wp\/v2\/product"}],"about":[{"href":"https:\/\/yournordichome.com\/cs\/wp-json\/wp\/v2\/types\/product"}],"replies":[{"embeddable":true,"href":"https:\/\/yournordichome.com\/cs\/wp-json\/wp\/v2\/comments?post=2318"}],"wp:featuredmedia":[{"embeddable":true,"href":"https:\/\/yournordichome.com\/cs\/wp-json\/wp\/v2\/media\/2283"}],"wp:attachment":[{"href":"https:\/\/yournordichome.com\/cs\/wp-json\/wp\/v2\/media?parent=2318"}],"wp:term":[{"taxonomy":"pwb-brand","embeddable":true,"href":"https:\/\/yournordichome.com\/cs\/wp-json\/wp\/v2\/pwb-brand?post=2318"},{"taxonomy":"product_brand","embeddable":true,"href":"https:\/\/yournordichome.com\/cs\/wp-json\/wp\/v2\/product_brand?post=2318"},{"taxonomy":"product_cat","embeddable":true,"href":"https:\/\/yournordichome.com\/cs\/wp-json\/wp\/v2\/product_cat?post=2318"},{"taxonomy":"product_tag","embeddable":true,"href":"https:\/\/yournordichome.com\/cs\/wp-json\/wp\/v2\/product_tag?post=2318"},{"taxonomy":"gyarto","embeddable":true,"href":"https:\/\/yournordichome.com\/cs\/wp-json\/wp\/v2\/gyarto?post=2318"}],"curies":[{"name":"wp","href":"https:\/\/api.w.org\/{rel}","templated":true}]}}