{"id":2269,"date":"2023-06-12T18:39:24","date_gmt":"2023-06-12T18:39:24","guid":{"rendered":"https:\/\/yournordichome.com\/product\/paper-towel-holder\/"},"modified":"2025-11-17T20:45:03","modified_gmt":"2025-11-17T20:45:03","slug":"drzak-papirovych-rucniku","status":"publish","type":"product","link":"https:\/\/yournordichome.com\/cs\/product\/paper-towel-holder\/","title":{"rendered":"Dr\u017e\u00e1k pap\u00edrov\u00fdch ru\u010dn\u00edk\u016f"},"content":{"rendered":"<p>Dr\u017e\u00e1k na pap\u00edrov\u00e9 ut\u011brky s keramick\u00fdm podstavcem, dekorativn\u00ed, ru\u010dn\u011b malovan\u00fd vzor. Ozvl\u00e1\u0161tn\u011bte i jednoduch\u00e9 pom\u016fcky, pou\u017e\u00edvejte v kuchyni dopl\u0148ky, kter\u00e9 v\u00e1m d\u011blaj\u00ed radost!<\/p>\n<p>Rozm\u011bry: ? 16 x 32 cm<br \/>\nMateri\u00e1l: kamenina, bambus<br \/>\nRu\u010dn\u00ed raz\u00edtko<\/p>\n<p>\u00daspora zdroj\u016f<br \/>\nS t\u00edmto produktem si kupujete udr\u017eitelnou a ekologickou alternativu k b\u011b\u017en\u00fdm v\u00fdrobk\u016fm. Obaly byly omezeny na minimum.<\/p>\n<p>Veletrh a spole\u010densk\u00e9 akce<br \/>\nV\u00fdrobn\u00ed partne\u0159i spole\u010dnosti Tranquillo jsou \u010dleny iniciativy BSCI (Business Social Compliance Initiative), jej\u00edm\u017e c\u00edlem je zlep\u0161it pracovn\u00ed podm\u00ednky na cel\u00e9m sv\u011bt\u011b. Spole\u010dnost Tranquillo a jej\u00ed partne\u0159i spole\u010dn\u011b definuj\u00ed a sleduj\u00ed c\u00edle, kter\u00e9 zaji\u0161\u0165uj\u00ed v\u00fdrobu udr\u017eiteln\u00fdch v\u00fdrobk\u016f za eticky dobr\u00fdch podm\u00ednek. Dodr\u017eov\u00e1n\u00ed Kodexu chov\u00e1n\u00ed BSCI je pravideln\u011b kontrolov\u00e1no nez\u00e1vislou testovac\u00ed organizac\u00ed.<\/p>","protected":false},"excerpt":{"rendered":"<p>S dr\u017e\u00e1kem na pap\u00edrov\u00e9 ut\u011brky budete m\u00edt v\u017edy na dosah \u010derstv\u00fd kuchy\u0148sk\u00fd pap\u00edr, ide\u00e1ln\u00ed pomocn\u00edk v kuchyni. Dr\u017e\u00e1k se skl\u00e1d\u00e1 z kulat\u00e9 desky z kameniny s detailn\u00edm potiskem pro dobrou stabilitu a vysok\u00e9 bambusov\u00e9 ty\u010de, p\u0159es kterou je um\u00edst\u011bna kuchy\u0148sk\u00e1 role.<\/p>","protected":false},"featured_media":2215,"comment_status":"closed","ping_status":"closed","template":"","meta":{"_acf_changed":false,"_kad_post_transparent":"default","_kad_post_title":"","_kad_post_layout":"default","_kad_post_sidebar_id":"","_kad_post_content_style":"default","_kad_post_vertical_padding":"default","_kad_post_feature":"","_kad_post_feature_position":"","_kad_post_header":false,"_kad_post_footer":false,"_kad_post_classname":""},"pwb-brand":[345],"product_brand":[],"product_cat":[299,36],"product_tag":[350,352,351],"gyarto":[],"class_list":{"0":"post-2269","1":"product","2":"type-product","3":"status-publish","4":"has-post-thumbnail","6":"pwb-brand-tranquillo","7":"product_cat-kitchen-accessories","8":"product_cat-kitchen-and-dining","9":"product_tag-kitchen-accessories","10":"product_tag-kitchen-ceramics","11":"product_tag-nordic-kitchen","12":"pa_colour-multi","13":"pa_material-stoneware","15":"first","16":"outofstock","17":"taxable","18":"shipping-taxable","19":"purchasable","20":"product-type-simple","21":"entry","22":"content-bg","23":"loop-entry"},"acf":[],"brands":[{"id":345,"name":"Tranquillo","slug":"tranquillo"}],"_links":{"self":[{"href":"https:\/\/yournordichome.com\/cs\/wp-json\/wp\/v2\/product\/2269","targetHints":{"allow":["GET"]}}],"collection":[{"href":"https:\/\/yournordichome.com\/cs\/wp-json\/wp\/v2\/product"}],"about":[{"href":"https:\/\/yournordichome.com\/cs\/wp-json\/wp\/v2\/types\/product"}],"replies":[{"embeddable":true,"href":"https:\/\/yournordichome.com\/cs\/wp-json\/wp\/v2\/comments?post=2269"}],"wp:featuredmedia":[{"embeddable":true,"href":"https:\/\/yournordichome.com\/cs\/wp-json\/wp\/v2\/media\/2215"}],"wp:attachment":[{"href":"https:\/\/yournordichome.com\/cs\/wp-json\/wp\/v2\/media?parent=2269"}],"wp:term":[{"taxonomy":"pwb-brand","embeddable":true,"href":"https:\/\/yournordichome.com\/cs\/wp-json\/wp\/v2\/pwb-brand?post=2269"},{"taxonomy":"product_brand","embeddable":true,"href":"https:\/\/yournordichome.com\/cs\/wp-json\/wp\/v2\/product_brand?post=2269"},{"taxonomy":"product_cat","embeddable":true,"href":"https:\/\/yournordichome.com\/cs\/wp-json\/wp\/v2\/product_cat?post=2269"},{"taxonomy":"product_tag","embeddable":true,"href":"https:\/\/yournordichome.com\/cs\/wp-json\/wp\/v2\/product_tag?post=2269"},{"taxonomy":"gyarto","embeddable":true,"href":"https:\/\/yournordichome.com\/cs\/wp-json\/wp\/v2\/gyarto?post=2269"}],"curies":[{"name":"wp","href":"https:\/\/api.w.org\/{rel}","templated":true}]}}