{"id":2175,"date":"2023-06-12T18:12:29","date_gmt":"2023-06-12T18:12:29","guid":{"rendered":"https:\/\/yournordichome.com\/product\/round-black-rug-seagrass\/"},"modified":"2025-07-31T14:55:36","modified_gmt":"2025-07-31T14:55:36","slug":"kulaty-cerny-koberec-z-morske-travy","status":"publish","type":"product","link":"https:\/\/yournordichome.com\/cs\/product\/round-black-rug-seagrass\/","title":{"rendered":"Kulat\u00fd \u010dern\u00fd koberec z mo\u0159sk\u00e9 tr\u00e1vy"},"content":{"rendered":"<p>Kulat\u00fd koberec z juty 100% tkan\u00fd do kulat\u00e9ho tvaru s \u010dern\u00fdmi pruhy. Skv\u011ble se hod\u00ed pod st\u016fl, do \u00fatuln\u00e9ho koutu nebo t\u0159eba do koupelny, kde p\u016fsob\u00ed \u00fatuln\u011b a p\u0159irozen\u011b. Koberec dod\u00e1 klidnou a relaxa\u010dn\u00ed atmosf\u00e9ru v\u0161ude, kam ho um\u00edst\u00edte.<\/p>\n<p>Rozm\u011bry v\u00fdrobku: D120 cm<br \/>\nBarva: \u010dern\u00e1<br \/>\nMateri\u00e1l: Mo\u0159sk\u00e1 tr\u00e1va<br \/>\nSlo\u017een\u00ed: 100% Juta<\/p>","protected":false},"excerpt":{"rendered":"<p>Kulat\u00e1 juta z mo\u0159sk\u00e9 \u0159asy s kruhov\u00fdm vzorem \u010dern\u00e9 a p\u0159\u00edrodn\u00ed barvy. Jutov\u00fd materi\u00e1l zaji\u0161\u0165uje p\u0159\u00edjemn\u00fd pocit pro va\u0161e nohy a z\u00e1rove\u0148 p\u0159isp\u00edv\u00e1 k p\u0159\u00edrodn\u00edmu vzhledu a stylu.<\/p>","protected":false},"featured_media":2141,"comment_status":"closed","ping_status":"closed","template":"","meta":{"_acf_changed":false,"_kad_post_transparent":"default","_kad_post_title":"","_kad_post_layout":"default","_kad_post_sidebar_id":"","_kad_post_content_style":"default","_kad_post_vertical_padding":"default","_kad_post_feature":"","_kad_post_feature_position":"","_kad_post_header":false,"_kad_post_footer":false,"_kad_post_classname":""},"pwb-brand":[17],"product_brand":[],"product_cat":[88,65],"product_tag":[82,112,34,80],"gyarto":[],"class_list":{"0":"post-2175","1":"product","2":"type-product","3":"status-publish","4":"has-post-thumbnail","6":"pwb-brand-bloomingville","7":"product_cat-rug","8":"product_cat-rugs-and-textiles","9":"product_tag-carpet","10":"product_tag-jute-rug","11":"product_tag-nordic-interior-design","12":"product_tag-nordic-style-rug","13":"pa_colour-black","14":"pa_material-seagrass","16":"first","17":"instock","18":"taxable","19":"shipping-taxable","20":"purchasable","21":"product-type-simple","22":"entry","23":"content-bg","24":"loop-entry"},"acf":[],"brands":[{"id":17,"name":"Bloomingville","slug":"bloomingville"}],"_links":{"self":[{"href":"https:\/\/yournordichome.com\/cs\/wp-json\/wp\/v2\/product\/2175","targetHints":{"allow":["GET"]}}],"collection":[{"href":"https:\/\/yournordichome.com\/cs\/wp-json\/wp\/v2\/product"}],"about":[{"href":"https:\/\/yournordichome.com\/cs\/wp-json\/wp\/v2\/types\/product"}],"replies":[{"embeddable":true,"href":"https:\/\/yournordichome.com\/cs\/wp-json\/wp\/v2\/comments?post=2175"}],"wp:featuredmedia":[{"embeddable":true,"href":"https:\/\/yournordichome.com\/cs\/wp-json\/wp\/v2\/media\/2141"}],"wp:attachment":[{"href":"https:\/\/yournordichome.com\/cs\/wp-json\/wp\/v2\/media?parent=2175"}],"wp:term":[{"taxonomy":"pwb-brand","embeddable":true,"href":"https:\/\/yournordichome.com\/cs\/wp-json\/wp\/v2\/pwb-brand?post=2175"},{"taxonomy":"product_brand","embeddable":true,"href":"https:\/\/yournordichome.com\/cs\/wp-json\/wp\/v2\/product_brand?post=2175"},{"taxonomy":"product_cat","embeddable":true,"href":"https:\/\/yournordichome.com\/cs\/wp-json\/wp\/v2\/product_cat?post=2175"},{"taxonomy":"product_tag","embeddable":true,"href":"https:\/\/yournordichome.com\/cs\/wp-json\/wp\/v2\/product_tag?post=2175"},{"taxonomy":"gyarto","embeddable":true,"href":"https:\/\/yournordichome.com\/cs\/wp-json\/wp\/v2\/gyarto?post=2175"}],"curies":[{"name":"wp","href":"https:\/\/api.w.org\/{rel}","templated":true}]}}