{"id":2171,"date":"2023-06-12T18:12:29","date_gmt":"2023-06-12T18:12:29","guid":{"rendered":"https:\/\/yournordichome.com\/product\/lill-basket-w-lid\/"},"modified":"2025-07-31T14:53:50","modified_gmt":"2025-07-31T14:53:50","slug":"kos-lill-s-vikem","status":"publish","type":"product","link":"https:\/\/yournordichome.com\/cs\/product\/lill-basket-w-lid\/","title":{"rendered":"Ko\u0161 s v\u00edkem"},"content":{"rendered":"<p>Ko\u0161\u00edk s v\u00edkem z mo\u0159sk\u00e9 tr\u00e1vy, okouzluj\u00edc\u00ed dopln\u011bk do d\u011btsk\u00e9ho pokoje. Kr\u00e1sn\u00fd a praktick\u00fd dopln\u011bk do d\u011btsk\u00e9ho pokoje.<\/p>\n<p>Rozm\u011bry v\u00fdrobku: D62xV44x\u016040,5 cm<br \/>\nBarva: hn\u011bd\u00e1<br \/>\nSlo\u017een\u00ed: Ban\u00e1nov\u00e1 tr\u00e1va, prout\u00ed, \u017eelezo<\/p>","protected":false},"excerpt":{"rendered":"<p>Roztomil\u00fd \u00falo\u017en\u00fd ko\u0161 v barv\u011b Bankuan Grass ve tvaru hol\u010di\u010dky. Ko\u0161 je ide\u00e1ln\u00ed pro ulo\u017een\u00ed v\u0161ech v\u011bc\u00ed v ob\u00fdvac\u00edm pokoji, lo\u017enici nebo v d\u011btsk\u00e9m pokoji.<\/p>","protected":false},"featured_media":2101,"comment_status":"closed","ping_status":"closed","template":"","meta":{"_acf_changed":false,"_kad_post_transparent":"default","_kad_post_title":"","_kad_post_layout":"default","_kad_post_sidebar_id":"","_kad_post_content_style":"default","_kad_post_vertical_padding":"default","_kad_post_feature":"","_kad_post_feature_position":"","_kad_post_header":false,"_kad_post_footer":false,"_kad_post_classname":""},"pwb-brand":[17],"product_brand":[],"product_cat":[77,47],"product_tag":[148,34,255,187],"gyarto":[],"class_list":{"0":"post-2171","1":"product","2":"type-product","3":"status-publish","4":"has-post-thumbnail","6":"pwb-brand-bloomingville","7":"product_cat-childrens-furniture","8":"product_cat-kids","9":"product_tag-kids-room-storage","10":"product_tag-nordic-interior-design","11":"product_tag-seagrass-furniture","12":"product_tag-storage-basket","13":"pa_colour-brown","14":"pa_material-bankuan-grass","16":"first","17":"instock","18":"taxable","19":"shipping-taxable","20":"purchasable","21":"product-type-simple","22":"entry","23":"content-bg","24":"loop-entry"},"acf":[],"brands":[{"id":17,"name":"Bloomingville","slug":"bloomingville"}],"_links":{"self":[{"href":"https:\/\/yournordichome.com\/cs\/wp-json\/wp\/v2\/product\/2171","targetHints":{"allow":["GET"]}}],"collection":[{"href":"https:\/\/yournordichome.com\/cs\/wp-json\/wp\/v2\/product"}],"about":[{"href":"https:\/\/yournordichome.com\/cs\/wp-json\/wp\/v2\/types\/product"}],"replies":[{"embeddable":true,"href":"https:\/\/yournordichome.com\/cs\/wp-json\/wp\/v2\/comments?post=2171"}],"wp:featuredmedia":[{"embeddable":true,"href":"https:\/\/yournordichome.com\/cs\/wp-json\/wp\/v2\/media\/2101"}],"wp:attachment":[{"href":"https:\/\/yournordichome.com\/cs\/wp-json\/wp\/v2\/media?parent=2171"}],"wp:term":[{"taxonomy":"pwb-brand","embeddable":true,"href":"https:\/\/yournordichome.com\/cs\/wp-json\/wp\/v2\/pwb-brand?post=2171"},{"taxonomy":"product_brand","embeddable":true,"href":"https:\/\/yournordichome.com\/cs\/wp-json\/wp\/v2\/product_brand?post=2171"},{"taxonomy":"product_cat","embeddable":true,"href":"https:\/\/yournordichome.com\/cs\/wp-json\/wp\/v2\/product_cat?post=2171"},{"taxonomy":"product_tag","embeddable":true,"href":"https:\/\/yournordichome.com\/cs\/wp-json\/wp\/v2\/product_tag?post=2171"},{"taxonomy":"gyarto","embeddable":true,"href":"https:\/\/yournordichome.com\/cs\/wp-json\/wp\/v2\/gyarto?post=2171"}],"curies":[{"name":"wp","href":"https:\/\/api.w.org\/{rel}","templated":true}]}}