{"id":2169,"date":"2023-06-12T18:12:29","date_gmt":"2023-06-12T18:12:29","guid":{"rendered":"https:\/\/yournordichome.com\/product\/wall-cabinet-purple\/"},"modified":"2025-07-31T14:54:33","modified_gmt":"2025-07-31T14:54:33","slug":"nastenna-skrinka-fialova","status":"publish","type":"product","link":"https:\/\/yournordichome.com\/cs\/product\/wall-cabinet-purple\/","title":{"rendered":"N\u00e1st\u011bnn\u00e1 sk\u0159\u00ed\u0148ka fialov\u00e1"},"content":{"rendered":"<p>N\u00e1st\u011bnn\u00e1 sk\u0159\u00ed\u0148ka ve fialov\u00e9 barv\u011b s policemi. Lze ji pou\u017e\u00edt v cel\u00e9m dom\u011b.<\/p>\n<p>Rozm\u011bry v\u00fdrobku: D40xV80x\u016030 cm<br \/>\nVzd\u00e1lenost mezi policemi: 25 cm<br \/>\nVelikost vnit\u0159n\u00edch prostor: 37\u00d727 cm<br \/>\nBarva: Fialov\u00e1<br \/>\nSlo\u017een\u00ed: MDF<br \/>\nPokyny pro p\u00e9\u010di: Ot\u0159ete vlhk\u00fdm had\u0159\u00edkem.<br \/>\nMateri\u00e1l a barva knofl\u00edk\u016f: Materi\u00e1l: kov, mosaz<br \/>\nMaxim\u00e1ln\u00ed nosnost: 15 kg<\/p>","protected":false},"excerpt":{"rendered":"<p>N\u00e1st\u011bnn\u00e1 sk\u0159\u00ed\u0148ka v kr\u00e1sn\u00e9 sv\u011btle fialov\u00e9 barv\u011b se dv\u011bma policemi. P\u0159edn\u00ed strana sk\u0159\u00ed\u0148ky m\u00e1 p\u011bkn\u00fd reli\u00e9fn\u00ed grafick\u00fd vzor a mosaznou \u00fachytku.<\/p>","protected":false},"featured_media":2160,"comment_status":"closed","ping_status":"closed","template":"","meta":{"_acf_changed":false,"_kad_post_transparent":"default","_kad_post_title":"","_kad_post_layout":"default","_kad_post_sidebar_id":"","_kad_post_content_style":"default","_kad_post_vertical_padding":"default","_kad_post_feature":"","_kad_post_feature_position":"","_kad_post_header":false,"_kad_post_footer":false,"_kad_post_classname":""},"pwb-brand":[17],"product_brand":[],"product_cat":[94,167],"product_tag":[97,148,34],"gyarto":[],"class_list":{"0":"post-2169","1":"product","2":"type-product","3":"status-publish","4":"has-post-thumbnail","6":"pwb-brand-bloomingville","7":"product_cat-furniture","8":"product_cat-wall-shelf","9":"product_tag-chest-of-drawers","10":"product_tag-kids-room-storage","11":"product_tag-nordic-interior-design","12":"pa_colour-purple","13":"pa_material-mdf","15":"first","16":"instock","17":"taxable","18":"shipping-taxable","19":"purchasable","20":"product-type-simple","21":"entry","22":"content-bg","23":"loop-entry"},"acf":[],"brands":[{"id":17,"name":"Bloomingville","slug":"bloomingville"}],"_links":{"self":[{"href":"https:\/\/yournordichome.com\/cs\/wp-json\/wp\/v2\/product\/2169","targetHints":{"allow":["GET"]}}],"collection":[{"href":"https:\/\/yournordichome.com\/cs\/wp-json\/wp\/v2\/product"}],"about":[{"href":"https:\/\/yournordichome.com\/cs\/wp-json\/wp\/v2\/types\/product"}],"replies":[{"embeddable":true,"href":"https:\/\/yournordichome.com\/cs\/wp-json\/wp\/v2\/comments?post=2169"}],"wp:featuredmedia":[{"embeddable":true,"href":"https:\/\/yournordichome.com\/cs\/wp-json\/wp\/v2\/media\/2160"}],"wp:attachment":[{"href":"https:\/\/yournordichome.com\/cs\/wp-json\/wp\/v2\/media?parent=2169"}],"wp:term":[{"taxonomy":"pwb-brand","embeddable":true,"href":"https:\/\/yournordichome.com\/cs\/wp-json\/wp\/v2\/pwb-brand?post=2169"},{"taxonomy":"product_brand","embeddable":true,"href":"https:\/\/yournordichome.com\/cs\/wp-json\/wp\/v2\/product_brand?post=2169"},{"taxonomy":"product_cat","embeddable":true,"href":"https:\/\/yournordichome.com\/cs\/wp-json\/wp\/v2\/product_cat?post=2169"},{"taxonomy":"product_tag","embeddable":true,"href":"https:\/\/yournordichome.com\/cs\/wp-json\/wp\/v2\/product_tag?post=2169"},{"taxonomy":"gyarto","embeddable":true,"href":"https:\/\/yournordichome.com\/cs\/wp-json\/wp\/v2\/gyarto?post=2169"}],"curies":[{"name":"wp","href":"https:\/\/api.w.org\/{rel}","templated":true}]}}