{"id":2079,"date":"2023-06-04T16:19:15","date_gmt":"2023-06-04T16:19:15","guid":{"rendered":"https:\/\/yournordichome.com\/product\/superhero-mouse-maileg\/"},"modified":"2025-11-17T20:39:47","modified_gmt":"2025-11-17T20:39:47","slug":"superhrdina-mys-maileg","status":"publish","type":"product","link":"https:\/\/yournordichome.com\/cs\/product\/superhero-mouse-maileg\/","title":{"rendered":"Superhrdinsk\u00e1 my\u0161 Maileg"},"content":{"rendered":"<p><strong>Superhrdinsk\u00e1 my\u0161 od Maileg<\/strong> \u017eije v krabi\u010dce od sirek. Je tu pro ka\u017ed\u00e9 d\u00edt\u011b, kter\u00e9 pot\u0159ebuje superhrdinsk\u00e9ho kamar\u00e1da, a bude mu odv\u00e1\u017en\u00fdm spole\u010dn\u00edkem p\u0159i ka\u017ed\u00e9m dobrodru\u017estv\u00ed. Krom\u011b masky m\u00e1 tak\u00e9 okouzluj\u00edc\u00ed masku na o\u010di na noc, kdy se schov\u00e1v\u00e1 pod pe\u0159inou ve sv\u00e9 krabi\u010dce od sirek, kter\u00e1 m\u016f\u017ee vypr\u00e1v\u011bt p\u0159\u00edb\u011bhy o mnoha dobrodru\u017estv\u00edch.<\/p>\n<p>V\u00fd\u0161ka (my\u0161): 11 cm (v\u00fd\u0161ka my\u0161i)<br \/>\nMateri\u00e1l: Materi\u00e1l: bavlna \/ polyester<br \/>\nN\u00e1pl\u0148: POL.\/PE PELLE<br \/>\nUmyjte se: 30\u00b0C<\/p>","protected":false},"excerpt":{"rendered":"<p>My\u0161\u00ed superhrdina \u017eije v krabi\u010dce od sirek a m\u00e1 pl\u00e1\u0161\u0165 a masku. Kdy\u017e zrovna ned\u011bl\u00e1 hrdinsk\u00e9 v\u011bci, odpo\u010d\u00edv\u00e1 ve sv\u00e9 krabi\u010dce od sirek, kde mu sp\u00e1nek zaji\u0161\u0165uje pohodln\u00fd pol\u0161t\u00e1\u0159 a deka. Pokud je v\u0161ak pot\u0159eba vstoupit na sc\u00e9nu, je okam\u017eit\u011b u toho!<\/p>","protected":false},"featured_media":2062,"comment_status":"closed","ping_status":"closed","template":"","meta":{"_acf_changed":false,"_kad_post_transparent":"default","_kad_post_title":"","_kad_post_layout":"default","_kad_post_sidebar_id":"","_kad_post_content_style":"default","_kad_post_vertical_padding":"default","_kad_post_feature":"","_kad_post_feature_position":"","_kad_post_header":false,"_kad_post_footer":false,"_kad_post_classname":""},"pwb-brand":[18],"product_brand":[],"product_cat":[47,48],"product_tag":[290],"gyarto":[],"class_list":{"0":"post-2079","1":"product","2":"type-product","3":"status-publish","4":"has-post-thumbnail","6":"pwb-brand-maileg","7":"product_cat-kids","8":"product_cat-toy","9":"product_tag-maileg-mouse","10":"pa_colour-multi","11":"pa_material-cotton","12":"pa_material-paper","14":"first","15":"outofstock","16":"taxable","17":"shipping-taxable","18":"purchasable","19":"product-type-simple","20":"entry","21":"content-bg","22":"loop-entry"},"acf":[],"brands":[{"id":18,"name":"Maileg","slug":"maileg"}],"_links":{"self":[{"href":"https:\/\/yournordichome.com\/cs\/wp-json\/wp\/v2\/product\/2079","targetHints":{"allow":["GET"]}}],"collection":[{"href":"https:\/\/yournordichome.com\/cs\/wp-json\/wp\/v2\/product"}],"about":[{"href":"https:\/\/yournordichome.com\/cs\/wp-json\/wp\/v2\/types\/product"}],"replies":[{"embeddable":true,"href":"https:\/\/yournordichome.com\/cs\/wp-json\/wp\/v2\/comments?post=2079"}],"wp:featuredmedia":[{"embeddable":true,"href":"https:\/\/yournordichome.com\/cs\/wp-json\/wp\/v2\/media\/2062"}],"wp:attachment":[{"href":"https:\/\/yournordichome.com\/cs\/wp-json\/wp\/v2\/media?parent=2079"}],"wp:term":[{"taxonomy":"pwb-brand","embeddable":true,"href":"https:\/\/yournordichome.com\/cs\/wp-json\/wp\/v2\/pwb-brand?post=2079"},{"taxonomy":"product_brand","embeddable":true,"href":"https:\/\/yournordichome.com\/cs\/wp-json\/wp\/v2\/product_brand?post=2079"},{"taxonomy":"product_cat","embeddable":true,"href":"https:\/\/yournordichome.com\/cs\/wp-json\/wp\/v2\/product_cat?post=2079"},{"taxonomy":"product_tag","embeddable":true,"href":"https:\/\/yournordichome.com\/cs\/wp-json\/wp\/v2\/product_tag?post=2079"},{"taxonomy":"gyarto","embeddable":true,"href":"https:\/\/yournordichome.com\/cs\/wp-json\/wp\/v2\/gyarto?post=2079"}],"curies":[{"name":"wp","href":"https:\/\/api.w.org\/{rel}","templated":true}]}}