{"id":2078,"date":"2023-06-04T16:19:15","date_gmt":"2023-06-04T16:19:15","guid":{"rendered":"https:\/\/yournordichome.com\/product\/table-lamp-in-mercury-glass\/"},"modified":"2025-12-01T00:19:06","modified_gmt":"2025-12-01T00:19:06","slug":"stolni-lampa-ze-rtutoveho-skla","status":"publish","type":"product","link":"https:\/\/yournordichome.com\/cs\/product\/table-lamp-in-mercury-glass\/","title":{"rendered":"Stoln\u00ed lampa ze rtu\u0165ov\u00e9ho skla"},"content":{"rendered":"<p>Stoln\u00ed lampa ze rtu\u0165ov\u00e9ho skla se ln\u011bn\u00fdm st\u00ednidlem.<\/p>\n<p>Rozm\u011bry v\u00fdrobku: V54\/D25,5 cm<br \/>\nMateri\u00e1l: Materi\u00e1l: mosaz, bavlna, sklo, \u017eelezo, PVC<br \/>\nVelikost \u017e\u00e1rovky: E27<br \/>\nP\u0159\u00edkon \u017e\u00e1rovky: 60 W<br \/>\n\u017d\u00e1rovka nen\u00ed sou\u010d\u00e1st\u00ed dod\u00e1vky.<\/p>","protected":false},"excerpt":{"rendered":"<p>Stoln\u00ed lampa ze rtu\u0165ov\u00e9ho skla ve st\u0159\u00edbrn\u00e9 barv\u011b s diamantov\u00fdm brusem. M\u00e1 p\u011bkn\u00e9 sv\u011btl\u00e9 ln\u011bn\u00e9 st\u00ednidlo.<\/p>","protected":false},"featured_media":2066,"comment_status":"closed","ping_status":"closed","template":"","meta":{"_acf_changed":false,"_kad_post_transparent":"default","_kad_post_title":"","_kad_post_layout":"default","_kad_post_sidebar_id":"","_kad_post_content_style":"default","_kad_post_vertical_padding":"default","_kad_post_feature":"","_kad_post_feature_position":"","_kad_post_header":false,"_kad_post_footer":false,"_kad_post_classname":""},"pwb-brand":[19],"product_brand":[],"product_cat":[73,72],"product_tag":[324,1109,1058,34,117],"gyarto":[],"class_list":{"0":"post-2078","1":"product","2":"type-product","3":"status-publish","4":"has-post-thumbnail","6":"pwb-brand-chic-antique","7":"product_cat-desk-and-table-lamp","8":"product_cat-lamp","9":"product_tag-glass-lamp","10":"product_tag-last-item-in-stock","11":"product_tag-new-year-sale","12":"product_tag-nordic-interior-design","13":"product_tag-nordic-lamp","14":"pa_colour-silver","15":"pa_material-glass","17":"first","18":"instock","19":"taxable","20":"shipping-taxable","21":"purchasable","22":"product-type-simple","23":"entry","24":"content-bg","25":"loop-entry"},"acf":[],"brands":[{"id":19,"name":"Chic Antique","slug":"elegantni-starozitnosti"}],"_links":{"self":[{"href":"https:\/\/yournordichome.com\/cs\/wp-json\/wp\/v2\/product\/2078","targetHints":{"allow":["GET"]}}],"collection":[{"href":"https:\/\/yournordichome.com\/cs\/wp-json\/wp\/v2\/product"}],"about":[{"href":"https:\/\/yournordichome.com\/cs\/wp-json\/wp\/v2\/types\/product"}],"replies":[{"embeddable":true,"href":"https:\/\/yournordichome.com\/cs\/wp-json\/wp\/v2\/comments?post=2078"}],"wp:featuredmedia":[{"embeddable":true,"href":"https:\/\/yournordichome.com\/cs\/wp-json\/wp\/v2\/media\/2066"}],"wp:attachment":[{"href":"https:\/\/yournordichome.com\/cs\/wp-json\/wp\/v2\/media?parent=2078"}],"wp:term":[{"taxonomy":"pwb-brand","embeddable":true,"href":"https:\/\/yournordichome.com\/cs\/wp-json\/wp\/v2\/pwb-brand?post=2078"},{"taxonomy":"product_brand","embeddable":true,"href":"https:\/\/yournordichome.com\/cs\/wp-json\/wp\/v2\/product_brand?post=2078"},{"taxonomy":"product_cat","embeddable":true,"href":"https:\/\/yournordichome.com\/cs\/wp-json\/wp\/v2\/product_cat?post=2078"},{"taxonomy":"product_tag","embeddable":true,"href":"https:\/\/yournordichome.com\/cs\/wp-json\/wp\/v2\/product_tag?post=2078"},{"taxonomy":"gyarto","embeddable":true,"href":"https:\/\/yournordichome.com\/cs\/wp-json\/wp\/v2\/gyarto?post=2078"}],"curies":[{"name":"wp","href":"https:\/\/api.w.org\/{rel}","templated":true}]}}