{"id":2041,"date":"2023-06-04T13:16:44","date_gmt":"2023-06-04T13:16:44","guid":{"rendered":"https:\/\/yournordichome.com\/product\/levis-basket-nature\/"},"modified":"2025-07-31T15:09:40","modified_gmt":"2025-07-31T15:09:40","slug":"levis-basket-nature","status":"publish","type":"product","link":"https:\/\/yournordichome.com\/cs\/product\/levis-basket-nature\/","title":{"rendered":"Levis Basket Nature"},"content":{"rendered":"<p>Ko\u0161 z palmov\u00fdch list\u016f, kter\u00fd dod\u00e1 ka\u017ed\u00e9 m\u00edstnosti n\u00e1dech p\u0159\u00edrody.<\/p>\n<p>Rozm\u011bry v\u00fdrobku: D55xH56,5 cm<br \/>\nBarva: p\u0159\u00edrodn\u00ed<br \/>\nSlo\u017een\u00ed: Slo\u017een\u00ed: Geband Palm, \u017eelezo<\/p>","protected":false},"excerpt":{"rendered":"<p>Ko\u0161\u00edk z palmov\u00fdch list\u016f se zvl\u00e1\u0161tn\u00edm, um\u011bleck\u00fdm tvarem. Vlo\u017ete do n\u011bj such\u00e9 kv\u011btiny a z\u00edsk\u00e1te p\u0159\u00edrodn\u00ed, jedine\u010dnou dekoraci pro sv\u016fj domov.<\/p>","protected":false},"featured_media":2007,"comment_status":"closed","ping_status":"closed","template":"","meta":{"_acf_changed":false,"_kad_post_transparent":"default","_kad_post_title":"","_kad_post_layout":"default","_kad_post_sidebar_id":"","_kad_post_content_style":"default","_kad_post_vertical_padding":"default","_kad_post_feature":"","_kad_post_feature_position":"","_kad_post_header":false,"_kad_post_footer":false,"_kad_post_classname":""},"pwb-brand":[17],"product_brand":[],"product_cat":[23,123],"product_tag":[26,34,187],"gyarto":[],"class_list":{"0":"post-2041","1":"product","2":"type-product","3":"status-publish","4":"has-post-thumbnail","6":"pwb-brand-bloomingville","7":"product_cat-home-decor","8":"product_cat-decorative-accessories","9":"product_tag-nordic-home-decor","10":"product_tag-nordic-interior-design","11":"product_tag-storage-basket","12":"pa_colour-nature","13":"pa_material-palm-leaf","15":"first","16":"instock","17":"taxable","18":"shipping-taxable","19":"purchasable","20":"product-type-simple","21":"entry","22":"content-bg","23":"loop-entry"},"acf":[],"brands":[{"id":17,"name":"Bloomingville","slug":"bloomingville"}],"_links":{"self":[{"href":"https:\/\/yournordichome.com\/cs\/wp-json\/wp\/v2\/product\/2041","targetHints":{"allow":["GET"]}}],"collection":[{"href":"https:\/\/yournordichome.com\/cs\/wp-json\/wp\/v2\/product"}],"about":[{"href":"https:\/\/yournordichome.com\/cs\/wp-json\/wp\/v2\/types\/product"}],"replies":[{"embeddable":true,"href":"https:\/\/yournordichome.com\/cs\/wp-json\/wp\/v2\/comments?post=2041"}],"wp:featuredmedia":[{"embeddable":true,"href":"https:\/\/yournordichome.com\/cs\/wp-json\/wp\/v2\/media\/2007"}],"wp:attachment":[{"href":"https:\/\/yournordichome.com\/cs\/wp-json\/wp\/v2\/media?parent=2041"}],"wp:term":[{"taxonomy":"pwb-brand","embeddable":true,"href":"https:\/\/yournordichome.com\/cs\/wp-json\/wp\/v2\/pwb-brand?post=2041"},{"taxonomy":"product_brand","embeddable":true,"href":"https:\/\/yournordichome.com\/cs\/wp-json\/wp\/v2\/product_brand?post=2041"},{"taxonomy":"product_cat","embeddable":true,"href":"https:\/\/yournordichome.com\/cs\/wp-json\/wp\/v2\/product_cat?post=2041"},{"taxonomy":"product_tag","embeddable":true,"href":"https:\/\/yournordichome.com\/cs\/wp-json\/wp\/v2\/product_tag?post=2041"},{"taxonomy":"gyarto","embeddable":true,"href":"https:\/\/yournordichome.com\/cs\/wp-json\/wp\/v2\/gyarto?post=2041"}],"curies":[{"name":"wp","href":"https:\/\/api.w.org\/{rel}","templated":true}]}}