{"id":1980,"date":"2023-06-04T10:19:44","date_gmt":"2023-06-04T10:19:44","guid":{"rendered":"https:\/\/yournordichome.com\/product\/floor-lamp-with-ginkgo-leaves\/"},"modified":"2025-09-18T14:01:51","modified_gmt":"2025-09-18T14:01:51","slug":"stojaci-lampa-s-listy-ginkga","status":"publish","type":"product","link":"https:\/\/yournordichome.com\/cs\/product\/floor-lamp-with-ginkgo-leaves\/","title":{"rendered":"Stojac\u00ed lampa s listy ginkga"},"content":{"rendered":"<p>Stojac\u00ed lampa ve staromosazn\u00e9m proveden\u00ed se speci\u00e1ln\u00edm designem. \u017d\u00e1rovky jsou ukryty za \u010dty\u0159mi listy jinanu, kter\u00e9 v m\u00edstnosti vytv\u00e1\u0159ej\u00ed kouzelnou atmosf\u00e9ru.<\/p>\n<p>Rozm\u011bry v\u00fdrobku: V150\/L65\/W25 cm<br \/>\nBarva: staro\u017eitn\u00e1 mosaz<br \/>\nMateri\u00e1l: \u017delezo<br \/>\nVelikost \u017e\u00e1rovky: E27<br \/>\nP\u0159\u00edkon \u017e\u00e1rovky: 40 W<br \/>\nDr\u00e1t: 190 cm<\/p>","protected":false},"excerpt":{"rendered":"<p>Stojac\u00ed lampa se 4 listy ginkga ve staromosazn\u00e9m proveden\u00ed. V\u00fdjime\u010dn\u00fd kousek pro dekoraci va\u0161eho domova s organick\u00fdm tvarem a p\u0159\u00edjemn\u00fdmi barvami.<\/p>","protected":false},"featured_media":1904,"comment_status":"closed","ping_status":"closed","template":"","meta":{"_acf_changed":false,"_kad_post_transparent":"default","_kad_post_title":"","_kad_post_layout":"default","_kad_post_sidebar_id":"","_kad_post_content_style":"default","_kad_post_vertical_padding":"default","_kad_post_feature":"","_kad_post_feature_position":"","_kad_post_header":false,"_kad_post_footer":false,"_kad_post_classname":""},"pwb-brand":[19],"product_brand":[],"product_cat":[176,72],"product_tag":[34,117,25],"gyarto":[],"class_list":{"0":"post-1980","1":"product","2":"type-product","3":"status-publish","4":"has-post-thumbnail","6":"pwb-brand-chic-antique","7":"product_cat-floor-lamp","8":"product_cat-lamp","9":"product_tag-nordic-interior-design","10":"product_tag-nordic-lamp","11":"product_tag-shabby-chic","12":"pa_colour-brass","13":"pa_material-metal","15":"first","16":"outofstock","17":"taxable","18":"shipping-taxable","19":"purchasable","20":"product-type-simple","21":"entry","22":"content-bg","23":"loop-entry"},"acf":[],"brands":[{"id":19,"name":"Chic Antique","slug":"elegantni-starozitnosti"}],"_links":{"self":[{"href":"https:\/\/yournordichome.com\/cs\/wp-json\/wp\/v2\/product\/1980","targetHints":{"allow":["GET"]}}],"collection":[{"href":"https:\/\/yournordichome.com\/cs\/wp-json\/wp\/v2\/product"}],"about":[{"href":"https:\/\/yournordichome.com\/cs\/wp-json\/wp\/v2\/types\/product"}],"replies":[{"embeddable":true,"href":"https:\/\/yournordichome.com\/cs\/wp-json\/wp\/v2\/comments?post=1980"}],"wp:featuredmedia":[{"embeddable":true,"href":"https:\/\/yournordichome.com\/cs\/wp-json\/wp\/v2\/media\/1904"}],"wp:attachment":[{"href":"https:\/\/yournordichome.com\/cs\/wp-json\/wp\/v2\/media?parent=1980"}],"wp:term":[{"taxonomy":"pwb-brand","embeddable":true,"href":"https:\/\/yournordichome.com\/cs\/wp-json\/wp\/v2\/pwb-brand?post=1980"},{"taxonomy":"product_brand","embeddable":true,"href":"https:\/\/yournordichome.com\/cs\/wp-json\/wp\/v2\/product_brand?post=1980"},{"taxonomy":"product_cat","embeddable":true,"href":"https:\/\/yournordichome.com\/cs\/wp-json\/wp\/v2\/product_cat?post=1980"},{"taxonomy":"product_tag","embeddable":true,"href":"https:\/\/yournordichome.com\/cs\/wp-json\/wp\/v2\/product_tag?post=1980"},{"taxonomy":"gyarto","embeddable":true,"href":"https:\/\/yournordichome.com\/cs\/wp-json\/wp\/v2\/gyarto?post=1980"}],"curies":[{"name":"wp","href":"https:\/\/api.w.org\/{rel}","templated":true}]}}