{"id":1856,"date":"2023-06-02T17:50:25","date_gmt":"2023-06-02T17:50:25","guid":{"rendered":"https:\/\/yournordichome.com\/product\/brown-stool\/"},"modified":"2025-08-01T17:09:47","modified_gmt":"2025-08-01T17:09:47","slug":"hneda-stolicka","status":"publish","type":"product","link":"https:\/\/yournordichome.com\/cs\/product\/brown-stool\/","title":{"rendered":"Hn\u011bd\u00e1 stoli\u010dka"},"content":{"rendered":"<p>Hn\u011bd\u00e1 stolice, ru\u010dn\u011b vyroben\u00e1 z abaky, druhu ban\u00e1novn\u00edku poch\u00e1zej\u00edc\u00edho z Filip\u00edn. Jej\u00ed vl\u00e1kna jsou pevn\u00e1, tuh\u00e1 a dr\u017e\u00ed strukturu, tak\u017ee je to vynikaj\u00edc\u00ed p\u0159\u00edrodn\u00ed materi\u00e1l pro drobn\u00fd dekorativn\u00ed n\u00e1bytek. Jedn\u00e1 se o multifunk\u010dn\u00ed puf, kter\u00fd m\u016f\u017eete pou\u017e\u00edt jako stoli\u010dku, podno\u017eku nebo mal\u00fd konferen\u010dn\u00ed stolek.<\/p>\n<p>Rozm\u011bry v\u00fdrobku: D38xV40,5x\u016045 cm<br \/>\nBarva: hn\u011bd\u00e1<br \/>\nSlo\u017een\u00ed: Slo\u017een\u00ed: abaka, \u017eelezo<br \/>\nPokyny pro p\u00e9\u010di: Ot\u0159ete vlhk\u00fdm had\u0159\u00edkem.<br \/>\nMaxim\u00e1ln\u00ed nosnost: 110 kg<br \/>\nVenkovn\u00ed pou\u017eit\u00ed: Ne<\/p>","protected":false},"excerpt":{"rendered":"<p>Hn\u011bd\u00e1 stoli\u010dka, ru\u010dn\u011b vyroben\u00e1 z abaky, druhu ban\u00e1novn\u00edku poch\u00e1zej\u00edc\u00edho z Filip\u00edn. Tento jedine\u010dn\u00fd a ekologick\u00fd dopln\u011bk vytvo\u0159\u00ed ve va\u0161em domov\u011b n\u00e1dhernou atmosf\u00e9ru!<\/p>","protected":false},"featured_media":1799,"comment_status":"closed","ping_status":"closed","template":"","meta":{"_acf_changed":false,"_kad_post_transparent":"default","_kad_post_title":"","_kad_post_layout":"default","_kad_post_sidebar_id":"","_kad_post_content_style":"default","_kad_post_vertical_padding":"default","_kad_post_feature":"","_kad_post_feature_position":"","_kad_post_header":false,"_kad_post_footer":false,"_kad_post_classname":""},"pwb-brand":[17],"product_brand":[],"product_cat":[341,157],"product_tag":[],"gyarto":[],"class_list":{"0":"post-1856","1":"product","2":"type-product","3":"status-publish","4":"has-post-thumbnail","6":"pwb-brand-bloomingville","7":"product_cat-side-table","8":"product_cat-table","9":"pa_colour-brown","10":"pa_material-abaca","12":"first","13":"instock","14":"taxable","15":"shipping-taxable","16":"purchasable","17":"product-type-simple","18":"entry","19":"content-bg","20":"loop-entry"},"acf":[],"brands":[{"id":17,"name":"Bloomingville","slug":"bloomingville"}],"_links":{"self":[{"href":"https:\/\/yournordichome.com\/cs\/wp-json\/wp\/v2\/product\/1856","targetHints":{"allow":["GET"]}}],"collection":[{"href":"https:\/\/yournordichome.com\/cs\/wp-json\/wp\/v2\/product"}],"about":[{"href":"https:\/\/yournordichome.com\/cs\/wp-json\/wp\/v2\/types\/product"}],"replies":[{"embeddable":true,"href":"https:\/\/yournordichome.com\/cs\/wp-json\/wp\/v2\/comments?post=1856"}],"wp:featuredmedia":[{"embeddable":true,"href":"https:\/\/yournordichome.com\/cs\/wp-json\/wp\/v2\/media\/1799"}],"wp:attachment":[{"href":"https:\/\/yournordichome.com\/cs\/wp-json\/wp\/v2\/media?parent=1856"}],"wp:term":[{"taxonomy":"pwb-brand","embeddable":true,"href":"https:\/\/yournordichome.com\/cs\/wp-json\/wp\/v2\/pwb-brand?post=1856"},{"taxonomy":"product_brand","embeddable":true,"href":"https:\/\/yournordichome.com\/cs\/wp-json\/wp\/v2\/product_brand?post=1856"},{"taxonomy":"product_cat","embeddable":true,"href":"https:\/\/yournordichome.com\/cs\/wp-json\/wp\/v2\/product_cat?post=1856"},{"taxonomy":"product_tag","embeddable":true,"href":"https:\/\/yournordichome.com\/cs\/wp-json\/wp\/v2\/product_tag?post=1856"},{"taxonomy":"gyarto","embeddable":true,"href":"https:\/\/yournordichome.com\/cs\/wp-json\/wp\/v2\/gyarto?post=1856"}],"curies":[{"name":"wp","href":"https:\/\/api.w.org\/{rel}","templated":true}]}}