{"id":1786,"date":"2023-06-01T20:38:55","date_gmt":"2023-06-01T20:38:55","guid":{"rendered":"https:\/\/yournordichome.com\/product\/pendant-lamp-of-seagrass\/"},"modified":"2025-08-01T17:10:39","modified_gmt":"2025-08-01T17:10:39","slug":"zavesna-lampa-z-morske-travy","status":"publish","type":"product","link":"https:\/\/yournordichome.com\/cs\/product\/pendant-lamp-of-seagrass\/","title":{"rendered":"Z\u00e1v\u011bsn\u00e1 lampa z mo\u0159sk\u00e9 tr\u00e1vy"},"content":{"rendered":"<p>Z\u00e1v\u011bsn\u00e9 sv\u00edtidlo z mo\u0159sk\u00e9 tr\u00e1vy v p\u0159\u00edrodn\u00edch barv\u00e1ch se zaj\u00edmavou kombinac\u00ed sv\u011btl\u00fdch a tmav\u00fdch vl\u00e1ken. St\u00ednidlo je tvarov\u011b velmi jednoduch\u00e9 a klasick\u00e9 a je vypleteno p\u0159\u00edrodn\u00ed mo\u0159skou tr\u00e1vou.<\/p>\n<p>Rozm\u011bry v\u00fdrobku: D27xV40 cm<br \/>\nBarva: p\u0159\u00edrodn\u00ed<br \/>\nMateri\u00e1l: Materi\u00e1l: mo\u0159sk\u00e1 tr\u00e1va, \u017eelezo<br \/>\nVelikost \u017e\u00e1rovky: E27<br \/>\nTyp \u017e\u00e1rovky: LED nebo \u00fasporn\u00e1 (CFL)<br \/>\nP\u0159\u00edkon \u017e\u00e1rovky: LED: \/ CFL: 5W: 14W<br \/>\n\u017d\u00e1rovka nen\u00ed sou\u010d\u00e1st\u00ed dod\u00e1vky.<br \/>\nPokyny pro p\u00e9\u010di: Ot\u0159ete vlhk\u00fdm had\u0159\u00edkem.<br \/>\nStropn\u00ed poh\u00e1r: Ano<br \/>\nBarva \u0161\u0148\u016fry: \u010dern\u00e1<br \/>\nD\u00e9lka \u0161\u0148\u016fry: 250 cm<br \/>\nMateri\u00e1l \u0161\u0148\u016fry: Tkanina<br \/>\nKov\u00e1n\u00ed: Ano<br \/>\nVenkovn\u00ed pou\u017eit\u00ed: Ne<br \/>\nP\u0159ep\u00edna\u010d: Ne<\/p>","protected":false},"excerpt":{"rendered":"<p>Z\u00e1v\u011bsn\u00e1 lampa z mo\u0159sk\u00e9 tr\u00e1vy v p\u0159\u00edrodn\u00edch barv\u00e1ch s kr\u00e1sn\u00fdm kontrastem sv\u011btle a tmav\u011b hn\u011bd\u00e9 barvy. St\u00ednidlo s organick\u00fdmi rysy p\u0159\u00edrody, kter\u00e9 p\u0159i rozsv\u00edcen\u00ed lampy vytv\u00e1\u0159ej\u00ed zaj\u00edmavou hru sv\u011btla.<\/p>","protected":false},"featured_media":1753,"comment_status":"closed","ping_status":"closed","template":"","meta":{"_acf_changed":false,"_kad_post_transparent":"default","_kad_post_title":"","_kad_post_layout":"default","_kad_post_sidebar_id":"","_kad_post_content_style":"default","_kad_post_vertical_padding":"default","_kad_post_feature":"","_kad_post_feature_position":"","_kad_post_header":false,"_kad_post_footer":false,"_kad_post_classname":""},"pwb-brand":[17],"product_brand":[],"product_cat":[72,114],"product_tag":[116,34,255],"gyarto":[],"class_list":{"0":"post-1786","1":"product","2":"type-product","3":"status-publish","4":"has-post-thumbnail","6":"pwb-brand-bloomingville","7":"product_cat-lamp","8":"product_cat-pendant-lamp","9":"product_tag-ceiling-lamp","10":"product_tag-nordic-interior-design","11":"product_tag-seagrass-furniture","12":"pa_colour-nature","13":"pa_material-metal","14":"pa_material-seagrass","16":"first","17":"instock","18":"taxable","19":"shipping-taxable","20":"purchasable","21":"product-type-simple","22":"entry","23":"content-bg","24":"loop-entry"},"acf":[],"brands":[{"id":17,"name":"Bloomingville","slug":"bloomingville"}],"_links":{"self":[{"href":"https:\/\/yournordichome.com\/cs\/wp-json\/wp\/v2\/product\/1786","targetHints":{"allow":["GET"]}}],"collection":[{"href":"https:\/\/yournordichome.com\/cs\/wp-json\/wp\/v2\/product"}],"about":[{"href":"https:\/\/yournordichome.com\/cs\/wp-json\/wp\/v2\/types\/product"}],"replies":[{"embeddable":true,"href":"https:\/\/yournordichome.com\/cs\/wp-json\/wp\/v2\/comments?post=1786"}],"wp:featuredmedia":[{"embeddable":true,"href":"https:\/\/yournordichome.com\/cs\/wp-json\/wp\/v2\/media\/1753"}],"wp:attachment":[{"href":"https:\/\/yournordichome.com\/cs\/wp-json\/wp\/v2\/media?parent=1786"}],"wp:term":[{"taxonomy":"pwb-brand","embeddable":true,"href":"https:\/\/yournordichome.com\/cs\/wp-json\/wp\/v2\/pwb-brand?post=1786"},{"taxonomy":"product_brand","embeddable":true,"href":"https:\/\/yournordichome.com\/cs\/wp-json\/wp\/v2\/product_brand?post=1786"},{"taxonomy":"product_cat","embeddable":true,"href":"https:\/\/yournordichome.com\/cs\/wp-json\/wp\/v2\/product_cat?post=1786"},{"taxonomy":"product_tag","embeddable":true,"href":"https:\/\/yournordichome.com\/cs\/wp-json\/wp\/v2\/product_tag?post=1786"},{"taxonomy":"gyarto","embeddable":true,"href":"https:\/\/yournordichome.com\/cs\/wp-json\/wp\/v2\/gyarto?post=1786"}],"curies":[{"name":"wp","href":"https:\/\/api.w.org\/{rel}","templated":true}]}}