{"id":1784,"date":"2023-06-01T20:38:55","date_gmt":"2023-06-01T20:38:55","guid":{"rendered":"https:\/\/yournordichome.com\/product\/cotton-rug-with-purple-pattern-150-x-90-cm\/"},"modified":"2026-01-30T16:27:29","modified_gmt":"2026-01-30T16:27:29","slug":"bavlneny-koberec-s-fialovym-vzorem-150-x-90-cm","status":"publish","type":"product","link":"https:\/\/yournordichome.com\/cs\/product\/cotton-rug-with-purple-pattern-150-x-90-cm\/","title":{"rendered":"Bavln\u011bn\u00fd koberec s fialov\u00fdm vzorem 150 x 90 cm"},"content":{"rendered":"<p>Koberec s fialovo-b\u00e9\u017eov\u00fdm vzorem z bavlny 100%. Kombinace fialov\u00e9 a \"zlat\u00e9\" barvy z n\u011bj \u010din\u00ed jedine\u010dn\u00fd kousek.<\/p>\n<p>Rozm\u011bry v\u00fdrobku: Rozm\u011bry: D150x\u016090 cm<br \/>\nBarva: Fialov\u00e1<br \/>\nSlo\u017een\u00ed: 100% Bavlna<br \/>\nB\u011blen\u00ed: Ne<br \/>\nChemick\u00e9 \u010di\u0161t\u011bn\u00ed: Ne<br \/>\nSu\u0161en\u00ed: Ne<br \/>\n\u017dehlen\u00ed: Ne<\/p>","protected":false},"excerpt":{"rendered":"<p>Koberec z bavlny 100% s v\u0161\u00edvan\u00fdm fialovo-b\u00e9\u017eov\u00fdm vzorem, kter\u00fd vnese do va\u0161eho domova \u00fatulnou atmosf\u00e9ru. Koberec je obd\u00e9ln\u00edkov\u00e9ho tvaru s t\u0159\u00e1sn\u011bmi na obou konc\u00edch. Skv\u011ble se hod\u00ed do lo\u017enice p\u0159ed postel nebo d\u00edky sv\u00fdm jemn\u00fdm barv\u00e1m rozz\u00e1\u0159\u00ed tak\u00e9 ob\u00fdvac\u00ed pokoj \u010di p\u0159eds\u00ed\u0148.<\/p>","protected":false},"featured_media":1737,"comment_status":"closed","ping_status":"closed","template":"","meta":{"_acf_changed":false,"_kad_post_transparent":"default","_kad_post_title":"","_kad_post_layout":"default","_kad_post_sidebar_id":"","_kad_post_content_style":"default","_kad_post_vertical_padding":"default","_kad_post_feature":"","_kad_post_feature_position":"","_kad_post_header":false,"_kad_post_footer":false,"_kad_post_classname":""},"pwb-brand":[17],"product_brand":[],"product_cat":[88,65],"product_tag":[79,34,80],"gyarto":[],"class_list":{"0":"post-1784","1":"product","2":"type-product","3":"status-publish","4":"has-post-thumbnail","6":"pwb-brand-bloomingville","7":"product_cat-rug","8":"product_cat-rugs-and-textiles","9":"product_tag-cotton-rug","10":"product_tag-nordic-interior-design","11":"product_tag-nordic-style-rug","12":"pa_colour-purple","13":"pa_material-cotton","15":"first","16":"outofstock","17":"taxable","18":"shipping-taxable","19":"purchasable","20":"product-type-simple","21":"entry","22":"content-bg","23":"loop-entry"},"acf":[],"brands":[{"id":17,"name":"Bloomingville","slug":"bloomingville"}],"_links":{"self":[{"href":"https:\/\/yournordichome.com\/cs\/wp-json\/wp\/v2\/product\/1784","targetHints":{"allow":["GET"]}}],"collection":[{"href":"https:\/\/yournordichome.com\/cs\/wp-json\/wp\/v2\/product"}],"about":[{"href":"https:\/\/yournordichome.com\/cs\/wp-json\/wp\/v2\/types\/product"}],"replies":[{"embeddable":true,"href":"https:\/\/yournordichome.com\/cs\/wp-json\/wp\/v2\/comments?post=1784"}],"wp:featuredmedia":[{"embeddable":true,"href":"https:\/\/yournordichome.com\/cs\/wp-json\/wp\/v2\/media\/1737"}],"wp:attachment":[{"href":"https:\/\/yournordichome.com\/cs\/wp-json\/wp\/v2\/media?parent=1784"}],"wp:term":[{"taxonomy":"pwb-brand","embeddable":true,"href":"https:\/\/yournordichome.com\/cs\/wp-json\/wp\/v2\/pwb-brand?post=1784"},{"taxonomy":"product_brand","embeddable":true,"href":"https:\/\/yournordichome.com\/cs\/wp-json\/wp\/v2\/product_brand?post=1784"},{"taxonomy":"product_cat","embeddable":true,"href":"https:\/\/yournordichome.com\/cs\/wp-json\/wp\/v2\/product_cat?post=1784"},{"taxonomy":"product_tag","embeddable":true,"href":"https:\/\/yournordichome.com\/cs\/wp-json\/wp\/v2\/product_tag?post=1784"},{"taxonomy":"gyarto","embeddable":true,"href":"https:\/\/yournordichome.com\/cs\/wp-json\/wp\/v2\/gyarto?post=1784"}],"curies":[{"name":"wp","href":"https:\/\/api.w.org\/{rel}","templated":true}]}}