{"id":1782,"date":"2023-06-01T20:38:55","date_gmt":"2023-06-01T20:38:55","guid":{"rendered":"https:\/\/yournordichome.com\/product\/cotton-rug-150-x-210-cm\/"},"modified":"2025-08-01T17:11:45","modified_gmt":"2025-08-01T17:11:45","slug":"bavlneny-koberec-150-x-210-cm","status":"publish","type":"product","link":"https:\/\/yournordichome.com\/cs\/product\/cotton-rug-150-x-210-cm\/","title":{"rendered":"Bavln\u011bn\u00fd koberec 150 x 210 cm"},"content":{"rendered":"<p>Bavln\u011bn\u00fd koberec s tkan\u00fdm vzorem v zemit\u00fdch barv\u00e1ch a bohatou strukturou. Vypad\u00e1 dob\u0159e v lo\u017enici vedle postele, p\u0159ed pohovkou, ale m\u016f\u017eete ho pou\u017e\u00edt i jako n\u00e1st\u011bnn\u00fd koberec. D\u00edky jemn\u00e9mu tkan\u00e9mu vzoru je skute\u010dn\u011b jedine\u010dn\u00fd. Velmi pohodln\u00fd, pokud na n\u011bm v lo\u017enici vstanete z postele.<\/p>\n<p>Rozm\u011bry v\u00fdrobku: Rozm\u011bry: L210x\u0160150 cm<br \/>\nBarva: p\u0159\u00edrodn\u00ed<br \/>\nMateri\u00e1l: Materi\u00e1l: 68% bavlna, 23% juta, 9% polyester.<br \/>\nB\u011blen\u00ed: Ne<br \/>\nBarevn\u00e1 \u00faprava: Barven\u00e1 p\u0159\u00edze<br \/>\nChemick\u00e9 \u010di\u0161t\u011bn\u00ed: Ne<br \/>\nSu\u0161en\u00ed: Ne<br \/>\n\u017dehlen\u00ed: Ne<\/p>","protected":false},"excerpt":{"rendered":"<p>Tkan\u00fd koberec z bavlny, kter\u00fd se skv\u011ble hod\u00ed do lo\u017enice, pod j\u00eddeln\u00ed st\u016fl, p\u0159ed pohovku nebo kamkoli jinam.<\/p>","protected":false},"featured_media":1732,"comment_status":"closed","ping_status":"closed","template":"","meta":{"_acf_changed":false,"_kad_post_transparent":"default","_kad_post_title":"","_kad_post_layout":"default","_kad_post_sidebar_id":"","_kad_post_content_style":"default","_kad_post_vertical_padding":"default","_kad_post_feature":"","_kad_post_feature_position":"","_kad_post_header":false,"_kad_post_footer":false,"_kad_post_classname":""},"pwb-brand":[17],"product_brand":[],"product_cat":[88,65],"product_tag":[79,34,262,303],"gyarto":[],"class_list":{"0":"post-1782","1":"product","2":"type-product","3":"status-publish","4":"has-post-thumbnail","6":"pwb-brand-bloomingville","7":"product_cat-rug","8":"product_cat-rugs-and-textiles","9":"product_tag-cotton-rug","10":"product_tag-nordic-interior-design","11":"product_tag-runner-rug","12":"product_tag-wall-rug","13":"pa_colour-grey","14":"pa_colour-nature","15":"pa_material-cotton","16":"pa_material-jute","18":"first","19":"instock","20":"taxable","21":"shipping-taxable","22":"purchasable","23":"product-type-simple","24":"entry","25":"content-bg","26":"loop-entry"},"acf":[],"brands":[{"id":17,"name":"Bloomingville","slug":"bloomingville"}],"_links":{"self":[{"href":"https:\/\/yournordichome.com\/cs\/wp-json\/wp\/v2\/product\/1782","targetHints":{"allow":["GET"]}}],"collection":[{"href":"https:\/\/yournordichome.com\/cs\/wp-json\/wp\/v2\/product"}],"about":[{"href":"https:\/\/yournordichome.com\/cs\/wp-json\/wp\/v2\/types\/product"}],"replies":[{"embeddable":true,"href":"https:\/\/yournordichome.com\/cs\/wp-json\/wp\/v2\/comments?post=1782"}],"wp:featuredmedia":[{"embeddable":true,"href":"https:\/\/yournordichome.com\/cs\/wp-json\/wp\/v2\/media\/1732"}],"wp:attachment":[{"href":"https:\/\/yournordichome.com\/cs\/wp-json\/wp\/v2\/media?parent=1782"}],"wp:term":[{"taxonomy":"pwb-brand","embeddable":true,"href":"https:\/\/yournordichome.com\/cs\/wp-json\/wp\/v2\/pwb-brand?post=1782"},{"taxonomy":"product_brand","embeddable":true,"href":"https:\/\/yournordichome.com\/cs\/wp-json\/wp\/v2\/product_brand?post=1782"},{"taxonomy":"product_cat","embeddable":true,"href":"https:\/\/yournordichome.com\/cs\/wp-json\/wp\/v2\/product_cat?post=1782"},{"taxonomy":"product_tag","embeddable":true,"href":"https:\/\/yournordichome.com\/cs\/wp-json\/wp\/v2\/product_tag?post=1782"},{"taxonomy":"gyarto","embeddable":true,"href":"https:\/\/yournordichome.com\/cs\/wp-json\/wp\/v2\/gyarto?post=1782"}],"curies":[{"name":"wp","href":"https:\/\/api.w.org\/{rel}","templated":true}]}}