{"id":1778,"date":"2023-06-01T20:38:55","date_gmt":"2023-06-01T20:38:55","guid":{"rendered":"https:\/\/yournordichome.com\/product\/brown-cotton-rug-200-x-140-cm\/"},"modified":"2025-08-01T17:10:22","modified_gmt":"2025-08-01T17:10:22","slug":"hnedy-bavlneny-koberec-200-x-140-cm","status":"publish","type":"product","link":"https:\/\/yournordichome.com\/cs\/product\/brown-cotton-rug-200-x-140-cm\/","title":{"rendered":"Hn\u011bd\u00fd bavln\u011bn\u00fd koberec 200 x 140 cm"},"content":{"rendered":"<p>Hn\u011bd\u00fd koberec z bavlny s kr\u00e1sn\u00fdm vzorem kv\u011btin v p\u0159\u00edrodn\u00edm t\u00f3nu, kter\u00fd vnese do va\u0161eho domova \u00fatulnou atmosf\u00e9ru. Vypad\u00e1 dob\u0159e na sv\u011btl\u00fdch i tmav\u00fdch podlah\u00e1ch. Koberec je obd\u00e9ln\u00edkov\u00e9ho tvaru s mal\u00fdmi t\u0159\u00e1sn\u011bmi na obou konc\u00edch.<\/p>\n<p>Materi\u00e1l: 100% Bavlna<br \/>\nB\u011blen\u00ed: Ne<br \/>\nChemick\u00e9 \u010di\u0161t\u011bn\u00ed: Ne<br \/>\nSu\u0161en\u00ed: Ne<br \/>\n\u017dehlen\u00ed: Ne<\/p>","protected":false},"excerpt":{"rendered":"<p>Hn\u011bd\u00fd bavln\u011bn\u00fd koberec s jemn\u00fdm kv\u011btinov\u00fdm vzorem. Jeho tepl\u00e9 barvy vnesou do va\u0161eho domova \u00fatulnou atmosf\u00e9ru. Okraje zdob\u00ed t\u0159\u00e1sn\u011b.<\/p>","protected":false},"featured_media":1726,"comment_status":"closed","ping_status":"closed","template":"","meta":{"_acf_changed":false,"_kad_post_transparent":"default","_kad_post_title":"","_kad_post_layout":"default","_kad_post_sidebar_id":"","_kad_post_content_style":"default","_kad_post_vertical_padding":"default","_kad_post_feature":"","_kad_post_feature_position":"","_kad_post_header":false,"_kad_post_footer":false,"_kad_post_classname":""},"pwb-brand":[17],"product_brand":[],"product_cat":[88,65],"product_tag":[79,34,80],"gyarto":[],"class_list":{"0":"post-1778","1":"product","2":"type-product","3":"status-publish","4":"has-post-thumbnail","6":"pwb-brand-bloomingville","7":"product_cat-rug","8":"product_cat-rugs-and-textiles","9":"product_tag-cotton-rug","10":"product_tag-nordic-interior-design","11":"product_tag-nordic-style-rug","12":"pa_colour-brown","13":"pa_material-cotton","15":"first","16":"instock","17":"taxable","18":"shipping-taxable","19":"purchasable","20":"product-type-simple","21":"entry","22":"content-bg","23":"loop-entry"},"acf":[],"brands":[{"id":17,"name":"Bloomingville","slug":"bloomingville"}],"_links":{"self":[{"href":"https:\/\/yournordichome.com\/cs\/wp-json\/wp\/v2\/product\/1778","targetHints":{"allow":["GET"]}}],"collection":[{"href":"https:\/\/yournordichome.com\/cs\/wp-json\/wp\/v2\/product"}],"about":[{"href":"https:\/\/yournordichome.com\/cs\/wp-json\/wp\/v2\/types\/product"}],"replies":[{"embeddable":true,"href":"https:\/\/yournordichome.com\/cs\/wp-json\/wp\/v2\/comments?post=1778"}],"wp:featuredmedia":[{"embeddable":true,"href":"https:\/\/yournordichome.com\/cs\/wp-json\/wp\/v2\/media\/1726"}],"wp:attachment":[{"href":"https:\/\/yournordichome.com\/cs\/wp-json\/wp\/v2\/media?parent=1778"}],"wp:term":[{"taxonomy":"pwb-brand","embeddable":true,"href":"https:\/\/yournordichome.com\/cs\/wp-json\/wp\/v2\/pwb-brand?post=1778"},{"taxonomy":"product_brand","embeddable":true,"href":"https:\/\/yournordichome.com\/cs\/wp-json\/wp\/v2\/product_brand?post=1778"},{"taxonomy":"product_cat","embeddable":true,"href":"https:\/\/yournordichome.com\/cs\/wp-json\/wp\/v2\/product_cat?post=1778"},{"taxonomy":"product_tag","embeddable":true,"href":"https:\/\/yournordichome.com\/cs\/wp-json\/wp\/v2\/product_tag?post=1778"},{"taxonomy":"gyarto","embeddable":true,"href":"https:\/\/yournordichome.com\/cs\/wp-json\/wp\/v2\/gyarto?post=1778"}],"curies":[{"name":"wp","href":"https:\/\/api.w.org\/{rel}","templated":true}]}}