{"id":1775,"date":"2023-06-01T20:38:55","date_gmt":"2023-06-01T20:38:55","guid":{"rendered":"https:\/\/yournordichome.com\/product\/green-pendant-lamp-paper\/"},"modified":"2025-08-01T17:09:59","modified_gmt":"2025-08-01T17:09:59","slug":"zelena-zavesna-lampa-papir","status":"publish","type":"product","link":"https:\/\/yournordichome.com\/cs\/product\/green-pendant-lamp-paper\/","title":{"rendered":"Zelen\u00e1 z\u00e1v\u011bsn\u00e1 lampa pap\u00edr"},"content":{"rendered":"<p>Z\u00e1v\u011bsn\u00e1 lampa z pap\u00edru v zelen\u00e9 barv\u011b. Sama o sob\u011b je vynikaj\u00edc\u00edm dekorativn\u00edm prvkem, kter\u00fd je nav\u00edc i praktick\u00fd. Skv\u011ble se hod\u00ed do p\u0159\u00edrodn\u00edch dom\u00e1cnost\u00ed za\u0159\u00edzen\u00fdch v zemit\u00fdch t\u00f3nech, ale tak\u00e9 vytv\u00e1\u0159\u00ed vynikaj\u00edc\u00ed kombinaci s jinou barevnou paletou.<\/p>\n<p>Rozm\u011br v\u00fdrobku: D30xH40 cm<br \/>\nBarva: Zelen\u00e1<br \/>\nMateri\u00e1l: Materi\u00e1l: pap\u00edr, \u017eelezo<br \/>\nVelikost \u017e\u00e1rovky, typ: E27, LED nebo \u00fasporn\u00e1 (CFL)<br \/>\nP\u0159\u00edkon \u017e\u00e1rovky: LED: \/ CFL: 5W: 14W<br \/>\n\u017d\u00e1rovka nen\u00ed sou\u010d\u00e1st\u00ed dod\u00e1vky.<br \/>\nPokyny pro p\u00e9\u010di: Ot\u0159ete vlhk\u00fdm had\u0159\u00edkem.<br \/>\nStropn\u00ed poh\u00e1r: Ne<br \/>\nBarva \u0161\u0148\u016fry: b\u00edl\u00e1<br \/>\nD\u00e9lka \u0161\u0148\u016fry: 250 cm<br \/>\nMateri\u00e1l \u0161\u0148\u016fry: Tkanina<br \/>\nKov\u00e1n\u00ed: Ano<br \/>\nVenkovn\u00ed pou\u017eit\u00ed: Ne<br \/>\nP\u0159ep\u00edna\u010d: Ne<\/p>","protected":false},"excerpt":{"rendered":"<p>Z\u00e1v\u011bsn\u00e1 lampa jednoduch\u00e9ho a elegantn\u00edho tvaru vyroben\u00e1 ze zelen\u00e9ho pap\u00edru, kter\u00fd vytv\u00e1\u0159\u00ed nejen st\u00ednidlo s organick\u00fdmi rysy p\u0159\u00edrody, ale tak\u00e9 zaj\u00edmavou hru sv\u011btla p\u0159i rozsv\u00edcen\u00ed lampy.<\/p>","protected":false},"featured_media":1744,"comment_status":"closed","ping_status":"closed","template":"","meta":{"_acf_changed":false,"_kad_post_transparent":"default","_kad_post_title":"","_kad_post_layout":"default","_kad_post_sidebar_id":"","_kad_post_content_style":"default","_kad_post_vertical_padding":"default","_kad_post_feature":"","_kad_post_feature_position":"","_kad_post_header":false,"_kad_post_footer":false,"_kad_post_classname":""},"pwb-brand":[17],"product_brand":[],"product_cat":[72,114],"product_tag":[116,146,34],"gyarto":[],"class_list":{"0":"post-1775","1":"product","2":"type-product","3":"status-publish","4":"has-post-thumbnail","6":"pwb-brand-bloomingville","7":"product_cat-lamp","8":"product_cat-pendant-lamp","9":"product_tag-ceiling-lamp","10":"product_tag-ethno-style","11":"product_tag-nordic-interior-design","12":"pa_colour-green","13":"pa_material-paper","15":"first","16":"instock","17":"taxable","18":"shipping-taxable","19":"purchasable","20":"product-type-simple","21":"entry","22":"content-bg","23":"loop-entry"},"acf":[],"brands":[{"id":17,"name":"Bloomingville","slug":"bloomingville"}],"_links":{"self":[{"href":"https:\/\/yournordichome.com\/cs\/wp-json\/wp\/v2\/product\/1775","targetHints":{"allow":["GET"]}}],"collection":[{"href":"https:\/\/yournordichome.com\/cs\/wp-json\/wp\/v2\/product"}],"about":[{"href":"https:\/\/yournordichome.com\/cs\/wp-json\/wp\/v2\/types\/product"}],"replies":[{"embeddable":true,"href":"https:\/\/yournordichome.com\/cs\/wp-json\/wp\/v2\/comments?post=1775"}],"wp:featuredmedia":[{"embeddable":true,"href":"https:\/\/yournordichome.com\/cs\/wp-json\/wp\/v2\/media\/1744"}],"wp:attachment":[{"href":"https:\/\/yournordichome.com\/cs\/wp-json\/wp\/v2\/media?parent=1775"}],"wp:term":[{"taxonomy":"pwb-brand","embeddable":true,"href":"https:\/\/yournordichome.com\/cs\/wp-json\/wp\/v2\/pwb-brand?post=1775"},{"taxonomy":"product_brand","embeddable":true,"href":"https:\/\/yournordichome.com\/cs\/wp-json\/wp\/v2\/product_brand?post=1775"},{"taxonomy":"product_cat","embeddable":true,"href":"https:\/\/yournordichome.com\/cs\/wp-json\/wp\/v2\/product_cat?post=1775"},{"taxonomy":"product_tag","embeddable":true,"href":"https:\/\/yournordichome.com\/cs\/wp-json\/wp\/v2\/product_tag?post=1775"},{"taxonomy":"gyarto","embeddable":true,"href":"https:\/\/yournordichome.com\/cs\/wp-json\/wp\/v2\/gyarto?post=1775"}],"curies":[{"name":"wp","href":"https:\/\/api.w.org\/{rel}","templated":true}]}}