{"id":1680,"date":"2023-05-30T17:15:35","date_gmt":"2023-05-30T17:15:35","guid":{"rendered":"https:\/\/yournordichome.com\/product\/brown-glass-pendant-lamp\/"},"modified":"2025-11-28T15:11:22","modified_gmt":"2025-11-28T15:11:22","slug":"hneda-sklenena-zavesna-lampa","status":"publish","type":"product","link":"https:\/\/yournordichome.com\/cs\/product\/brown-glass-pendant-lamp\/","title":{"rendered":"Hn\u011bd\u00e1 sklen\u011bn\u00e1 z\u00e1v\u011bsn\u00e1 lampa"},"content":{"rendered":"<p>Z\u00e1v\u011bsn\u00e1 lampa z hn\u011bd\u00e9ho skla, kter\u00e1 p\u0159\u00edjemn\u011b osv\u011btluje ob\u00fdvac\u00ed pokoj. Jej\u00ed obj\u00edmka ve zlat\u00e9 barv\u011b umoc\u0148uje jej\u00ed eleganci. \u010cist\u00e1 seversk\u00e1 atmosf\u00e9ra.<\/p>\n<p>Rozm\u011bry v\u00fdrobku: D25,5xH23 cm<br \/>\nBarva: hn\u011bd\u00e1<br \/>\nSlo\u017een\u00ed: Sklo<br \/>\nVelikost \u017e\u00e1rovky: E27<br \/>\nTyp \u017e\u00e1rovky: LED nebo \u00fasporn\u00e1 \u017e\u00e1rovka<br \/>\nP\u0159\u00edkon \u017e\u00e1rovky: Max. 40 W<br \/>\nBarva \u0161\u0148\u016fry: \u010dern\u00e1<br \/>\nD\u00e9lka \u0161\u0148\u016fry: 250 cm<br \/>\nMateri\u00e1l \u0161\u0148\u016fry: Tkanina<br \/>\nVenkovn\u00ed pou\u017eit\u00ed: Ne<br \/>\nP\u0159ep\u00edna\u010d: Ne<\/p>","protected":false},"excerpt":{"rendered":"<p>Z\u00e1v\u011bsn\u00e9 sv\u00edtidlo ze skla s minimalistick\u00fdm seversk\u00fdm n\u00e1dechem.<\/p>","protected":false},"featured_media":1576,"comment_status":"closed","ping_status":"closed","template":"","meta":{"_acf_changed":false,"_kad_post_transparent":"default","_kad_post_title":"","_kad_post_layout":"default","_kad_post_sidebar_id":"","_kad_post_content_style":"default","_kad_post_vertical_padding":"default","_kad_post_feature":"","_kad_post_feature_position":"","_kad_post_header":false,"_kad_post_footer":false,"_kad_post_classname":""},"pwb-brand":[17],"product_brand":[],"product_cat":[72,114],"product_tag":[116,1109,1058,34,117],"gyarto":[],"class_list":{"0":"post-1680","1":"product","2":"type-product","3":"status-publish","4":"has-post-thumbnail","6":"pwb-brand-bloomingville","7":"product_cat-lamp","8":"product_cat-pendant-lamp","9":"product_tag-ceiling-lamp","10":"product_tag-last-item-in-stock","11":"product_tag-new-year-sale","12":"product_tag-nordic-interior-design","13":"product_tag-nordic-lamp","14":"pa_colour-brown","15":"pa_material-glass","17":"first","18":"instock","19":"taxable","20":"shipping-taxable","21":"purchasable","22":"product-type-simple","23":"entry","24":"content-bg","25":"loop-entry"},"acf":[],"brands":[{"id":17,"name":"Bloomingville","slug":"bloomingville"}],"_links":{"self":[{"href":"https:\/\/yournordichome.com\/cs\/wp-json\/wp\/v2\/product\/1680","targetHints":{"allow":["GET"]}}],"collection":[{"href":"https:\/\/yournordichome.com\/cs\/wp-json\/wp\/v2\/product"}],"about":[{"href":"https:\/\/yournordichome.com\/cs\/wp-json\/wp\/v2\/types\/product"}],"replies":[{"embeddable":true,"href":"https:\/\/yournordichome.com\/cs\/wp-json\/wp\/v2\/comments?post=1680"}],"wp:featuredmedia":[{"embeddable":true,"href":"https:\/\/yournordichome.com\/cs\/wp-json\/wp\/v2\/media\/1576"}],"wp:attachment":[{"href":"https:\/\/yournordichome.com\/cs\/wp-json\/wp\/v2\/media?parent=1680"}],"wp:term":[{"taxonomy":"pwb-brand","embeddable":true,"href":"https:\/\/yournordichome.com\/cs\/wp-json\/wp\/v2\/pwb-brand?post=1680"},{"taxonomy":"product_brand","embeddable":true,"href":"https:\/\/yournordichome.com\/cs\/wp-json\/wp\/v2\/product_brand?post=1680"},{"taxonomy":"product_cat","embeddable":true,"href":"https:\/\/yournordichome.com\/cs\/wp-json\/wp\/v2\/product_cat?post=1680"},{"taxonomy":"product_tag","embeddable":true,"href":"https:\/\/yournordichome.com\/cs\/wp-json\/wp\/v2\/product_tag?post=1680"},{"taxonomy":"gyarto","embeddable":true,"href":"https:\/\/yournordichome.com\/cs\/wp-json\/wp\/v2\/gyarto?post=1680"}],"curies":[{"name":"wp","href":"https:\/\/api.w.org\/{rel}","templated":true}]}}