{"id":1635,"date":"2023-05-30T16:15:12","date_gmt":"2023-05-30T16:15:12","guid":{"rendered":"https:\/\/yournordichome.com\/product\/wall-decoration-made-of-bamboo\/"},"modified":"2025-09-18T14:01:59","modified_gmt":"2025-09-18T14:01:59","slug":"nastenna-dekorace-z-bambusu","status":"publish","type":"product","link":"https:\/\/yournordichome.com\/cs\/product\/wall-decoration-made-of-bamboo\/","title":{"rendered":"N\u00e1st\u011bnn\u00e1 dekorace z bambusu"},"content":{"rendered":"<p>Dekorativn\u00ed v\u011bj\u00ed\u0159 z bambusu a bavlny v p\u0159\u00edrodn\u00edch barv\u00e1ch. Um\u00edst\u011bte jej na st\u011bnu ob\u00fdvac\u00edho pokoje nebo nad postel - kr\u00e1sn\u00fd na ka\u017ed\u00e9m m\u00edst\u011b.<\/p>\n<p>Rozm\u011bry v\u00fdrobku: Rozm\u011bry: D145xV72 cm<br \/>\nBarva: \u010dern\u00e1<br \/>\nSlo\u017een\u00ed: Materi\u00e1l: karagumoy, bambus, bavlna.<br \/>\nMohou se vyskytnout odchylky zp\u016fsoben\u00e9 materi\u00e1ly<\/p>","protected":false},"excerpt":{"rendered":"<p>N\u00e1st\u011bnn\u00e1 dekorace ve tvaru v\u011bj\u00ed\u0159e z bambusu a bavlny. D\u00edky p\u0159\u00edrodn\u00edmu materi\u00e1lu a barv\u00e1m vypad\u00e1 kr\u00e1sn\u011b na ka\u017ed\u00e9m povrchu st\u011bny.<\/p>","protected":false},"featured_media":1610,"comment_status":"closed","ping_status":"closed","template":"","meta":{"_acf_changed":false,"_kad_post_transparent":"default","_kad_post_title":"","_kad_post_layout":"default","_kad_post_sidebar_id":"","_kad_post_content_style":"default","_kad_post_vertical_padding":"default","_kad_post_feature":"","_kad_post_feature_position":"","_kad_post_header":false,"_kad_post_footer":false,"_kad_post_classname":""},"pwb-brand":[17],"product_brand":[],"product_cat":[123,23],"product_tag":[26,34,289],"gyarto":[],"class_list":{"0":"post-1635","1":"product","2":"type-product","3":"status-publish","4":"has-post-thumbnail","6":"pwb-brand-bloomingville","7":"product_cat-decorative-accessories","8":"product_cat-home-decor","9":"product_tag-nordic-home-decor","10":"product_tag-nordic-interior-design","11":"product_tag-wall-decor","12":"pa_colour-beige","13":"pa_colour-black","14":"pa_material-bamboo","16":"first","17":"instock","18":"taxable","19":"shipping-taxable","20":"purchasable","21":"product-type-simple","22":"entry","23":"content-bg","24":"loop-entry"},"acf":[],"brands":[{"id":17,"name":"Bloomingville","slug":"bloomingville"}],"_links":{"self":[{"href":"https:\/\/yournordichome.com\/cs\/wp-json\/wp\/v2\/product\/1635","targetHints":{"allow":["GET"]}}],"collection":[{"href":"https:\/\/yournordichome.com\/cs\/wp-json\/wp\/v2\/product"}],"about":[{"href":"https:\/\/yournordichome.com\/cs\/wp-json\/wp\/v2\/types\/product"}],"replies":[{"embeddable":true,"href":"https:\/\/yournordichome.com\/cs\/wp-json\/wp\/v2\/comments?post=1635"}],"wp:featuredmedia":[{"embeddable":true,"href":"https:\/\/yournordichome.com\/cs\/wp-json\/wp\/v2\/media\/1610"}],"wp:attachment":[{"href":"https:\/\/yournordichome.com\/cs\/wp-json\/wp\/v2\/media?parent=1635"}],"wp:term":[{"taxonomy":"pwb-brand","embeddable":true,"href":"https:\/\/yournordichome.com\/cs\/wp-json\/wp\/v2\/pwb-brand?post=1635"},{"taxonomy":"product_brand","embeddable":true,"href":"https:\/\/yournordichome.com\/cs\/wp-json\/wp\/v2\/product_brand?post=1635"},{"taxonomy":"product_cat","embeddable":true,"href":"https:\/\/yournordichome.com\/cs\/wp-json\/wp\/v2\/product_cat?post=1635"},{"taxonomy":"product_tag","embeddable":true,"href":"https:\/\/yournordichome.com\/cs\/wp-json\/wp\/v2\/product_tag?post=1635"},{"taxonomy":"gyarto","embeddable":true,"href":"https:\/\/yournordichome.com\/cs\/wp-json\/wp\/v2\/gyarto?post=1635"}],"curies":[{"name":"wp","href":"https:\/\/api.w.org\/{rel}","templated":true}]}}