{"id":1622,"date":"2023-05-30T16:15:12","date_gmt":"2023-05-30T16:15:12","guid":{"rendered":"https:\/\/yournordichome.com\/product\/white-glass-pendant-lamp\/"},"modified":"2025-08-07T15:25:52","modified_gmt":"2025-08-07T15:25:52","slug":"zavesna-lampa-z-bileho-skla","status":"publish","type":"product","link":"https:\/\/yournordichome.com\/cs\/product\/white-glass-pendant-lamp\/","title":{"rendered":"B\u00edl\u00e1 sklen\u011bn\u00e1 z\u00e1v\u011bsn\u00e1 lampa"},"content":{"rendered":"<p>Z\u00e1v\u011bsn\u00e1 lampa z b\u00edl\u00e9ho skla, kter\u00e1 poskytuje tepl\u00e9 sv\u011btlo. Je skv\u011bl\u00fd n\u00e1pad um\u00edstit nad j\u00eddeln\u00ed st\u016fl v\u00edce sv\u00edtidel, abyste si osv\u011btlili ve\u010dery.<\/p>\n<p>Rozm\u011bry v\u00fdrobku: D25xV34 cm<br \/>\nBarva: b\u00edl\u00e1<br \/>\nSlo\u017een\u00ed: Sklo, \u017eelezo<br \/>\nSchv\u00e1leno CE: Ano<br \/>\nEnergetick\u00e1 t\u0159\u00edda \u017e\u00e1rovky: V\u0161echny<br \/>\n\u017d\u00e1rovka je sou\u010d\u00e1st\u00ed dod\u00e1vky: Ne<br \/>\nVelikost \u017e\u00e1rovky: E27<br \/>\nTyp \u017e\u00e1rovky: LED nebo \u00fasporn\u00e1 (CFL)<br \/>\nP\u0159\u00edkon \u017e\u00e1rovky: LED: W \/ CFL: W<br \/>\nP\u00e9\u010de o konstrukci: Ut\u00edrejte vlhk\u00fdm had\u0159\u00edkem.<br \/>\nStropn\u00ed poh\u00e1r: Ano<br \/>\nBarva \u0161\u0148\u016fry: \u010dern\u00e1<br \/>\nD\u00e9lka \u0161\u0148\u016fry: 250 cm<br \/>\nMateri\u00e1l \u0161\u0148\u016fry: Tkanina<br \/>\nKov\u00e1n\u00ed: Ano<br \/>\nVenkovn\u00ed pou\u017eit\u00ed: Ne<br \/>\nVelikost st\u00ednidla cm: \u00df25xH30 cm<br \/>\nP\u0159ep\u00edna\u010d: Ne<\/p>","protected":false},"excerpt":{"rendered":"<p>Z\u00e1v\u011bsn\u00e9 sv\u00edtidlo s elegantn\u00edm designem z b\u00edl\u00e9ho skla a \u017eeleza.<\/p>","protected":false},"featured_media":1613,"comment_status":"closed","ping_status":"closed","template":"","meta":{"_acf_changed":false,"_kad_post_transparent":"default","_kad_post_title":"","_kad_post_layout":"default","_kad_post_sidebar_id":"","_kad_post_content_style":"default","_kad_post_vertical_padding":"default","_kad_post_feature":"","_kad_post_feature_position":"","_kad_post_header":false,"_kad_post_footer":false,"_kad_post_classname":""},"pwb-brand":[17],"product_brand":[],"product_cat":[72,114],"product_tag":[116,34,117],"gyarto":[],"class_list":{"0":"post-1622","1":"product","2":"type-product","3":"status-publish","4":"has-post-thumbnail","6":"pwb-brand-bloomingville","7":"product_cat-lamp","8":"product_cat-pendant-lamp","9":"product_tag-ceiling-lamp","10":"product_tag-nordic-interior-design","11":"product_tag-nordic-lamp","12":"pa_colour-white","13":"pa_material-glass","15":"first","16":"instock","17":"taxable","18":"shipping-taxable","19":"purchasable","20":"product-type-simple","21":"entry","22":"content-bg","23":"loop-entry"},"acf":[],"brands":[{"id":17,"name":"Bloomingville","slug":"bloomingville"}],"_links":{"self":[{"href":"https:\/\/yournordichome.com\/cs\/wp-json\/wp\/v2\/product\/1622","targetHints":{"allow":["GET"]}}],"collection":[{"href":"https:\/\/yournordichome.com\/cs\/wp-json\/wp\/v2\/product"}],"about":[{"href":"https:\/\/yournordichome.com\/cs\/wp-json\/wp\/v2\/types\/product"}],"replies":[{"embeddable":true,"href":"https:\/\/yournordichome.com\/cs\/wp-json\/wp\/v2\/comments?post=1622"}],"wp:featuredmedia":[{"embeddable":true,"href":"https:\/\/yournordichome.com\/cs\/wp-json\/wp\/v2\/media\/1613"}],"wp:attachment":[{"href":"https:\/\/yournordichome.com\/cs\/wp-json\/wp\/v2\/media?parent=1622"}],"wp:term":[{"taxonomy":"pwb-brand","embeddable":true,"href":"https:\/\/yournordichome.com\/cs\/wp-json\/wp\/v2\/pwb-brand?post=1622"},{"taxonomy":"product_brand","embeddable":true,"href":"https:\/\/yournordichome.com\/cs\/wp-json\/wp\/v2\/product_brand?post=1622"},{"taxonomy":"product_cat","embeddable":true,"href":"https:\/\/yournordichome.com\/cs\/wp-json\/wp\/v2\/product_cat?post=1622"},{"taxonomy":"product_tag","embeddable":true,"href":"https:\/\/yournordichome.com\/cs\/wp-json\/wp\/v2\/product_tag?post=1622"},{"taxonomy":"gyarto","embeddable":true,"href":"https:\/\/yournordichome.com\/cs\/wp-json\/wp\/v2\/gyarto?post=1622"}],"curies":[{"name":"wp","href":"https:\/\/api.w.org\/{rel}","templated":true}]}}