{"id":1455,"date":"2023-05-29T14:16:20","date_gmt":"2023-05-29T14:16:20","guid":{"rendered":"https:\/\/yournordichome.com\/product\/rattan-bar-stool\/"},"modified":"2026-04-15T07:11:45","modified_gmt":"2026-04-15T07:11:45","slug":"ratanova-barova-zidle","status":"publish","type":"product","link":"https:\/\/yournordichome.com\/cs\/product\/rattan-bar-stool\/","title":{"rendered":"Ratanov\u00e1 barov\u00e1 \u017eidle"},"content":{"rendered":"<p>Ratanov\u00e1 barov\u00e1 \u017eidle, kter\u00e1 je skv\u011bl\u00fdm m\u00edstem pro koktejl. M\u00e1 kr\u00e1sn\u011b vypleten\u00fd ratanov\u00fd sed\u00e1k a nohy z \u010dern\u00e9 oceli. Skv\u011bl\u00fd dopln\u011bk do dom\u00e1cnost\u00ed v seversk\u00e9m stylu.<\/p>\n<p>Rozm\u011br v\u00fdrobku: D50xV98x\u016048,5 cm<br \/>\nHloubka sedadla: 38,5 cm<br \/>\nV\u00fd\u0161ka sedadla: 71,5 cm<br \/>\nBarva: p\u0159\u00edrodn\u00ed<br \/>\nRatan, \u017eelezo<br \/>\nPokyny pro p\u00e9\u010di: Ot\u0159ete vlhk\u00fdm had\u0159\u00edkem.<br \/>\nMaxim\u00e1ln\u00ed nosnost: 125 kg.<br \/>\nVenkovn\u00ed pou\u017eit\u00ed: Ne<\/p>","protected":false},"excerpt":{"rendered":"<p>Barov\u00e1 \u017eidle z ratanu s chladn\u00fdm v\u00fdpletem a nohami z \u010dern\u00e9 oceli. Op\u011bradlo poskytuje pohodln\u00e9 sezen\u00ed a spodn\u00ed ty\u010d podp\u00edr\u00e1 nohy.<\/p>","protected":false},"featured_media":1433,"comment_status":"closed","ping_status":"closed","template":"","meta":{"_acf_changed":false,"_kad_post_transparent":"default","_kad_post_title":"","_kad_post_layout":"default","_kad_post_sidebar_id":"","_kad_post_content_style":"default","_kad_post_vertical_padding":"default","_kad_post_feature":"","_kad_post_feature_position":"","_kad_post_header":false,"_kad_post_footer":false,"_kad_post_classname":""},"pwb-brand":[17],"product_brand":[],"product_cat":[188,152],"product_tag":[34,134],"gyarto":[],"class_list":{"0":"post-1455","1":"product","2":"type-product","3":"status-publish","4":"has-post-thumbnail","6":"pwb-brand-bloomingville","7":"product_cat-bar-stool","8":"product_cat-chair","9":"product_tag-nordic-interior-design","10":"product_tag-rattan-furniture","11":"pa_colour-nature","12":"pa_material-iron","13":"pa_material-rattan","15":"first","16":"outofstock","17":"taxable","18":"shipping-taxable","19":"purchasable","20":"product-type-simple","21":"entry","22":"content-bg","23":"loop-entry"},"acf":[],"brands":[{"id":17,"name":"Bloomingville","slug":"bloomingville"}],"_links":{"self":[{"href":"https:\/\/yournordichome.com\/cs\/wp-json\/wp\/v2\/product\/1455","targetHints":{"allow":["GET"]}}],"collection":[{"href":"https:\/\/yournordichome.com\/cs\/wp-json\/wp\/v2\/product"}],"about":[{"href":"https:\/\/yournordichome.com\/cs\/wp-json\/wp\/v2\/types\/product"}],"replies":[{"embeddable":true,"href":"https:\/\/yournordichome.com\/cs\/wp-json\/wp\/v2\/comments?post=1455"}],"wp:featuredmedia":[{"embeddable":true,"href":"https:\/\/yournordichome.com\/cs\/wp-json\/wp\/v2\/media\/1433"}],"wp:attachment":[{"href":"https:\/\/yournordichome.com\/cs\/wp-json\/wp\/v2\/media?parent=1455"}],"wp:term":[{"taxonomy":"pwb-brand","embeddable":true,"href":"https:\/\/yournordichome.com\/cs\/wp-json\/wp\/v2\/pwb-brand?post=1455"},{"taxonomy":"product_brand","embeddable":true,"href":"https:\/\/yournordichome.com\/cs\/wp-json\/wp\/v2\/product_brand?post=1455"},{"taxonomy":"product_cat","embeddable":true,"href":"https:\/\/yournordichome.com\/cs\/wp-json\/wp\/v2\/product_cat?post=1455"},{"taxonomy":"product_tag","embeddable":true,"href":"https:\/\/yournordichome.com\/cs\/wp-json\/wp\/v2\/product_tag?post=1455"},{"taxonomy":"gyarto","embeddable":true,"href":"https:\/\/yournordichome.com\/cs\/wp-json\/wp\/v2\/gyarto?post=1455"}],"curies":[{"name":"wp","href":"https:\/\/api.w.org\/{rel}","templated":true}]}}