{"id":1453,"date":"2023-05-29T14:16:20","date_gmt":"2023-05-29T14:16:20","guid":{"rendered":"https:\/\/yournordichome.com\/product\/black-jute-rug\/"},"modified":"2025-08-01T17:18:13","modified_gmt":"2025-08-01T17:18:13","slug":"cerny-jutovy-koberec","status":"publish","type":"product","link":"https:\/\/yournordichome.com\/cs\/product\/black-jute-rug\/","title":{"rendered":"\u010cern\u00fd jutov\u00fd koberec"},"content":{"rendered":"<p>\u010cern\u00fd jutov\u00fd koberec, kter\u00fd vypad\u00e1 \u00fa\u017easn\u011b s p\u0159\u00edrodn\u00edmi dekoracemi v seversk\u00e9m stylu. D\u00edky jemn\u00e9mu vzoru a speci\u00e1ln\u00edmu tkan\u00e9mu proveden\u00ed se skv\u011ble hod\u00ed do ob\u00fdvac\u00edho pokoje i lo\u017enice.<\/p>\n<p>Velikost<br \/>\nD\u00e9lka: 245 cm<br \/>\n\u0160\u00ed\u0159ka: 150 cm<br \/>\nMateri\u00e1l: 100% Juta<br \/>\nBarva: \u010dern\u00e1<br \/>\nB\u011blen\u00ed: Ne<br \/>\nBarevn\u00e1 \u00faprava: Barven\u00e1 p\u0159\u00edze<br \/>\nChemick\u00e9 \u010di\u0161t\u011bn\u00ed: Ne<br \/>\nSu\u0161en\u00ed: Ne<br \/>\n\u017dehlen\u00ed: Ne<br \/>\nPovrchov\u00e1 \u00faprava v\u00fdrobku: Tkan\u00fd<\/p>","protected":false},"excerpt":{"rendered":"<p>N\u00e1padn\u011b velk\u00fd koberec z p\u0159\u00edrodn\u00ed juty s kr\u00e1sn\u00fdm tkan\u00fdm vzorem. Diagon\u00e1ln\u00ed linie a \u010dern\u00e9 diamanty dodaj\u00ed va\u0161emu domovu velmi modern\u00ed n\u00e1dech.<\/p>","protected":false},"featured_media":1401,"comment_status":"closed","ping_status":"closed","template":"","meta":{"_acf_changed":false,"_kad_post_transparent":"default","_kad_post_title":"","_kad_post_layout":"default","_kad_post_sidebar_id":"","_kad_post_content_style":"default","_kad_post_vertical_padding":"default","_kad_post_feature":"","_kad_post_feature_position":"","_kad_post_header":false,"_kad_post_footer":false,"_kad_post_classname":""},"pwb-brand":[17],"product_brand":[],"product_cat":[88,65],"product_tag":[112,34,80],"gyarto":[],"class_list":{"0":"post-1453","1":"product","2":"type-product","3":"status-publish","4":"has-post-thumbnail","6":"pwb-brand-bloomingville","7":"product_cat-rug","8":"product_cat-rugs-and-textiles","9":"product_tag-jute-rug","10":"product_tag-nordic-interior-design","11":"product_tag-nordic-style-rug","12":"pa_colour-black","13":"pa_material-jute","15":"first","16":"instock","17":"taxable","18":"shipping-taxable","19":"purchasable","20":"product-type-simple","21":"entry","22":"content-bg","23":"loop-entry"},"acf":[],"brands":[{"id":17,"name":"Bloomingville","slug":"bloomingville"}],"_links":{"self":[{"href":"https:\/\/yournordichome.com\/cs\/wp-json\/wp\/v2\/product\/1453","targetHints":{"allow":["GET"]}}],"collection":[{"href":"https:\/\/yournordichome.com\/cs\/wp-json\/wp\/v2\/product"}],"about":[{"href":"https:\/\/yournordichome.com\/cs\/wp-json\/wp\/v2\/types\/product"}],"replies":[{"embeddable":true,"href":"https:\/\/yournordichome.com\/cs\/wp-json\/wp\/v2\/comments?post=1453"}],"wp:featuredmedia":[{"embeddable":true,"href":"https:\/\/yournordichome.com\/cs\/wp-json\/wp\/v2\/media\/1401"}],"wp:attachment":[{"href":"https:\/\/yournordichome.com\/cs\/wp-json\/wp\/v2\/media?parent=1453"}],"wp:term":[{"taxonomy":"pwb-brand","embeddable":true,"href":"https:\/\/yournordichome.com\/cs\/wp-json\/wp\/v2\/pwb-brand?post=1453"},{"taxonomy":"product_brand","embeddable":true,"href":"https:\/\/yournordichome.com\/cs\/wp-json\/wp\/v2\/product_brand?post=1453"},{"taxonomy":"product_cat","embeddable":true,"href":"https:\/\/yournordichome.com\/cs\/wp-json\/wp\/v2\/product_cat?post=1453"},{"taxonomy":"product_tag","embeddable":true,"href":"https:\/\/yournordichome.com\/cs\/wp-json\/wp\/v2\/product_tag?post=1453"},{"taxonomy":"gyarto","embeddable":true,"href":"https:\/\/yournordichome.com\/cs\/wp-json\/wp\/v2\/gyarto?post=1453"}],"curies":[{"name":"wp","href":"https:\/\/api.w.org\/{rel}","templated":true}]}}