{"id":1452,"date":"2023-05-29T14:16:20","date_gmt":"2023-05-29T14:16:20","guid":{"rendered":"https:\/\/yournordichome.com\/product\/gray-metal-sidetable\/"},"modified":"2025-08-01T17:18:41","modified_gmt":"2025-08-01T17:18:41","slug":"sedy-kovovy-bocni-stolek","status":"publish","type":"product","link":"https:\/\/yournordichome.com\/cs\/product\/gray-metal-sidetable\/","title":{"rendered":"\u0160ed\u00fd kovov\u00fd bo\u010dn\u00ed stolek"},"content":{"rendered":"<p>Unik\u00e1tn\u00ed postrann\u00ed stolek z kovu s pr\u00e1\u0161kov\u00fdm n\u00e1st\u0159ikem.<\/p>\n<p>Velikost<br \/>\nV\u00fd\u0161ka: 38 cm<br \/>\nPr\u016fm\u011br: 43 cm<br \/>\nMateri\u00e1l: \u017delezo<br \/>\nBarva: \u0160ed\u00e1<br \/>\nMaxim\u00e1ln\u00ed nosnost: 10 kg<br \/>\nPokyny pro p\u00e9\u010di: Ot\u0159ete vlhk\u00fdm had\u0159\u00edkem.<br \/>\nMateri\u00e1l nohou: Kov<br \/>\nVenkovn\u00ed pou\u017eit\u00ed: Ne<br \/>\nPovrchov\u00e1 \u00faprava v\u00fdrobku: Pr\u00e1\u0161kov\u00e9 lakov\u00e1n\u00ed<\/p>","protected":false},"excerpt":{"rendered":"<p>Bo\u010dn\u00ed stolek s kruhovou deskou a \u00falo\u017en\u00fdm prostorem na \u010dasopisy nebo knihy pod n\u00ed. M\u00e1 zvl\u00e1\u0161tn\u00ed design a \u010dist\u00fd seversk\u00fd styl.<\/p>","protected":false},"featured_media":1421,"comment_status":"closed","ping_status":"closed","template":"","meta":{"_acf_changed":false,"_kad_post_transparent":"default","_kad_post_title":"","_kad_post_layout":"default","_kad_post_sidebar_id":"","_kad_post_content_style":"default","_kad_post_vertical_padding":"default","_kad_post_feature":"","_kad_post_feature_position":"","_kad_post_header":false,"_kad_post_footer":false,"_kad_post_classname":""},"pwb-brand":[17],"product_brand":[],"product_cat":[341,157],"product_tag":[34],"gyarto":[],"class_list":{"0":"post-1452","1":"product","2":"type-product","3":"status-publish","4":"has-post-thumbnail","6":"pwb-brand-bloomingville","7":"product_cat-side-table","8":"product_cat-table","9":"product_tag-nordic-interior-design","10":"pa_colour-grey","11":"pa_material-iron","13":"first","14":"instock","15":"taxable","16":"shipping-taxable","17":"purchasable","18":"product-type-simple","19":"entry","20":"content-bg","21":"loop-entry"},"acf":[],"brands":[{"id":17,"name":"Bloomingville","slug":"bloomingville"}],"_links":{"self":[{"href":"https:\/\/yournordichome.com\/cs\/wp-json\/wp\/v2\/product\/1452","targetHints":{"allow":["GET"]}}],"collection":[{"href":"https:\/\/yournordichome.com\/cs\/wp-json\/wp\/v2\/product"}],"about":[{"href":"https:\/\/yournordichome.com\/cs\/wp-json\/wp\/v2\/types\/product"}],"replies":[{"embeddable":true,"href":"https:\/\/yournordichome.com\/cs\/wp-json\/wp\/v2\/comments?post=1452"}],"wp:featuredmedia":[{"embeddable":true,"href":"https:\/\/yournordichome.com\/cs\/wp-json\/wp\/v2\/media\/1421"}],"wp:attachment":[{"href":"https:\/\/yournordichome.com\/cs\/wp-json\/wp\/v2\/media?parent=1452"}],"wp:term":[{"taxonomy":"pwb-brand","embeddable":true,"href":"https:\/\/yournordichome.com\/cs\/wp-json\/wp\/v2\/pwb-brand?post=1452"},{"taxonomy":"product_brand","embeddable":true,"href":"https:\/\/yournordichome.com\/cs\/wp-json\/wp\/v2\/product_brand?post=1452"},{"taxonomy":"product_cat","embeddable":true,"href":"https:\/\/yournordichome.com\/cs\/wp-json\/wp\/v2\/product_cat?post=1452"},{"taxonomy":"product_tag","embeddable":true,"href":"https:\/\/yournordichome.com\/cs\/wp-json\/wp\/v2\/product_tag?post=1452"},{"taxonomy":"gyarto","embeddable":true,"href":"https:\/\/yournordichome.com\/cs\/wp-json\/wp\/v2\/gyarto?post=1452"}],"curies":[{"name":"wp","href":"https:\/\/api.w.org\/{rel}","templated":true}]}}