{"id":1375,"date":"2023-05-29T12:43:00","date_gmt":"2023-05-29T12:43:00","guid":{"rendered":"https:\/\/yournordichome.com\/product\/basket-with-lion-face\/"},"modified":"2026-04-15T07:12:33","modified_gmt":"2026-04-15T07:12:33","slug":"kos-s-tvari-lva","status":"publish","type":"product","link":"https:\/\/yournordichome.com\/cs\/product\/basket-with-lion-face\/","title":{"rendered":"Ko\u0161\u00edk s tv\u00e1\u0159\u00ed lva"},"content":{"rendered":"<p>Ko\u0161\u00edk s tv\u00e1\u0159\u00ed lva do d\u011btsk\u00e9ho pokoje. Je ide\u00e1ln\u00ed pro ulo\u017een\u00ed v\u0161ech hra\u010dek a v\u011bc\u00ed. Je vyroben z tr\u00e1vy Bankuan, co\u017e je p\u0159\u00edrodn\u00ed materi\u00e1l. Jeho okouzluj\u00edc\u00ed dekorace z n\u011bj d\u011bl\u00e1 kouzelnou v\u00fdzdobu pokoje.<\/p>\n<p>Velikost<br \/>\nV\u00fd\u0161ka: 36 cm<br \/>\n\u0160\u00ed\u0159ka: 52 cm<br \/>\nD\u00e9lka: 32 cm<br \/>\nMateri\u00e1l: Materi\u00e1l: Ban\u00e1nov\u00e1 tr\u00e1va, \u017eelezo<br \/>\nBarva: p\u0159\u00edrodn\u00ed<\/p>","protected":false},"excerpt":{"rendered":"<p>\u00dalo\u017en\u00fd ko\u0161 do d\u011btsk\u00e9ho pokoje zdoben\u00fd roztomil\u00fdm lv\u00ed\u010dkem. Je vyroben z tr\u00e1vy Bankuan se zpevn\u011bn\u00fdmi boky, jedn\u00e1 se o odoln\u00fd, p\u0159\u00edrodn\u00ed kousek.<\/p>","protected":false},"featured_media":1313,"comment_status":"closed","ping_status":"closed","template":"","meta":{"_acf_changed":false,"_kad_post_transparent":"default","_kad_post_title":"","_kad_post_layout":"default","_kad_post_sidebar_id":"","_kad_post_content_style":"default","_kad_post_vertical_padding":"default","_kad_post_feature":"","_kad_post_feature_position":"","_kad_post_header":false,"_kad_post_footer":false,"_kad_post_classname":""},"pwb-brand":[17],"product_brand":[],"product_cat":[77,47],"product_tag":[148,34,187],"gyarto":[],"class_list":{"0":"post-1375","1":"product","2":"type-product","3":"status-publish","4":"has-post-thumbnail","6":"pwb-brand-bloomingville","7":"product_cat-childrens-furniture","8":"product_cat-kids","9":"product_tag-kids-room-storage","10":"product_tag-nordic-interior-design","11":"product_tag-storage-basket","12":"pa_colour-nature","13":"pa_material-bankuan-grass","14":"pa_material-iron","16":"first","17":"instock","18":"taxable","19":"shipping-taxable","20":"purchasable","21":"product-type-simple","22":"entry","23":"content-bg","24":"loop-entry"},"acf":[],"brands":[{"id":17,"name":"Bloomingville","slug":"bloomingville"}],"_links":{"self":[{"href":"https:\/\/yournordichome.com\/cs\/wp-json\/wp\/v2\/product\/1375","targetHints":{"allow":["GET"]}}],"collection":[{"href":"https:\/\/yournordichome.com\/cs\/wp-json\/wp\/v2\/product"}],"about":[{"href":"https:\/\/yournordichome.com\/cs\/wp-json\/wp\/v2\/types\/product"}],"replies":[{"embeddable":true,"href":"https:\/\/yournordichome.com\/cs\/wp-json\/wp\/v2\/comments?post=1375"}],"wp:featuredmedia":[{"embeddable":true,"href":"https:\/\/yournordichome.com\/cs\/wp-json\/wp\/v2\/media\/1313"}],"wp:attachment":[{"href":"https:\/\/yournordichome.com\/cs\/wp-json\/wp\/v2\/media?parent=1375"}],"wp:term":[{"taxonomy":"pwb-brand","embeddable":true,"href":"https:\/\/yournordichome.com\/cs\/wp-json\/wp\/v2\/pwb-brand?post=1375"},{"taxonomy":"product_brand","embeddable":true,"href":"https:\/\/yournordichome.com\/cs\/wp-json\/wp\/v2\/product_brand?post=1375"},{"taxonomy":"product_cat","embeddable":true,"href":"https:\/\/yournordichome.com\/cs\/wp-json\/wp\/v2\/product_cat?post=1375"},{"taxonomy":"product_tag","embeddable":true,"href":"https:\/\/yournordichome.com\/cs\/wp-json\/wp\/v2\/product_tag?post=1375"},{"taxonomy":"gyarto","embeddable":true,"href":"https:\/\/yournordichome.com\/cs\/wp-json\/wp\/v2\/gyarto?post=1375"}],"curies":[{"name":"wp","href":"https:\/\/api.w.org\/{rel}","templated":true}]}}